{"id":24262,"date":"2023-02-07T22:05:28","date_gmt":"2023-02-07T21:05:28","guid":{"rendered":"https:\/\/bss-streamingservice.de\/why-do-we-currently-only-ship-within-germany\/"},"modified":"2026-05-08T13:11:11","modified_gmt":"2026-05-08T11:11:11","slug":"why-do-we-currently-only-ship-within-germany","status":"publish","type":"page","link":"https:\/\/bss-streamingservice.de\/en\/why-do-we-currently-only-ship-within-germany\/","title":{"rendered":"Why do we currently only ship within Germany?"},"content":{"rendered":"\t\t<div data-elementor-type=\"wp-page\" data-elementor-id=\"24262\" class=\"elementor elementor-24262 elementor-13698\">\n\t\t\t\t\t\t<section class=\"elementor-section elementor-top-section elementor-element elementor-element-fb72212 elementor-section-boxed elementor-section-height-default elementor-section-height-default\" data-id=\"fb72212\" data-element_type=\"section\" data-e-type=\"section\">\n\t\t\t\t\t\t<div class=\"elementor-container elementor-column-gap-default\">\n\t\t\t\t\t<div class=\"elementor-column elementor-col-100 elementor-top-column elementor-element elementor-element-6f0ea82\" data-id=\"6f0ea82\" data-element_type=\"column\" data-e-type=\"column\">\n\t\t\t<div class=\"elementor-widget-wrap elementor-element-populated\">\n\t\t\t\t\t\t<div class=\"elementor-element elementor-element-96d2fba elementor-widget elementor-widget-heading\" data-id=\"96d2fba\" data-element_type=\"widget\" data-e-type=\"widget\" data-widget_type=\"heading.default\">\n\t\t\t\t<div class=\"elementor-widget-container\">\n\t\t\t\t\t<h2 class=\"elementor-heading-title elementor-size-default\">Why do we currently only ship within Germany?<\/h2>\t\t\t\t<\/div>\n\t\t\t\t<\/div>\n\t\t\t\t<div class=\"elementor-element elementor-element-c60b1fd elementor-widget elementor-widget-text-editor\" data-id=\"c60b1fd\" data-element_type=\"widget\" data-e-type=\"widget\" data-widget_type=\"text-editor.default\">\n\t\t\t\t<div class=\"elementor-widget-container\">\n\t\t\t\t\t\t\t\t\t<p style=\"font-weight: 400;\"><em>English and French version below<\/em><\/p><p style=\"font-weight: 400;\">Dear customers,<\/p><p style=\"font-weight: 400;\">Due to the high costs and the high administrative and bureaucratic effort in the area of the country-specific regulations of the European Electronic Equipment Act (WEEE), as well as the different packaging legislation, it is almost impossible for us as a small supplier to sell directly to you within the EU as well as to Great Britain or Switzerland.<\/p><p style=\"font-weight: 400;\">We would have to pass on these costs, which are very high for us, to far too small quantities per country, which in turn would make the price very unattractive for you. After all, you will then pay an excessive, <strong>disproportionately high proportion of fees<\/strong> for recycling and take-back in some EU countries. Unfortunately, there are no de minimis limits or adjusted flat rates for small quantities in the WEEE regulations.  <\/p><p style=\"font-weight: 400;\"><span style=\"font-style: inherit; color: var( --e-global-color-text ); font-family: var( --e-global-typography-text-font-family ), Sans-serif;\">This is unfortunately a very disappointing fact for us, because it makes it <\/span><strong style=\"font-style: inherit; color: var( --e-global-color-text ); font-family: var( --e-global-typography-text-font-family ), Sans-serif;\">almost impossible<\/strong><span style=\"font-style: inherit; color: var( --e-global-color-text ); font-family: var( --e-global-typography-text-font-family ), Sans-serif;\"> to<\/span><strong style=\"font-style: inherit; color: var( --e-global-color-text ); font-family: var( --e-global-typography-text-font-family ), Sans-serif;\"> open up a larger market<\/strong><span style=\"font-style: inherit; color: var( --e-global-color-text ); font-family: var( --e-global-typography-text-font-family ), Sans-serif;\"> and ultimately to reach an economically feasible size that allows the above-mentioned regulations to be sensibly mapped within the company.<\/span><\/p><p>We are currently looking for solutions to continue to supply you with our products throughout the EU, as well as in Switzerland and the UK.<\/p><p><span style=\"font-weight: 400;\"><strong>Currently, we can only do this if you can give us a delivery address within Germany.<\/strong> <\/span><\/p><p><span style=\"font-weight: 400;\">We deeply regret this state of affairs and it is difficult for us from the bottom of our hearts to have to limit ourselves in this form. <\/span>If you have any questions or comments in this regard, we would be very happy to hear from you. <a style=\"font-family: var( --e-global-typography-text-font-family ), Sans-serif; font-size: 1rem;\" href=\"https:\/\/bss-streamingservice.de\/en\/contact\/\" target=\"_blank\" rel=\"noopener\">Simply use our <b>contact form<\/b><\/a><\/p>\t\t\t\t\t\t\t\t<\/div>\n\t\t\t\t<\/div>\n\t\t\t\t<div class=\"elementor-element elementor-element-278b882 elementor-widget elementor-widget-heading\" data-id=\"278b882\" data-element_type=\"widget\" data-e-type=\"widget\" data-widget_type=\"heading.default\">\n\t\t\t\t<div class=\"elementor-widget-container\">\n\t\t\t\t\t<h2 class=\"elementor-heading-title elementor-size-default\">Why are we currently only shipping within Germany?<\/h2>\t\t\t\t<\/div>\n\t\t\t\t<\/div>\n\t\t\t\t<div class=\"elementor-element elementor-element-e5b55a6 elementor-widget elementor-widget-text-editor\" data-id=\"e5b55a6\" data-element_type=\"widget\" data-e-type=\"widget\" data-widget_type=\"text-editor.default\">\n\t\t\t\t<div class=\"elementor-widget-container\">\n\t\t\t\t\t\t\t\t\t<p>Dear customers,<\/p><p>Due to the high costs and the high administrative and bureaucratic effort in the area of country-specific regulations of the European Electronic Equipment Act (WEEE), as well as the different packaging legislation, it is made almost impossible for us as a small provider to ship directly to you within the EU as well as to Great Britain or the Switzerland for sale.<\/p><p>We would have to allocate these very high costs to much too small quantities per country, which in turn would make the price very unattractive for you. After all, in some EU countries you end up paying an exorbitant, disproportionately high share of recycling and take-back fees. Unfortunately, there are no de minimis limits or adjusted flat rates for small quantities in the WEEE regulations.  <\/p><p>Unfortunately, this is a very disappointing fact for us, because it makes it almost impossible to open up a larger market and ultimately to reach an economically viable size that allows the above-mentioned regulations to be meaningfully mapped internally.<\/p><p>We are currently looking for solutions to continue supplying you with our products throughout the EU, as well as in Switzerland and Great Britain.<\/p><p><strong>Currently we can only do this if you can give us a delivery address within Germany.<\/strong><\/p><p>We very much regret this situation and it is very difficult for us to have to limit ourselves in this way. If you have any questions or comments in this regard, we would be delighted to hear from you. <a href=\"https:\/\/bss-streamingservice.de\/en\/contact\/\">Simply use our <strong>contact form<\/strong>.<\/a><\/p>\t\t\t\t\t\t\t\t<\/div>\n\t\t\t\t<\/div>\n\t\t\t\t<div class=\"elementor-element elementor-element-f6ffbaa elementor-widget elementor-widget-heading\" data-id=\"f6ffbaa\" data-element_type=\"widget\" data-e-type=\"widget\" data-widget_type=\"heading.default\">\n\t\t\t\t<div class=\"elementor-widget-container\">\n\t\t\t\t\t<h2 class=\"elementor-heading-title elementor-size-default\">Pourquoi exp\u00e9dions-nous actuellement uniquement en Allemagne?<\/h2>\t\t\t\t<\/div>\n\t\t\t\t<\/div>\n\t\t\t\t<div class=\"elementor-element elementor-element-3e1785a elementor-widget elementor-widget-text-editor\" data-id=\"3e1785a\" data-element_type=\"widget\" data-e-type=\"widget\" data-widget_type=\"text-editor.default\">\n\t\t\t\t<div class=\"elementor-widget-container\">\n\t\t\t\t\t\t\t\t\t<p>Chers clients,<\/p><p>En raison des co\u00fbts \u00e9lev\u00e9s et de l&#8217;effort administratif et bureaucratique \u00e9lev\u00e9 dans le domaine des r\u00e9glementations nationales de la loi europ\u00e9enne sur les \u00e9quipements \u00e9lectroniques (DEEE), ainsi que des diff\u00e9rentes l\u00e9gislations sur les emballages, il nous est presque impossible en tant que petite fournisseur pour vous exp\u00e9dier directement au de l&#8217;UE ainsi qu&#8217;en Grande-Bretagne ou en Suisse pour la vente.<\/p><p>Nous serions oblig\u00e9s d&#8217;affecter ces co\u00fbts tr\u00e8s \u00e9lev\u00e9s \u00e0 des quantit\u00e9s beaucoup trop faibles par pays, ce qui rendrait le prix tr\u00e8s peu attractif pour vous. Apr\u00e8s tout, dans certains pays de l&#8217;UE, vous finissez par payer une part exorbitante et disproportionn\u00e9e des frais de recyclage et de reprise. Malheureusement, il n&#8217;y a pas de limites de minimis ou de taux forfaitaires ajust\u00e9s pour les petites quantit\u00e9s dans la r\u00e9glementation DEEE.  <\/p><p>Malheureusement, c&#8217;est un fait tr\u00e8s d\u00e9cevant pour nous, car il rend presque impossible l&#8217;ouverture d&#8217;un march\u00e9 plus vaste et, en fin de compte, l&#8217;atteinte d&#8217;une taille \u00e9conomiquement viable permettant de cartographier de mani\u00e8re significative les r\u00e9glementations susmentionn\u00e9es en interne.<\/p><p>Nous researches actuellement des solutions pour continuer \u00e0 vous fournir nos produits dans toute l&#8217;UE, ainsi qu&#8217;en Suisse et en Grande-Bretagne.<\/p><p><strong>Actuellement, nous ne pouvons le faire que si vous pouvez nous donner une adresse de livraison en Allemagne.<\/strong><\/p><p>Nous regrettons beaucoup cette situation et il nous est tr\u00e8s difficile de devoir nous limiter ainsi. Si vous avez des questions ou des commentaires \u00e0 ce sujet, nous serions ravis de vous entendre. <a href=\"https:\/\/bss-streamingservice.de\/en\/contact\/\">Utilisez simplement notre <strong>formulaire de contact.<\/strong><\/a> <\/p>\t\t\t\t\t\t\t\t<\/div>\n\t\t\t\t<\/div>\n\t\t\t\t\t<\/div>\n\t\t<\/div>\n\t\t\t\t\t<\/div>\n\t\t<\/section>\n\t\t\t\t<\/div>\n\t\t","protected":false},"excerpt":{"rendered":"<p>Why do we currently only ship within Germany? English and French version below Dear customers, Due to the high costs and the high administrative and bureaucratic effort in the area of the country-specific regulations of the European Electronic Equipment Act (WEEE), as well as the different packaging legislation, it is almost impossible for us as [&hellip;]<\/p>\n","protected":false},"author":1,"featured_media":0,"parent":0,"menu_order":0,"comment_status":"closed","ping_status":"closed","template":"","meta":{"_uag_custom_page_level_css":"","site-sidebar-layout":"no-sidebar","site-content-layout":"page-builder","ast-site-content-layout":"default","site-content-style":"default","site-sidebar-style":"default","ast-global-header-display":"","ast-banner-title-visibility":"","ast-main-header-display":"","ast-hfb-above-header-display":"","ast-hfb-below-header-display":"","ast-hfb-mobile-header-display":"","site-post-title":"disabled","ast-breadcrumbs-content":"disabled","ast-featured-img":"disabled","footer-sml-layout":"","ast-disable-related-posts":"","theme-transparent-header-meta":"","adv-header-id-meta":"","stick-header-meta":"","header-above-stick-meta":"","header-main-stick-meta":"","header-below-stick-meta":"","astra-migrate-meta-layouts":"default","ast-page-background-enabled":"default","ast-page-background-meta":{"desktop":{"background-color":"","background-image":"","background-repeat":"repeat","background-position":"center center","background-size":"auto","background-attachment":"scroll","background-type":"","background-media":"","overlay-type":"","overlay-color":"","overlay-opacity":"","overlay-gradient":""},"tablet":{"background-color":"","background-image":"","background-repeat":"repeat","background-position":"center center","background-size":"auto","background-attachment":"scroll","background-type":"","background-media":"","overlay-type":"","overlay-color":"","overlay-opacity":"","overlay-gradient":""},"mobile":{"background-color":"","background-image":"","background-repeat":"repeat","background-position":"center center","background-size":"auto","background-attachment":"scroll","background-type":"","background-media":"","overlay-type":"","overlay-color":"","overlay-opacity":"","overlay-gradient":""}},"ast-content-background-meta":{"desktop":{"background-color":"var(--ast-global-color-5)","background-image":"","background-repeat":"repeat","background-position":"center center","background-size":"auto","background-attachment":"scroll","background-type":"","background-media":"","overlay-type":"","overlay-color":"","overlay-opacity":"","overlay-gradient":""},"tablet":{"background-color":"var(--ast-global-color-5)","background-image":"","background-repeat":"repeat","background-position":"center center","background-size":"auto","background-attachment":"scroll","background-type":"","background-media":"","overlay-type":"","overlay-color":"","overlay-opacity":"","overlay-gradient":""},"mobile":{"background-color":"var(--ast-global-color-5)","background-image":"","background-repeat":"repeat","background-position":"center center","background-size":"auto","background-attachment":"scroll","background-type":"","background-media":"","overlay-type":"","overlay-color":"","overlay-opacity":"","overlay-gradient":""}},"footnotes":""},"class_list":["post-24262","page","type-page","status-publish","hentry"],"yoast_head":"<!-- This site is optimized with the Yoast SEO plugin v27.5 - https:\/\/yoast.com\/product\/yoast-seo-wordpress\/ -->\n<title>Why do we currently only ship within Germany? - BSS \u2013 Breitenb\u00fccher Streaming Service<\/title>\n<meta name=\"description\" content=\"Unfortunately, we can currently only deliver to you within Germany.\" \/>\n<meta name=\"robots\" content=\"index, follow, max-snippet:-1, max-image-preview:large, max-video-preview:-1\" \/>\n<link rel=\"canonical\" href=\"https:\/\/bss-streamingservice.de\/en\/why-do-we-currently-only-ship-within-germany\/\" \/>\n<meta property=\"og:locale\" content=\"en_US\" \/>\n<meta property=\"og:type\" content=\"article\" \/>\n<meta property=\"og:title\" content=\"Why do we currently only ship within Germany? - BSS \u2013 Breitenb\u00fccher Streaming Service\" \/>\n<meta property=\"og:description\" content=\"Unfortunately, we can currently only deliver to you within Germany.\" \/>\n<meta property=\"og:url\" content=\"https:\/\/bss-streamingservice.de\/en\/why-do-we-currently-only-ship-within-germany\/\" \/>\n<meta property=\"og:site_name\" content=\"BSS \u2013 Breitenb\u00fccher Streaming Service\" \/>\n<meta property=\"article:modified_time\" content=\"2026-05-08T11:11:11+00:00\" \/>\n<meta name=\"twitter:card\" content=\"summary_large_image\" \/>\n<meta name=\"twitter:label1\" content=\"Est. reading time\" \/>\n\t<meta name=\"twitter:data1\" content=\"4 minutes\" \/>\n<script type=\"application\/ld+json\" class=\"yoast-schema-graph\">{\"@context\":\"https:\\\/\\\/schema.org\",\"@graph\":[{\"@type\":\"WebPage\",\"@id\":\"https:\\\/\\\/bss-streamingservice.de\\\/en\\\/why-do-we-currently-only-ship-within-germany\\\/\",\"url\":\"https:\\\/\\\/bss-streamingservice.de\\\/en\\\/why-do-we-currently-only-ship-within-germany\\\/\",\"name\":\"Why do we currently only ship within Germany? - BSS \u2013 Breitenb\u00fccher Streaming Service\",\"isPartOf\":{\"@id\":\"https:\\\/\\\/bss-streamingservice.de\\\/en\\\/#website\"},\"datePublished\":\"2023-02-07T21:05:28+00:00\",\"dateModified\":\"2026-05-08T11:11:11+00:00\",\"description\":\"Unfortunately, we can currently only deliver to you within Germany.\",\"breadcrumb\":{\"@id\":\"https:\\\/\\\/bss-streamingservice.de\\\/en\\\/why-do-we-currently-only-ship-within-germany\\\/#breadcrumb\"},\"inLanguage\":\"en-US\",\"potentialAction\":[{\"@type\":\"ReadAction\",\"target\":[\"https:\\\/\\\/bss-streamingservice.de\\\/en\\\/why-do-we-currently-only-ship-within-germany\\\/\"]}]},{\"@type\":\"BreadcrumbList\",\"@id\":\"https:\\\/\\\/bss-streamingservice.de\\\/en\\\/why-do-we-currently-only-ship-within-germany\\\/#breadcrumb\",\"itemListElement\":[{\"@type\":\"ListItem\",\"position\":1,\"name\":\"Home\",\"item\":\"https:\\\/\\\/bss-streamingservice.de\\\/en\\\/homepage\\\/\"},{\"@type\":\"ListItem\",\"position\":2,\"name\":\"Why do we currently only ship within Germany?\"}]},{\"@type\":\"WebSite\",\"@id\":\"https:\\\/\\\/bss-streamingservice.de\\\/en\\\/#website\",\"url\":\"https:\\\/\\\/bss-streamingservice.de\\\/en\\\/\",\"name\":\"BSS \u2013 Breitenb\u00fccher Streaming Service\",\"description\":\"BSS - Live Streaming Service from Pl\u00fcderhausen near Stuttgart - scalable streaming solutions, video recordings and streaming products to suit your requirements.\",\"publisher\":{\"@id\":\"https:\\\/\\\/bss-streamingservice.de\\\/en\\\/#organization\"},\"potentialAction\":[{\"@type\":\"SearchAction\",\"target\":{\"@type\":\"EntryPoint\",\"urlTemplate\":\"https:\\\/\\\/bss-streamingservice.de\\\/en\\\/?s={search_term_string}\"},\"query-input\":{\"@type\":\"PropertyValueSpecification\",\"valueRequired\":true,\"valueName\":\"search_term_string\"}}],\"inLanguage\":\"en-US\"},{\"@type\":\"Organization\",\"@id\":\"https:\\\/\\\/bss-streamingservice.de\\\/en\\\/#organization\",\"name\":\"BSS \u2013 Breitenb\u00fccher Streaming Service\",\"url\":\"https:\\\/\\\/bss-streamingservice.de\\\/en\\\/\",\"logo\":{\"@type\":\"ImageObject\",\"inLanguage\":\"en-US\",\"@id\":\"https:\\\/\\\/bss-streamingservice.de\\\/en\\\/#\\\/schema\\\/logo\\\/image\\\/\",\"url\":\"https:\\\/\\\/bss-streamingservice.de\\\/wp-content\\\/uploads\\\/2021\\\/05\\\/Logo-BSS-weiss-farbiger-hintergrund.png\",\"contentUrl\":\"https:\\\/\\\/bss-streamingservice.de\\\/wp-content\\\/uploads\\\/2021\\\/05\\\/Logo-BSS-weiss-farbiger-hintergrund.png\",\"width\":779,\"height\":508,\"caption\":\"BSS \u2013 Breitenb\u00fccher Streaming Service\"},\"image\":{\"@id\":\"https:\\\/\\\/bss-streamingservice.de\\\/en\\\/#\\\/schema\\\/logo\\\/image\\\/\"}}]}<\/script>\n<!-- \/ Yoast SEO plugin. -->","yoast_head_json":{"title":"Why do we currently only ship within Germany? - BSS \u2013 Breitenb\u00fccher Streaming Service","description":"Unfortunately, we can currently only deliver to you within Germany.","robots":{"index":"index","follow":"follow","max-snippet":"max-snippet:-1","max-image-preview":"max-image-preview:large","max-video-preview":"max-video-preview:-1"},"canonical":"https:\/\/bss-streamingservice.de\/en\/why-do-we-currently-only-ship-within-germany\/","og_locale":"en_US","og_type":"article","og_title":"Why do we currently only ship within Germany? - BSS \u2013 Breitenb\u00fccher Streaming Service","og_description":"Unfortunately, we can currently only deliver to you within Germany.","og_url":"https:\/\/bss-streamingservice.de\/en\/why-do-we-currently-only-ship-within-germany\/","og_site_name":"BSS \u2013 Breitenb\u00fccher Streaming Service","article_modified_time":"2026-05-08T11:11:11+00:00","twitter_card":"summary_large_image","twitter_misc":{"Est. reading time":"4 minutes"},"schema":{"@context":"https:\/\/schema.org","@graph":[{"@type":"WebPage","@id":"https:\/\/bss-streamingservice.de\/en\/why-do-we-currently-only-ship-within-germany\/","url":"https:\/\/bss-streamingservice.de\/en\/why-do-we-currently-only-ship-within-germany\/","name":"Why do we currently only ship within Germany? - BSS \u2013 Breitenb\u00fccher Streaming Service","isPartOf":{"@id":"https:\/\/bss-streamingservice.de\/en\/#website"},"datePublished":"2023-02-07T21:05:28+00:00","dateModified":"2026-05-08T11:11:11+00:00","description":"Unfortunately, we can currently only deliver to you within Germany.","breadcrumb":{"@id":"https:\/\/bss-streamingservice.de\/en\/why-do-we-currently-only-ship-within-germany\/#breadcrumb"},"inLanguage":"en-US","potentialAction":[{"@type":"ReadAction","target":["https:\/\/bss-streamingservice.de\/en\/why-do-we-currently-only-ship-within-germany\/"]}]},{"@type":"BreadcrumbList","@id":"https:\/\/bss-streamingservice.de\/en\/why-do-we-currently-only-ship-within-germany\/#breadcrumb","itemListElement":[{"@type":"ListItem","position":1,"name":"Home","item":"https:\/\/bss-streamingservice.de\/en\/homepage\/"},{"@type":"ListItem","position":2,"name":"Why do we currently only ship within Germany?"}]},{"@type":"WebSite","@id":"https:\/\/bss-streamingservice.de\/en\/#website","url":"https:\/\/bss-streamingservice.de\/en\/","name":"BSS \u2013 Breitenb\u00fccher Streaming Service","description":"BSS - Live Streaming Service from Pl\u00fcderhausen near Stuttgart - scalable streaming solutions, video recordings and streaming products to suit your requirements.","publisher":{"@id":"https:\/\/bss-streamingservice.de\/en\/#organization"},"potentialAction":[{"@type":"SearchAction","target":{"@type":"EntryPoint","urlTemplate":"https:\/\/bss-streamingservice.de\/en\/?s={search_term_string}"},"query-input":{"@type":"PropertyValueSpecification","valueRequired":true,"valueName":"search_term_string"}}],"inLanguage":"en-US"},{"@type":"Organization","@id":"https:\/\/bss-streamingservice.de\/en\/#organization","name":"BSS \u2013 Breitenb\u00fccher Streaming Service","url":"https:\/\/bss-streamingservice.de\/en\/","logo":{"@type":"ImageObject","inLanguage":"en-US","@id":"https:\/\/bss-streamingservice.de\/en\/#\/schema\/logo\/image\/","url":"https:\/\/bss-streamingservice.de\/wp-content\/uploads\/2021\/05\/Logo-BSS-weiss-farbiger-hintergrund.png","contentUrl":"https:\/\/bss-streamingservice.de\/wp-content\/uploads\/2021\/05\/Logo-BSS-weiss-farbiger-hintergrund.png","width":779,"height":508,"caption":"BSS \u2013 Breitenb\u00fccher Streaming Service"},"image":{"@id":"https:\/\/bss-streamingservice.de\/en\/#\/schema\/logo\/image\/"}}]}},"uagb_featured_image_src":{"full":false,"thumbnail":false,"medium":false,"medium_large":false,"large":false,"1536x1536":false,"2048x2048":false,"woocommerce_thumbnail":false,"woocommerce_single":false,"woocommerce_gallery_thumbnail":false},"uagb_author_info":{"display_name":"admin","author_link":"https:\/\/bss-streamingservice.de\/en\/author\/admin\/"},"uagb_comment_info":0,"uagb_excerpt":"Why do we currently only ship within Germany? English and French version below Dear customers, Due to the high costs and the high administrative and bureaucratic effort in the area of the country-specific regulations of the European Electronic Equipment Act (WEEE), as well as the different packaging legislation, it is almost impossible for us as&hellip;","_links":{"self":[{"href":"https:\/\/bss-streamingservice.de\/en\/wp-json\/wp\/v2\/pages\/24262","targetHints":{"allow":["GET"]}}],"collection":[{"href":"https:\/\/bss-streamingservice.de\/en\/wp-json\/wp\/v2\/pages"}],"about":[{"href":"https:\/\/bss-streamingservice.de\/en\/wp-json\/wp\/v2\/types\/page"}],"author":[{"embeddable":true,"href":"https:\/\/bss-streamingservice.de\/en\/wp-json\/wp\/v2\/users\/1"}],"replies":[{"embeddable":true,"href":"https:\/\/bss-streamingservice.de\/en\/wp-json\/wp\/v2\/comments?post=24262"}],"version-history":[{"count":1,"href":"https:\/\/bss-streamingservice.de\/en\/wp-json\/wp\/v2\/pages\/24262\/revisions"}],"predecessor-version":[{"id":24263,"href":"https:\/\/bss-streamingservice.de\/en\/wp-json\/wp\/v2\/pages\/24262\/revisions\/24263"}],"wp:attachment":[{"href":"https:\/\/bss-streamingservice.de\/en\/wp-json\/wp\/v2\/media?parent=24262"}],"curies":[{"name":"wp","href":"https:\/\/api.w.org\/{rel}","templated":true}]}}