{"id":17303,"date":"2021-05-18T07:08:13","date_gmt":"2021-05-18T05:08:13","guid":{"rendered":"https:\/\/bss-streamingservice.de\/livraison\/"},"modified":"2023-12-22T12:14:23","modified_gmt":"2023-12-22T11:14:23","slug":"livraison","status":"publish","type":"page","link":"https:\/\/bss-streamingservice.de\/fr\/livraison\/","title":{"rendered":"Livraison"},"content":{"rendered":"\t\t<div data-elementor-type=\"wp-page\" data-elementor-id=\"17303\" class=\"elementor elementor-17303 elementor-930\">\n\t\t\t\t\t\t<section class=\"elementor-section elementor-top-section elementor-element elementor-element-83818fa elementor-section-height-min-height elementor-section-boxed elementor-section-height-default elementor-section-items-middle\" data-id=\"83818fa\" data-element_type=\"section\" data-e-type=\"section\" data-settings=\"{&quot;background_background&quot;:&quot;classic&quot;}\">\n\t\t\t\t\t\t<div class=\"elementor-container elementor-column-gap-default\">\n\t\t\t\t\t<div class=\"elementor-column elementor-col-100 elementor-top-column elementor-element elementor-element-9851a41\" data-id=\"9851a41\" data-element_type=\"column\" data-e-type=\"column\">\n\t\t\t<div class=\"elementor-widget-wrap elementor-element-populated\">\n\t\t\t\t\t\t<div class=\"elementor-element elementor-element-9eb630c elementor-widget elementor-widget-heading\" data-id=\"9eb630c\" data-element_type=\"widget\" data-e-type=\"widget\" data-widget_type=\"heading.default\">\n\t\t\t\t<div class=\"elementor-widget-container\">\n\t\t\t\t\t<h1 class=\"elementor-heading-title elementor-size-default\"><img decoding=\"async\" src=\"https:\/\/bss-streamingservice.de\/wp-content\/uploads\/2021\/03\/bss-roter-punkt.png\" alt=\"Point rouge\" width=\"13px\" height=\"13px\" style=\"padding-bottom:9px;margin-right:9px\">Livraison<\/h1>\t\t\t\t<\/div>\n\t\t\t\t<\/div>\n\t\t\t\t\t<\/div>\n\t\t<\/div>\n\t\t\t\t\t<\/div>\n\t\t<\/section>\n\t\t\t\t<section class=\"elementor-section elementor-top-section elementor-element elementor-element-dfea3bf elementor-section-full_width elementor-section-height-default elementor-section-height-default\" data-id=\"dfea3bf\" data-element_type=\"section\" data-e-type=\"section\" data-settings=\"{&quot;background_background&quot;:&quot;classic&quot;}\">\n\t\t\t\t\t\t<div class=\"elementor-container elementor-column-gap-default\">\n\t\t\t\t\t<div class=\"elementor-column elementor-col-100 elementor-top-column elementor-element elementor-element-3bf9ab7\" data-id=\"3bf9ab7\" data-element_type=\"column\" data-e-type=\"column\">\n\t\t\t<div class=\"elementor-widget-wrap elementor-element-populated\">\n\t\t\t\t\t\t<section class=\"elementor-section elementor-inner-section elementor-element elementor-element-96cdb58 elementor-section-boxed elementor-section-height-default elementor-section-height-default\" data-id=\"96cdb58\" data-element_type=\"section\" data-e-type=\"section\">\n\t\t\t\t\t\t<div class=\"elementor-container elementor-column-gap-default\">\n\t\t\t\t\t<div class=\"elementor-column elementor-col-100 elementor-inner-column elementor-element elementor-element-05e6722\" data-id=\"05e6722\" data-element_type=\"column\" data-e-type=\"column\">\n\t\t\t<div class=\"elementor-widget-wrap elementor-element-populated\">\n\t\t\t\t\t\t<div class=\"elementor-element elementor-element-6fc40df elementor-widget elementor-widget-heading\" data-id=\"6fc40df\" data-element_type=\"widget\" data-e-type=\"widget\" data-widget_type=\"heading.default\">\n\t\t\t\t<div class=\"elementor-widget-container\">\n\t\t\t\t\t<h2 class=\"elementor-heading-title elementor-size-default\">D\u00e9lais de livraison BSS<\/h2>\t\t\t\t<\/div>\n\t\t\t\t<\/div>\n\t\t\t\t<div class=\"elementor-element elementor-element-2447169 elementor-widget elementor-widget-text-editor\" data-id=\"2447169\" data-element_type=\"widget\" data-e-type=\"widget\" data-widget_type=\"text-editor.default\">\n\t\t\t\t<div class=\"elementor-widget-container\">\n\t\t\t\t\t\t\t\t\t<div data-canvas-width=\"567.4399999999998\">\n<div data-canvas-width=\"579.9039999999999\">\n<div data-canvas-width=\"567.4399999999998\">\n<p class=\"p1\">Merci beaucoup pour votre d\u00e9cision d\u2019acheter un bo\u00eetier BSS.<\/p>\n<p class=\"p1\">Nous sommes une petite manufacture qui d\u00e9veloppe des produits pour le streaming en direct et des composants pour le mat\u00e9riel vid\u00e9o et les accessoires \u00e0 partir de l\u2019exp\u00e9rience de la pratique pour la pratique.<\/p>\n<p class=\"p1\">Nous nous effor\u00e7ons toujours de veiller \u00e0 ce que nos produits soient de haute qualit\u00e9 et, gr\u00e2ce \u00e0 leur durabilit\u00e9, r\u00e9pondent aux exigences de l\u2019application. De plus, nous recherchons le chemin optimal entre la demande et les co\u00fbts. C\u2019est pourquoi vous pouvez choisir la conception technique adapt\u00e9e \u00e0 votre application.<\/p>\n<p class=\"p1\">C\u2019est pourquoi nous commen\u00e7ons \u00e0 construire votre dossier BSS individuel imm\u00e9diatement apr\u00e8s r\u00e9ception du paiement. Le d\u00e9lai de livraison peut aller jusqu\u2019\u00e0 environ 10 jours ouvrables, en fonction de la disponibilit\u00e9 des composants. S\u2019il y a des retards, nous vous en informerons imm\u00e9diatement.<\/p>\n<p class=\"p1\">Nous vous remercions pour vos commentaires concernant le cas d\u2019utilisation, l\u2019am\u00e9lioration des souhaits pour nos produits.<\/p>\n<\/div>\n<\/div>\n<\/div>\n\t\t\t\t\t\t\t\t<\/div>\n\t\t\t\t<\/div>\n\t\t\t\t\t<\/div>\n\t\t<\/div>\n\t\t\t\t\t<\/div>\n\t\t<\/section>\n\t\t\t\t\t<\/div>\n\t\t<\/div>\n\t\t\t\t\t<\/div>\n\t\t<\/section>\n\t\t\t\t<\/div>\n\t\t","protected":false},"excerpt":{"rendered":"<p>Livraison D\u00e9lais de livraison BSS Merci beaucoup pour votre d\u00e9cision d\u2019acheter un bo\u00eetier BSS. Nous sommes une petite manufacture qui d\u00e9veloppe des produits pour le streaming en direct et des composants pour le mat\u00e9riel vid\u00e9o et les accessoires \u00e0 partir de l\u2019exp\u00e9rience de la pratique pour la pratique. Nous nous effor\u00e7ons toujours de veiller \u00e0 [&hellip;]<\/p>\n","protected":false},"author":1,"featured_media":16846,"parent":0,"menu_order":0,"comment_status":"closed","ping_status":"closed","template":"","meta":{"_uag_custom_page_level_css":"","site-sidebar-layout":"no-sidebar","site-content-layout":"page-builder","ast-site-content-layout":"default","site-content-style":"default","site-sidebar-style":"default","ast-global-header-display":"","ast-banner-title-visibility":"","ast-main-header-display":"","ast-hfb-above-header-display":"","ast-hfb-below-header-display":"","ast-hfb-mobile-header-display":"","site-post-title":"disabled","ast-breadcrumbs-content":"disabled","ast-featured-img":"disabled","footer-sml-layout":"","ast-disable-related-posts":"","theme-transparent-header-meta":"default","adv-header-id-meta":"","stick-header-meta":"default","header-above-stick-meta":"","header-main-stick-meta":"","header-below-stick-meta":"","astra-migrate-meta-layouts":"default","ast-page-background-enabled":"default","ast-page-background-meta":{"desktop":{"background-color":"","background-image":"","background-repeat":"repeat","background-position":"center center","background-size":"auto","background-attachment":"scroll","background-type":"","background-media":"","overlay-type":"","overlay-color":"","overlay-opacity":"","overlay-gradient":""},"tablet":{"background-color":"","background-image":"","background-repeat":"repeat","background-position":"center center","background-size":"auto","background-attachment":"scroll","background-type":"","background-media":"","overlay-type":"","overlay-color":"","overlay-opacity":"","overlay-gradient":""},"mobile":{"background-color":"","background-image":"","background-repeat":"repeat","background-position":"center center","background-size":"auto","background-attachment":"scroll","background-type":"","background-media":"","overlay-type":"","overlay-color":"","overlay-opacity":"","overlay-gradient":""}},"ast-content-background-meta":{"desktop":{"background-color":"var(--ast-global-color-5)","background-image":"","background-repeat":"repeat","background-position":"center center","background-size":"auto","background-attachment":"scroll","background-type":"","background-media":"","overlay-type":"","overlay-color":"","overlay-opacity":"","overlay-gradient":""},"tablet":{"background-color":"var(--ast-global-color-5)","background-image":"","background-repeat":"repeat","background-position":"center center","background-size":"auto","background-attachment":"scroll","background-type":"","background-media":"","overlay-type":"","overlay-color":"","overlay-opacity":"","overlay-gradient":""},"mobile":{"background-color":"var(--ast-global-color-5)","background-image":"","background-repeat":"repeat","background-position":"center center","background-size":"auto","background-attachment":"scroll","background-type":"","background-media":"","overlay-type":"","overlay-color":"","overlay-opacity":"","overlay-gradient":""}},"footnotes":""},"class_list":["post-17303","page","type-page","status-publish","has-post-thumbnail","hentry"],"yoast_head":"<!-- This site is optimized with the Yoast SEO plugin v27.3 - https:\/\/yoast.com\/product\/yoast-seo-wordpress\/ -->\n<title>Livraison - Bo\u00eetier pour ATEM Mini<\/title>\n<meta name=\"description\" content=\"Le d\u00e9lai de livraison du bo\u00eetier pour ATEM Mini peut aller jusqu\u2019\u00e0 environ 10 jours ouvrables, en fonction de la disponibilit\u00e9 des composants.\" \/>\n<meta name=\"robots\" content=\"index, follow, max-snippet:-1, max-image-preview:large, max-video-preview:-1\" \/>\n<link rel=\"canonical\" href=\"https:\/\/bss-streamingservice.de\/fr\/livraison\/\" \/>\n<meta property=\"og:locale\" content=\"fr_FR\" \/>\n<meta property=\"og:type\" content=\"article\" \/>\n<meta property=\"og:title\" content=\"Livraison - Bo\u00eetier pour ATEM Mini\" \/>\n<meta property=\"og:description\" content=\"Le d\u00e9lai de livraison du bo\u00eetier pour ATEM Mini peut aller jusqu\u2019\u00e0 environ 10 jours ouvrables, en fonction de la disponibilit\u00e9 des composants.\" \/>\n<meta property=\"og:url\" content=\"https:\/\/bss-streamingservice.de\/fr\/livraison\/\" \/>\n<meta property=\"og:site_name\" content=\"BSS \u2013 Breitenb\u00fccher Streaming Service\" \/>\n<meta property=\"article:modified_time\" content=\"2023-12-22T11:14:23+00:00\" \/>\n<meta property=\"og:image\" content=\"https:\/\/bss-streamingservice.de\/wp-content\/uploads\/2021\/06\/BSS-Case-fuer-ATEM-Mini-aufgeklappt-schraeg-on-III-klein.png\" \/>\n\t<meta property=\"og:image:width\" content=\"463\" \/>\n\t<meta property=\"og:image:height\" content=\"462\" \/>\n\t<meta property=\"og:image:type\" content=\"image\/png\" \/>\n<meta name=\"twitter:card\" content=\"summary_large_image\" \/>\n<meta name=\"twitter:label1\" content=\"Dur\u00e9e de lecture estim\u00e9e\" \/>\n\t<meta name=\"twitter:data1\" content=\"1 minute\" \/>\n<script type=\"application\/ld+json\" class=\"yoast-schema-graph\">{\"@context\":\"https:\\\/\\\/schema.org\",\"@graph\":[{\"@type\":\"WebPage\",\"@id\":\"https:\\\/\\\/bss-streamingservice.de\\\/fr\\\/livraison\\\/\",\"url\":\"https:\\\/\\\/bss-streamingservice.de\\\/fr\\\/livraison\\\/\",\"name\":\"Livraison - Bo\u00eetier pour ATEM Mini\",\"isPartOf\":{\"@id\":\"https:\\\/\\\/bss-streamingservice.de\\\/fr\\\/#website\"},\"primaryImageOfPage\":{\"@id\":\"https:\\\/\\\/bss-streamingservice.de\\\/fr\\\/livraison\\\/#primaryimage\"},\"image\":{\"@id\":\"https:\\\/\\\/bss-streamingservice.de\\\/fr\\\/livraison\\\/#primaryimage\"},\"thumbnailUrl\":\"https:\\\/\\\/bss-streamingservice.de\\\/wp-content\\\/uploads\\\/2021\\\/06\\\/BSS-Case-fuer-ATEM-Mini-aufgeklappt-schraeg-on-III-klein.png\",\"datePublished\":\"2021-05-18T05:08:13+00:00\",\"dateModified\":\"2023-12-22T11:14:23+00:00\",\"description\":\"Le d\u00e9lai de livraison du bo\u00eetier pour ATEM Mini peut aller jusqu\u2019\u00e0 environ 10 jours ouvrables, en fonction de la disponibilit\u00e9 des composants.\",\"breadcrumb\":{\"@id\":\"https:\\\/\\\/bss-streamingservice.de\\\/fr\\\/livraison\\\/#breadcrumb\"},\"inLanguage\":\"fr-FR\",\"potentialAction\":[{\"@type\":\"ReadAction\",\"target\":[\"https:\\\/\\\/bss-streamingservice.de\\\/fr\\\/livraison\\\/\"]}]},{\"@type\":\"ImageObject\",\"inLanguage\":\"fr-FR\",\"@id\":\"https:\\\/\\\/bss-streamingservice.de\\\/fr\\\/livraison\\\/#primaryimage\",\"url\":\"https:\\\/\\\/bss-streamingservice.de\\\/wp-content\\\/uploads\\\/2021\\\/06\\\/BSS-Case-fuer-ATEM-Mini-aufgeklappt-schraeg-on-III-klein.png\",\"contentUrl\":\"https:\\\/\\\/bss-streamingservice.de\\\/wp-content\\\/uploads\\\/2021\\\/06\\\/BSS-Case-fuer-ATEM-Mini-aufgeklappt-schraeg-on-III-klein.png\",\"width\":463,\"height\":462,\"caption\":\"Le bo\u00eetier BSS pour l\u2019ATEM Mini est un forfait transportable et insouciant pour tous ceux qui font du streaming en direct. Avec son \u00e9cran int\u00e9gr\u00e9 de 10\\\" ainsi que son alimentation, un ventilateur et d\u2019autres options, il peut \u00eatre mis en service rapidement et facilement sur place.\"},{\"@type\":\"BreadcrumbList\",\"@id\":\"https:\\\/\\\/bss-streamingservice.de\\\/fr\\\/livraison\\\/#breadcrumb\",\"itemListElement\":[{\"@type\":\"ListItem\",\"position\":1,\"name\":\"Startseite\",\"item\":\"https:\\\/\\\/bss-streamingservice.de\\\/fr\\\/page-daccueil\\\/\"},{\"@type\":\"ListItem\",\"position\":2,\"name\":\"Livraison\"}]},{\"@type\":\"WebSite\",\"@id\":\"https:\\\/\\\/bss-streamingservice.de\\\/fr\\\/#website\",\"url\":\"https:\\\/\\\/bss-streamingservice.de\\\/fr\\\/\",\"name\":\"BSS \u2013 Breitenb\u00fccher Streaming Service\",\"description\":\"BSS - Live Streaming Service de Pl\u00fcderhausen pr\u00e8s de Stuttgart, Allemagne, - solutions de streaming \u00e9volutives, enregistrements vid\u00e9o et produits de streaming adapt\u00e9s \u00e0 vos besoins.\",\"publisher\":{\"@id\":\"https:\\\/\\\/bss-streamingservice.de\\\/fr\\\/#organization\"},\"potentialAction\":[{\"@type\":\"SearchAction\",\"target\":{\"@type\":\"EntryPoint\",\"urlTemplate\":\"https:\\\/\\\/bss-streamingservice.de\\\/fr\\\/?s={search_term_string}\"},\"query-input\":{\"@type\":\"PropertyValueSpecification\",\"valueRequired\":true,\"valueName\":\"search_term_string\"}}],\"inLanguage\":\"fr-FR\"},{\"@type\":\"Organization\",\"@id\":\"https:\\\/\\\/bss-streamingservice.de\\\/fr\\\/#organization\",\"name\":\"BSS \u2013 Breitenb\u00fccher Streaming Service\",\"url\":\"https:\\\/\\\/bss-streamingservice.de\\\/fr\\\/\",\"logo\":{\"@type\":\"ImageObject\",\"inLanguage\":\"fr-FR\",\"@id\":\"https:\\\/\\\/bss-streamingservice.de\\\/fr\\\/#\\\/schema\\\/logo\\\/image\\\/\",\"url\":\"https:\\\/\\\/bss-streamingservice.de\\\/wp-content\\\/uploads\\\/2021\\\/05\\\/Logo-BSS-weiss-farbiger-hintergrund.png\",\"contentUrl\":\"https:\\\/\\\/bss-streamingservice.de\\\/wp-content\\\/uploads\\\/2021\\\/05\\\/Logo-BSS-weiss-farbiger-hintergrund.png\",\"width\":779,\"height\":508,\"caption\":\"BSS \u2013 Breitenb\u00fccher Streaming Service\"},\"image\":{\"@id\":\"https:\\\/\\\/bss-streamingservice.de\\\/fr\\\/#\\\/schema\\\/logo\\\/image\\\/\"}}]}<\/script>\n<!-- \/ Yoast SEO plugin. -->","yoast_head_json":{"title":"Livraison - Bo\u00eetier pour ATEM Mini","description":"Le d\u00e9lai de livraison du bo\u00eetier pour ATEM Mini peut aller jusqu\u2019\u00e0 environ 10 jours ouvrables, en fonction de la disponibilit\u00e9 des composants.","robots":{"index":"index","follow":"follow","max-snippet":"max-snippet:-1","max-image-preview":"max-image-preview:large","max-video-preview":"max-video-preview:-1"},"canonical":"https:\/\/bss-streamingservice.de\/fr\/livraison\/","og_locale":"fr_FR","og_type":"article","og_title":"Livraison - Bo\u00eetier pour ATEM Mini","og_description":"Le d\u00e9lai de livraison du bo\u00eetier pour ATEM Mini peut aller jusqu\u2019\u00e0 environ 10 jours ouvrables, en fonction de la disponibilit\u00e9 des composants.","og_url":"https:\/\/bss-streamingservice.de\/fr\/livraison\/","og_site_name":"BSS \u2013 Breitenb\u00fccher Streaming Service","article_modified_time":"2023-12-22T11:14:23+00:00","og_image":[{"width":463,"height":462,"url":"https:\/\/bss-streamingservice.de\/wp-content\/uploads\/2021\/06\/BSS-Case-fuer-ATEM-Mini-aufgeklappt-schraeg-on-III-klein.png","type":"image\/png"}],"twitter_card":"summary_large_image","twitter_misc":{"Dur\u00e9e de lecture estim\u00e9e":"1 minute"},"schema":{"@context":"https:\/\/schema.org","@graph":[{"@type":"WebPage","@id":"https:\/\/bss-streamingservice.de\/fr\/livraison\/","url":"https:\/\/bss-streamingservice.de\/fr\/livraison\/","name":"Livraison - Bo\u00eetier pour ATEM Mini","isPartOf":{"@id":"https:\/\/bss-streamingservice.de\/fr\/#website"},"primaryImageOfPage":{"@id":"https:\/\/bss-streamingservice.de\/fr\/livraison\/#primaryimage"},"image":{"@id":"https:\/\/bss-streamingservice.de\/fr\/livraison\/#primaryimage"},"thumbnailUrl":"https:\/\/bss-streamingservice.de\/wp-content\/uploads\/2021\/06\/BSS-Case-fuer-ATEM-Mini-aufgeklappt-schraeg-on-III-klein.png","datePublished":"2021-05-18T05:08:13+00:00","dateModified":"2023-12-22T11:14:23+00:00","description":"Le d\u00e9lai de livraison du bo\u00eetier pour ATEM Mini peut aller jusqu\u2019\u00e0 environ 10 jours ouvrables, en fonction de la disponibilit\u00e9 des composants.","breadcrumb":{"@id":"https:\/\/bss-streamingservice.de\/fr\/livraison\/#breadcrumb"},"inLanguage":"fr-FR","potentialAction":[{"@type":"ReadAction","target":["https:\/\/bss-streamingservice.de\/fr\/livraison\/"]}]},{"@type":"ImageObject","inLanguage":"fr-FR","@id":"https:\/\/bss-streamingservice.de\/fr\/livraison\/#primaryimage","url":"https:\/\/bss-streamingservice.de\/wp-content\/uploads\/2021\/06\/BSS-Case-fuer-ATEM-Mini-aufgeklappt-schraeg-on-III-klein.png","contentUrl":"https:\/\/bss-streamingservice.de\/wp-content\/uploads\/2021\/06\/BSS-Case-fuer-ATEM-Mini-aufgeklappt-schraeg-on-III-klein.png","width":463,"height":462,"caption":"Le bo\u00eetier BSS pour l\u2019ATEM Mini est un forfait transportable et insouciant pour tous ceux qui font du streaming en direct. Avec son \u00e9cran int\u00e9gr\u00e9 de 10\" ainsi que son alimentation, un ventilateur et d\u2019autres options, il peut \u00eatre mis en service rapidement et facilement sur place."},{"@type":"BreadcrumbList","@id":"https:\/\/bss-streamingservice.de\/fr\/livraison\/#breadcrumb","itemListElement":[{"@type":"ListItem","position":1,"name":"Startseite","item":"https:\/\/bss-streamingservice.de\/fr\/page-daccueil\/"},{"@type":"ListItem","position":2,"name":"Livraison"}]},{"@type":"WebSite","@id":"https:\/\/bss-streamingservice.de\/fr\/#website","url":"https:\/\/bss-streamingservice.de\/fr\/","name":"BSS \u2013 Breitenb\u00fccher Streaming Service","description":"BSS - Live Streaming Service de Pl\u00fcderhausen pr\u00e8s de Stuttgart, Allemagne, - solutions de streaming \u00e9volutives, enregistrements vid\u00e9o et produits de streaming adapt\u00e9s \u00e0 vos besoins.","publisher":{"@id":"https:\/\/bss-streamingservice.de\/fr\/#organization"},"potentialAction":[{"@type":"SearchAction","target":{"@type":"EntryPoint","urlTemplate":"https:\/\/bss-streamingservice.de\/fr\/?s={search_term_string}"},"query-input":{"@type":"PropertyValueSpecification","valueRequired":true,"valueName":"search_term_string"}}],"inLanguage":"fr-FR"},{"@type":"Organization","@id":"https:\/\/bss-streamingservice.de\/fr\/#organization","name":"BSS \u2013 Breitenb\u00fccher Streaming Service","url":"https:\/\/bss-streamingservice.de\/fr\/","logo":{"@type":"ImageObject","inLanguage":"fr-FR","@id":"https:\/\/bss-streamingservice.de\/fr\/#\/schema\/logo\/image\/","url":"https:\/\/bss-streamingservice.de\/wp-content\/uploads\/2021\/05\/Logo-BSS-weiss-farbiger-hintergrund.png","contentUrl":"https:\/\/bss-streamingservice.de\/wp-content\/uploads\/2021\/05\/Logo-BSS-weiss-farbiger-hintergrund.png","width":779,"height":508,"caption":"BSS \u2013 Breitenb\u00fccher Streaming Service"},"image":{"@id":"https:\/\/bss-streamingservice.de\/fr\/#\/schema\/logo\/image\/"}}]}},"uagb_featured_image_src":{"full":["https:\/\/bss-streamingservice.de\/wp-content\/uploads\/2021\/06\/BSS-Case-fuer-ATEM-Mini-aufgeklappt-schraeg-on-III-klein.png",463,462,false],"thumbnail":["https:\/\/bss-streamingservice.de\/wp-content\/uploads\/2021\/06\/BSS-Case-fuer-ATEM-Mini-aufgeklappt-schraeg-on-III-klein-150x150.png",150,150,true],"medium":["https:\/\/bss-streamingservice.de\/wp-content\/uploads\/2021\/06\/BSS-Case-fuer-ATEM-Mini-aufgeklappt-schraeg-on-III-klein-300x300.png",300,300,true],"medium_large":["https:\/\/bss-streamingservice.de\/wp-content\/uploads\/2021\/06\/BSS-Case-fuer-ATEM-Mini-aufgeklappt-schraeg-on-III-klein.png",463,462,false],"large":["https:\/\/bss-streamingservice.de\/wp-content\/uploads\/2021\/06\/BSS-Case-fuer-ATEM-Mini-aufgeklappt-schraeg-on-III-klein.png",463,462,false],"1536x1536":["https:\/\/bss-streamingservice.de\/wp-content\/uploads\/2021\/06\/BSS-Case-fuer-ATEM-Mini-aufgeklappt-schraeg-on-III-klein.png",463,462,false],"2048x2048":["https:\/\/bss-streamingservice.de\/wp-content\/uploads\/2021\/06\/BSS-Case-fuer-ATEM-Mini-aufgeklappt-schraeg-on-III-klein.png",463,462,false],"woocommerce_thumbnail":["https:\/\/bss-streamingservice.de\/wp-content\/uploads\/2021\/06\/BSS-Case-fuer-ATEM-Mini-aufgeklappt-schraeg-on-III-klein-300x300.png",300,300,true],"woocommerce_single":["https:\/\/bss-streamingservice.de\/wp-content\/uploads\/2021\/06\/BSS-Case-fuer-ATEM-Mini-aufgeklappt-schraeg-on-III-klein.png",463,462,false],"woocommerce_gallery_thumbnail":["https:\/\/bss-streamingservice.de\/wp-content\/uploads\/2021\/06\/BSS-Case-fuer-ATEM-Mini-aufgeklappt-schraeg-on-III-klein-100x100.png",100,100,true]},"uagb_author_info":{"display_name":"admin","author_link":"https:\/\/bss-streamingservice.de\/fr\/author\/admin\/"},"uagb_comment_info":0,"uagb_excerpt":"Livraison D\u00e9lais de livraison BSS Merci beaucoup pour votre d\u00e9cision d\u2019acheter un bo\u00eetier BSS. Nous sommes une petite manufacture qui d\u00e9veloppe des produits pour le streaming en direct et des composants pour le mat\u00e9riel vid\u00e9o et les accessoires \u00e0 partir de l\u2019exp\u00e9rience de la pratique pour la pratique. Nous nous effor\u00e7ons toujours de veiller \u00e0\u2026","_links":{"self":[{"href":"https:\/\/bss-streamingservice.de\/fr\/wp-json\/wp\/v2\/pages\/17303","targetHints":{"allow":["GET"]}}],"collection":[{"href":"https:\/\/bss-streamingservice.de\/fr\/wp-json\/wp\/v2\/pages"}],"about":[{"href":"https:\/\/bss-streamingservice.de\/fr\/wp-json\/wp\/v2\/types\/page"}],"author":[{"embeddable":true,"href":"https:\/\/bss-streamingservice.de\/fr\/wp-json\/wp\/v2\/users\/1"}],"replies":[{"embeddable":true,"href":"https:\/\/bss-streamingservice.de\/fr\/wp-json\/wp\/v2\/comments?post=17303"}],"version-history":[{"count":0,"href":"https:\/\/bss-streamingservice.de\/fr\/wp-json\/wp\/v2\/pages\/17303\/revisions"}],"wp:featuredmedia":[{"embeddable":true,"href":"https:\/\/bss-streamingservice.de\/fr\/wp-json\/wp\/v2\/media\/16846"}],"wp:attachment":[{"href":"https:\/\/bss-streamingservice.de\/fr\/wp-json\/wp\/v2\/media?parent=17303"}],"curies":[{"name":"wp","href":"https:\/\/api.w.org\/{rel}","templated":true}]}}