{"id":17311,"date":"2021-05-17T01:34:09","date_gmt":"2021-05-16T23:34:09","guid":{"rendered":"https:\/\/bss-streamingservice.de\/methodes-dexpedition\/"},"modified":"2025-02-28T11:07:39","modified_gmt":"2025-02-28T10:07:39","slug":"methodes-dexpedition","status":"publish","type":"page","link":"https:\/\/bss-streamingservice.de\/fr\/methodes-dexpedition\/","title":{"rendered":"M\u00e9thodes d\u2019exp\u00e9dition"},"content":{"rendered":"\t\t<div data-elementor-type=\"wp-page\" data-elementor-id=\"17311\" class=\"elementor elementor-17311 elementor-889\">\n\t\t\t\t\t\t<section class=\"elementor-section elementor-top-section elementor-element elementor-element-510884b elementor-section-height-min-height elementor-section-boxed elementor-section-height-default elementor-section-items-middle\" data-id=\"510884b\" data-element_type=\"section\" data-e-type=\"section\" data-settings=\"{&quot;background_background&quot;:&quot;classic&quot;}\">\n\t\t\t\t\t\t<div class=\"elementor-container elementor-column-gap-default\">\n\t\t\t\t\t<div class=\"elementor-column elementor-col-100 elementor-top-column elementor-element elementor-element-46acf8d\" data-id=\"46acf8d\" data-element_type=\"column\" data-e-type=\"column\">\n\t\t\t<div class=\"elementor-widget-wrap elementor-element-populated\">\n\t\t\t\t\t\t<div class=\"elementor-element elementor-element-cb343db elementor-widget elementor-widget-heading\" data-id=\"cb343db\" data-element_type=\"widget\" data-e-type=\"widget\" data-widget_type=\"heading.default\">\n\t\t\t\t<div class=\"elementor-widget-container\">\n\t\t\t\t\t<h1 class=\"elementor-heading-title elementor-size-default\"><img decoding=\"async\" src=\"https:\/\/bss-streamingservice.de\/wp-content\/uploads\/2021\/03\/bss-roter-punkt.png\" alt=\"Point rouge\" width=\"13px\" height=\"13px\" style=\"padding-bottom:9px;margin-right:9px\">M\u00e9thodes d\u2019exp\u00e9dition<\/h1>\t\t\t\t<\/div>\n\t\t\t\t<\/div>\n\t\t\t\t\t<\/div>\n\t\t<\/div>\n\t\t\t\t\t<\/div>\n\t\t<\/section>\n\t\t\t\t<section class=\"elementor-section elementor-top-section elementor-element elementor-element-caca847 elementor-section-full_width elementor-section-height-default elementor-section-height-default\" data-id=\"caca847\" data-element_type=\"section\" data-e-type=\"section\" data-settings=\"{&quot;background_background&quot;:&quot;classic&quot;}\">\n\t\t\t\t\t\t<div class=\"elementor-container elementor-column-gap-default\">\n\t\t\t\t\t<div class=\"elementor-column elementor-col-100 elementor-top-column elementor-element elementor-element-4694d96\" data-id=\"4694d96\" data-element_type=\"column\" data-e-type=\"column\">\n\t\t\t<div class=\"elementor-widget-wrap elementor-element-populated\">\n\t\t\t\t\t\t<section class=\"elementor-section elementor-inner-section elementor-element elementor-element-3de8ad6 elementor-section-boxed elementor-section-height-default elementor-section-height-default\" data-id=\"3de8ad6\" data-element_type=\"section\" data-e-type=\"section\">\n\t\t\t\t\t\t<div class=\"elementor-container elementor-column-gap-default\">\n\t\t\t\t\t<div class=\"elementor-column elementor-col-100 elementor-inner-column elementor-element elementor-element-916b7fd\" data-id=\"916b7fd\" data-element_type=\"column\" data-e-type=\"column\">\n\t\t\t<div class=\"elementor-widget-wrap elementor-element-populated\">\n\t\t\t\t\t\t<div class=\"elementor-element elementor-element-76159fb elementor-widget elementor-widget-heading\" data-id=\"76159fb\" data-element_type=\"widget\" data-e-type=\"widget\" data-widget_type=\"heading.default\">\n\t\t\t\t<div class=\"elementor-widget-container\">\n\t\t\t\t\t<h2 class=\"elementor-heading-title elementor-size-default\">D\u00e9p\u00eache<\/h2>\t\t\t\t<\/div>\n\t\t\t\t<\/div>\n\t\t\t\t<div class=\"elementor-element elementor-element-0166bdc elementor-widget elementor-widget-text-editor\" data-id=\"0166bdc\" data-element_type=\"widget\" data-e-type=\"widget\" data-widget_type=\"text-editor.default\">\n\t\t\t\t<div class=\"elementor-widget-container\">\n\t\t\t\t\t\t\t\t\t<div data-canvas-width=\"567.4399999999998\">\n<div data-canvas-width=\"579.9039999999999\">\n<div data-canvas-width=\"567.4399999999998\">\n<p>Nous proposons nos produits avec <strong><a href=\"https:\/\/www.dpd.com\/de\/en\/empfangen\/sendungsverfolgung-und-live-tracking\/\">la livraison DPD<\/a> gratuite en Allemagne<\/strong>.<\/p>\n<p>En raison de la <a href=\"https:\/\/bss-streamingservice.de\/fr\/boitiers-bss-pour-atem-mini\/distribution\/\">r\u00e9glementation DEEE, qui<\/a> n\u2019est pas \u00e9conomiquement viable pour nous, nous vendons nos produits dans d\u2019autres pays de l\u2019UE exclusivement par l\u2019interm\u00e9diaire de nos partenaires commerciaux. Veuillez vous r\u00e9f\u00e9rer \u00e0 leur site Web pour conna\u00eetre leur m\u00e9thode d\u2019exp\u00e9dition et les frais d\u2019exp\u00e9dition. <\/p>\n<p>Pour les livraisons \u00e0 destination de la Suisse et de la Grande-Bretagne, ce qui suit s\u2019applique : \u00ab Si la livraison est effectu\u00e9e dans un pays non membre de l\u2019UE, d\u2019autres droits de douane, taxes ou redevances <span style=\"text-decoration: underline;\">peuvent<\/span> \u00eatre pay\u00e9s par le client, mais non pas au prestataire, mais aux autorit\u00e9s douani\u00e8res ou fiscales comp\u00e9tentes dans ce pays. Il est conseill\u00e9 au client de v\u00e9rifier les d\u00e9tails aupr\u00e8s du fournisseur ou des autorit\u00e9s douani\u00e8res ou fiscales avant de passer commande. <\/p>\n<p>Pour votre propre d\u00e9termination des frais\/taxes mentionn\u00e9s ci-dessus, vous vous fournirez le poids brut de l\u2019envoi ainsi que le num\u00e9ro de tarif douanier actuel (sans garantie) dans la description du produit dans la <a href=\"https:\/\/bss-streamingservice.de\/fr\/boutique\/\">boutique<\/a> .<\/p>\n<\/div>\n<\/div>\n<\/div>\n\t\t\t\t\t\t\t\t<\/div>\n\t\t\t\t<\/div>\n\t\t\t\t\t<\/div>\n\t\t<\/div>\n\t\t\t\t\t<\/div>\n\t\t<\/section>\n\t\t\t\t\t<\/div>\n\t\t<\/div>\n\t\t\t\t\t<\/div>\n\t\t<\/section>\n\t\t\t\t<\/div>\n\t\t","protected":false},"excerpt":{"rendered":"<p>M\u00e9thodes d\u2019exp\u00e9dition D\u00e9p\u00eache Nous proposons nos produits avec la livraison DPD gratuite en Allemagne. En raison de la r\u00e9glementation DEEE, qui n\u2019est pas \u00e9conomiquement viable pour nous, nous vendons nos produits dans d\u2019autres pays de l\u2019UE exclusivement par l\u2019interm\u00e9diaire de nos partenaires commerciaux. Veuillez vous r\u00e9f\u00e9rer \u00e0 leur site Web pour conna\u00eetre leur m\u00e9thode d\u2019exp\u00e9dition [&hellip;]<\/p>\n","protected":false},"author":1,"featured_media":17312,"parent":0,"menu_order":0,"comment_status":"closed","ping_status":"closed","template":"","meta":{"_uag_custom_page_level_css":"","site-sidebar-layout":"no-sidebar","site-content-layout":"page-builder","ast-site-content-layout":"default","site-content-style":"default","site-sidebar-style":"default","ast-global-header-display":"","ast-banner-title-visibility":"","ast-main-header-display":"","ast-hfb-above-header-display":"","ast-hfb-below-header-display":"","ast-hfb-mobile-header-display":"","site-post-title":"disabled","ast-breadcrumbs-content":"disabled","ast-featured-img":"disabled","footer-sml-layout":"","ast-disable-related-posts":"","theme-transparent-header-meta":"default","adv-header-id-meta":"","stick-header-meta":"default","header-above-stick-meta":"","header-main-stick-meta":"","header-below-stick-meta":"","astra-migrate-meta-layouts":"default","ast-page-background-enabled":"default","ast-page-background-meta":{"desktop":{"background-color":"","background-image":"","background-repeat":"repeat","background-position":"center center","background-size":"auto","background-attachment":"scroll","background-type":"","background-media":"","overlay-type":"","overlay-color":"","overlay-opacity":"","overlay-gradient":""},"tablet":{"background-color":"","background-image":"","background-repeat":"repeat","background-position":"center center","background-size":"auto","background-attachment":"scroll","background-type":"","background-media":"","overlay-type":"","overlay-color":"","overlay-opacity":"","overlay-gradient":""},"mobile":{"background-color":"","background-image":"","background-repeat":"repeat","background-position":"center center","background-size":"auto","background-attachment":"scroll","background-type":"","background-media":"","overlay-type":"","overlay-color":"","overlay-opacity":"","overlay-gradient":""}},"ast-content-background-meta":{"desktop":{"background-color":"var(--ast-global-color-5)","background-image":"","background-repeat":"repeat","background-position":"center center","background-size":"auto","background-attachment":"scroll","background-type":"","background-media":"","overlay-type":"","overlay-color":"","overlay-opacity":"","overlay-gradient":""},"tablet":{"background-color":"var(--ast-global-color-5)","background-image":"","background-repeat":"repeat","background-position":"center center","background-size":"auto","background-attachment":"scroll","background-type":"","background-media":"","overlay-type":"","overlay-color":"","overlay-opacity":"","overlay-gradient":""},"mobile":{"background-color":"var(--ast-global-color-5)","background-image":"","background-repeat":"repeat","background-position":"center center","background-size":"auto","background-attachment":"scroll","background-type":"","background-media":"","overlay-type":"","overlay-color":"","overlay-opacity":"","overlay-gradient":""}},"footnotes":""},"class_list":["post-17311","page","type-page","status-publish","has-post-thumbnail","hentry"],"yoast_head":"<!-- This site is optimized with the Yoast SEO plugin v27.3 - https:\/\/yoast.com\/product\/yoast-seo-wordpress\/ -->\n<title>M\u00e9thodes d\u2019exp\u00e9dition - BSS \u2013 Breitenb\u00fccher Streaming Service<\/title>\n<meta name=\"description\" content=\"Les m\u00e9thodes d\u2019exp\u00e9dition de tous nos produits BSS peuvent \u00eatre trouv\u00e9es dans cet aper\u00e7u sur notre page de m\u00e9thodes d\u2019exp\u00e9dition.\" \/>\n<meta name=\"robots\" content=\"index, follow, max-snippet:-1, max-image-preview:large, max-video-preview:-1\" \/>\n<link rel=\"canonical\" href=\"https:\/\/bss-streamingservice.de\/fr\/methodes-dexpedition\/\" \/>\n<meta property=\"og:locale\" content=\"fr_FR\" \/>\n<meta property=\"og:type\" content=\"article\" \/>\n<meta property=\"og:title\" content=\"M\u00e9thodes d\u2019exp\u00e9dition - BSS \u2013 Breitenb\u00fccher Streaming Service\" \/>\n<meta property=\"og:description\" content=\"Les m\u00e9thodes d\u2019exp\u00e9dition de tous nos produits BSS peuvent \u00eatre trouv\u00e9es dans cet aper\u00e7u sur notre page de m\u00e9thodes d\u2019exp\u00e9dition.\" \/>\n<meta property=\"og:url\" content=\"https:\/\/bss-streamingservice.de\/fr\/methodes-dexpedition\/\" \/>\n<meta property=\"og:site_name\" content=\"BSS \u2013 Breitenb\u00fccher Streaming Service\" \/>\n<meta property=\"article:modified_time\" content=\"2025-02-28T10:07:39+00:00\" \/>\n<meta property=\"og:image\" content=\"https:\/\/bss-streamingservice.de\/wp-content\/uploads\/2021\/05\/Logo-BSS-weiss-farbiger-hintergrund.png\" \/>\n\t<meta property=\"og:image:width\" content=\"779\" \/>\n\t<meta property=\"og:image:height\" content=\"508\" \/>\n\t<meta property=\"og:image:type\" content=\"image\/png\" \/>\n<meta name=\"twitter:card\" content=\"summary_large_image\" \/>\n<meta name=\"twitter:label1\" content=\"Dur\u00e9e de lecture estim\u00e9e\" \/>\n\t<meta name=\"twitter:data1\" content=\"1 minute\" \/>\n<script type=\"application\/ld+json\" class=\"yoast-schema-graph\">{\"@context\":\"https:\\\/\\\/schema.org\",\"@graph\":[{\"@type\":\"WebPage\",\"@id\":\"https:\\\/\\\/bss-streamingservice.de\\\/fr\\\/methodes-dexpedition\\\/\",\"url\":\"https:\\\/\\\/bss-streamingservice.de\\\/fr\\\/methodes-dexpedition\\\/\",\"name\":\"M\u00e9thodes d\u2019exp\u00e9dition - BSS \u2013 Breitenb\u00fccher Streaming Service\",\"isPartOf\":{\"@id\":\"https:\\\/\\\/bss-streamingservice.de\\\/fr\\\/#website\"},\"primaryImageOfPage\":{\"@id\":\"https:\\\/\\\/bss-streamingservice.de\\\/fr\\\/methodes-dexpedition\\\/#primaryimage\"},\"image\":{\"@id\":\"https:\\\/\\\/bss-streamingservice.de\\\/fr\\\/methodes-dexpedition\\\/#primaryimage\"},\"thumbnailUrl\":\"https:\\\/\\\/bss-streamingservice.de\\\/wp-content\\\/uploads\\\/2021\\\/05\\\/Logo-BSS-weiss-farbiger-hintergrund.png\",\"datePublished\":\"2021-05-16T23:34:09+00:00\",\"dateModified\":\"2025-02-28T10:07:39+00:00\",\"description\":\"Les m\u00e9thodes d\u2019exp\u00e9dition de tous nos produits BSS peuvent \u00eatre trouv\u00e9es dans cet aper\u00e7u sur notre page de m\u00e9thodes d\u2019exp\u00e9dition.\",\"breadcrumb\":{\"@id\":\"https:\\\/\\\/bss-streamingservice.de\\\/fr\\\/methodes-dexpedition\\\/#breadcrumb\"},\"inLanguage\":\"fr-FR\",\"potentialAction\":[{\"@type\":\"ReadAction\",\"target\":[\"https:\\\/\\\/bss-streamingservice.de\\\/fr\\\/methodes-dexpedition\\\/\"]}]},{\"@type\":\"ImageObject\",\"inLanguage\":\"fr-FR\",\"@id\":\"https:\\\/\\\/bss-streamingservice.de\\\/fr\\\/methodes-dexpedition\\\/#primaryimage\",\"url\":\"https:\\\/\\\/bss-streamingservice.de\\\/wp-content\\\/uploads\\\/2021\\\/05\\\/Logo-BSS-weiss-farbiger-hintergrund.png\",\"contentUrl\":\"https:\\\/\\\/bss-streamingservice.de\\\/wp-content\\\/uploads\\\/2021\\\/05\\\/Logo-BSS-weiss-farbiger-hintergrund.png\",\"width\":779,\"height\":508,\"caption\":\"Le logo de BSS-Breitenb\u00fccher Streaming Service de forme rectangulaire.\"},{\"@type\":\"BreadcrumbList\",\"@id\":\"https:\\\/\\\/bss-streamingservice.de\\\/fr\\\/methodes-dexpedition\\\/#breadcrumb\",\"itemListElement\":[{\"@type\":\"ListItem\",\"position\":1,\"name\":\"Startseite\",\"item\":\"https:\\\/\\\/bss-streamingservice.de\\\/fr\\\/page-daccueil\\\/\"},{\"@type\":\"ListItem\",\"position\":2,\"name\":\"M\u00e9thodes d\u2019exp\u00e9dition\"}]},{\"@type\":\"WebSite\",\"@id\":\"https:\\\/\\\/bss-streamingservice.de\\\/fr\\\/#website\",\"url\":\"https:\\\/\\\/bss-streamingservice.de\\\/fr\\\/\",\"name\":\"BSS \u2013 Breitenb\u00fccher Streaming Service\",\"description\":\"BSS - Live Streaming Service de Pl\u00fcderhausen pr\u00e8s de Stuttgart, Allemagne, - solutions de streaming \u00e9volutives, enregistrements vid\u00e9o et produits de streaming adapt\u00e9s \u00e0 vos besoins.\",\"publisher\":{\"@id\":\"https:\\\/\\\/bss-streamingservice.de\\\/fr\\\/#organization\"},\"potentialAction\":[{\"@type\":\"SearchAction\",\"target\":{\"@type\":\"EntryPoint\",\"urlTemplate\":\"https:\\\/\\\/bss-streamingservice.de\\\/fr\\\/?s={search_term_string}\"},\"query-input\":{\"@type\":\"PropertyValueSpecification\",\"valueRequired\":true,\"valueName\":\"search_term_string\"}}],\"inLanguage\":\"fr-FR\"},{\"@type\":\"Organization\",\"@id\":\"https:\\\/\\\/bss-streamingservice.de\\\/fr\\\/#organization\",\"name\":\"BSS \u2013 Breitenb\u00fccher Streaming Service\",\"url\":\"https:\\\/\\\/bss-streamingservice.de\\\/fr\\\/\",\"logo\":{\"@type\":\"ImageObject\",\"inLanguage\":\"fr-FR\",\"@id\":\"https:\\\/\\\/bss-streamingservice.de\\\/fr\\\/#\\\/schema\\\/logo\\\/image\\\/\",\"url\":\"https:\\\/\\\/bss-streamingservice.de\\\/wp-content\\\/uploads\\\/2021\\\/05\\\/Logo-BSS-weiss-farbiger-hintergrund.png\",\"contentUrl\":\"https:\\\/\\\/bss-streamingservice.de\\\/wp-content\\\/uploads\\\/2021\\\/05\\\/Logo-BSS-weiss-farbiger-hintergrund.png\",\"width\":779,\"height\":508,\"caption\":\"BSS \u2013 Breitenb\u00fccher Streaming Service\"},\"image\":{\"@id\":\"https:\\\/\\\/bss-streamingservice.de\\\/fr\\\/#\\\/schema\\\/logo\\\/image\\\/\"}}]}<\/script>\n<!-- \/ Yoast SEO plugin. -->","yoast_head_json":{"title":"M\u00e9thodes d\u2019exp\u00e9dition - BSS \u2013 Breitenb\u00fccher Streaming Service","description":"Les m\u00e9thodes d\u2019exp\u00e9dition de tous nos produits BSS peuvent \u00eatre trouv\u00e9es dans cet aper\u00e7u sur notre page de m\u00e9thodes d\u2019exp\u00e9dition.","robots":{"index":"index","follow":"follow","max-snippet":"max-snippet:-1","max-image-preview":"max-image-preview:large","max-video-preview":"max-video-preview:-1"},"canonical":"https:\/\/bss-streamingservice.de\/fr\/methodes-dexpedition\/","og_locale":"fr_FR","og_type":"article","og_title":"M\u00e9thodes d\u2019exp\u00e9dition - BSS \u2013 Breitenb\u00fccher Streaming Service","og_description":"Les m\u00e9thodes d\u2019exp\u00e9dition de tous nos produits BSS peuvent \u00eatre trouv\u00e9es dans cet aper\u00e7u sur notre page de m\u00e9thodes d\u2019exp\u00e9dition.","og_url":"https:\/\/bss-streamingservice.de\/fr\/methodes-dexpedition\/","og_site_name":"BSS \u2013 Breitenb\u00fccher Streaming Service","article_modified_time":"2025-02-28T10:07:39+00:00","og_image":[{"width":779,"height":508,"url":"https:\/\/bss-streamingservice.de\/wp-content\/uploads\/2021\/05\/Logo-BSS-weiss-farbiger-hintergrund.png","type":"image\/png"}],"twitter_card":"summary_large_image","twitter_misc":{"Dur\u00e9e de lecture estim\u00e9e":"1 minute"},"schema":{"@context":"https:\/\/schema.org","@graph":[{"@type":"WebPage","@id":"https:\/\/bss-streamingservice.de\/fr\/methodes-dexpedition\/","url":"https:\/\/bss-streamingservice.de\/fr\/methodes-dexpedition\/","name":"M\u00e9thodes d\u2019exp\u00e9dition - BSS \u2013 Breitenb\u00fccher Streaming Service","isPartOf":{"@id":"https:\/\/bss-streamingservice.de\/fr\/#website"},"primaryImageOfPage":{"@id":"https:\/\/bss-streamingservice.de\/fr\/methodes-dexpedition\/#primaryimage"},"image":{"@id":"https:\/\/bss-streamingservice.de\/fr\/methodes-dexpedition\/#primaryimage"},"thumbnailUrl":"https:\/\/bss-streamingservice.de\/wp-content\/uploads\/2021\/05\/Logo-BSS-weiss-farbiger-hintergrund.png","datePublished":"2021-05-16T23:34:09+00:00","dateModified":"2025-02-28T10:07:39+00:00","description":"Les m\u00e9thodes d\u2019exp\u00e9dition de tous nos produits BSS peuvent \u00eatre trouv\u00e9es dans cet aper\u00e7u sur notre page de m\u00e9thodes d\u2019exp\u00e9dition.","breadcrumb":{"@id":"https:\/\/bss-streamingservice.de\/fr\/methodes-dexpedition\/#breadcrumb"},"inLanguage":"fr-FR","potentialAction":[{"@type":"ReadAction","target":["https:\/\/bss-streamingservice.de\/fr\/methodes-dexpedition\/"]}]},{"@type":"ImageObject","inLanguage":"fr-FR","@id":"https:\/\/bss-streamingservice.de\/fr\/methodes-dexpedition\/#primaryimage","url":"https:\/\/bss-streamingservice.de\/wp-content\/uploads\/2021\/05\/Logo-BSS-weiss-farbiger-hintergrund.png","contentUrl":"https:\/\/bss-streamingservice.de\/wp-content\/uploads\/2021\/05\/Logo-BSS-weiss-farbiger-hintergrund.png","width":779,"height":508,"caption":"Le logo de BSS-Breitenb\u00fccher Streaming Service de forme rectangulaire."},{"@type":"BreadcrumbList","@id":"https:\/\/bss-streamingservice.de\/fr\/methodes-dexpedition\/#breadcrumb","itemListElement":[{"@type":"ListItem","position":1,"name":"Startseite","item":"https:\/\/bss-streamingservice.de\/fr\/page-daccueil\/"},{"@type":"ListItem","position":2,"name":"M\u00e9thodes d\u2019exp\u00e9dition"}]},{"@type":"WebSite","@id":"https:\/\/bss-streamingservice.de\/fr\/#website","url":"https:\/\/bss-streamingservice.de\/fr\/","name":"BSS \u2013 Breitenb\u00fccher Streaming Service","description":"BSS - Live Streaming Service de Pl\u00fcderhausen pr\u00e8s de Stuttgart, Allemagne, - solutions de streaming \u00e9volutives, enregistrements vid\u00e9o et produits de streaming adapt\u00e9s \u00e0 vos besoins.","publisher":{"@id":"https:\/\/bss-streamingservice.de\/fr\/#organization"},"potentialAction":[{"@type":"SearchAction","target":{"@type":"EntryPoint","urlTemplate":"https:\/\/bss-streamingservice.de\/fr\/?s={search_term_string}"},"query-input":{"@type":"PropertyValueSpecification","valueRequired":true,"valueName":"search_term_string"}}],"inLanguage":"fr-FR"},{"@type":"Organization","@id":"https:\/\/bss-streamingservice.de\/fr\/#organization","name":"BSS \u2013 Breitenb\u00fccher Streaming Service","url":"https:\/\/bss-streamingservice.de\/fr\/","logo":{"@type":"ImageObject","inLanguage":"fr-FR","@id":"https:\/\/bss-streamingservice.de\/fr\/#\/schema\/logo\/image\/","url":"https:\/\/bss-streamingservice.de\/wp-content\/uploads\/2021\/05\/Logo-BSS-weiss-farbiger-hintergrund.png","contentUrl":"https:\/\/bss-streamingservice.de\/wp-content\/uploads\/2021\/05\/Logo-BSS-weiss-farbiger-hintergrund.png","width":779,"height":508,"caption":"BSS \u2013 Breitenb\u00fccher Streaming Service"},"image":{"@id":"https:\/\/bss-streamingservice.de\/fr\/#\/schema\/logo\/image\/"}}]}},"uagb_featured_image_src":{"full":["https:\/\/bss-streamingservice.de\/wp-content\/uploads\/2021\/05\/Logo-BSS-weiss-farbiger-hintergrund.png",779,508,false],"thumbnail":["https:\/\/bss-streamingservice.de\/wp-content\/uploads\/2021\/05\/Logo-BSS-weiss-farbiger-hintergrund-150x150.png",150,150,true],"medium":["https:\/\/bss-streamingservice.de\/wp-content\/uploads\/2021\/05\/Logo-BSS-weiss-farbiger-hintergrund-300x196.png",300,196,true],"medium_large":["https:\/\/bss-streamingservice.de\/wp-content\/uploads\/2021\/05\/Logo-BSS-weiss-farbiger-hintergrund-768x501.png",768,501,true],"large":["https:\/\/bss-streamingservice.de\/wp-content\/uploads\/2021\/05\/Logo-BSS-weiss-farbiger-hintergrund.png",779,508,false],"1536x1536":["https:\/\/bss-streamingservice.de\/wp-content\/uploads\/2021\/05\/Logo-BSS-weiss-farbiger-hintergrund.png",779,508,false],"2048x2048":["https:\/\/bss-streamingservice.de\/wp-content\/uploads\/2021\/05\/Logo-BSS-weiss-farbiger-hintergrund.png",779,508,false],"woocommerce_thumbnail":["https:\/\/bss-streamingservice.de\/wp-content\/uploads\/2021\/05\/Logo-BSS-weiss-farbiger-hintergrund-300x300.png",300,300,true],"woocommerce_single":["https:\/\/bss-streamingservice.de\/wp-content\/uploads\/2021\/05\/Logo-BSS-weiss-farbiger-hintergrund-600x391.png",600,391,true],"woocommerce_gallery_thumbnail":["https:\/\/bss-streamingservice.de\/wp-content\/uploads\/2021\/05\/Logo-BSS-weiss-farbiger-hintergrund-100x100.png",100,100,true]},"uagb_author_info":{"display_name":"admin","author_link":"https:\/\/bss-streamingservice.de\/fr\/author\/admin\/"},"uagb_comment_info":0,"uagb_excerpt":"M\u00e9thodes d\u2019exp\u00e9dition D\u00e9p\u00eache Nous proposons nos produits avec la livraison DPD gratuite en Allemagne. En raison de la r\u00e9glementation DEEE, qui n\u2019est pas \u00e9conomiquement viable pour nous, nous vendons nos produits dans d\u2019autres pays de l\u2019UE exclusivement par l\u2019interm\u00e9diaire de nos partenaires commerciaux. Veuillez vous r\u00e9f\u00e9rer \u00e0 leur site Web pour conna\u00eetre leur m\u00e9thode d\u2019exp\u00e9dition\u2026","_links":{"self":[{"href":"https:\/\/bss-streamingservice.de\/fr\/wp-json\/wp\/v2\/pages\/17311","targetHints":{"allow":["GET"]}}],"collection":[{"href":"https:\/\/bss-streamingservice.de\/fr\/wp-json\/wp\/v2\/pages"}],"about":[{"href":"https:\/\/bss-streamingservice.de\/fr\/wp-json\/wp\/v2\/types\/page"}],"author":[{"embeddable":true,"href":"https:\/\/bss-streamingservice.de\/fr\/wp-json\/wp\/v2\/users\/1"}],"replies":[{"embeddable":true,"href":"https:\/\/bss-streamingservice.de\/fr\/wp-json\/wp\/v2\/comments?post=17311"}],"version-history":[{"count":0,"href":"https:\/\/bss-streamingservice.de\/fr\/wp-json\/wp\/v2\/pages\/17311\/revisions"}],"wp:featuredmedia":[{"embeddable":true,"href":"https:\/\/bss-streamingservice.de\/fr\/wp-json\/wp\/v2\/media\/17312"}],"wp:attachment":[{"href":"https:\/\/bss-streamingservice.de\/fr\/wp-json\/wp\/v2\/media?parent=17311"}],"curies":[{"name":"wp","href":"https:\/\/api.w.org\/{rel}","templated":true}]}}