{"id":21450,"date":"2023-02-07T22:05:28","date_gmt":"2023-02-07T21:05:28","guid":{"rendered":"https:\/\/bss-streamingservice.de\/pourquoi-nexpedions-nous-actuellement-quen-allemagne\/"},"modified":"2025-04-29T21:03:41","modified_gmt":"2025-04-29T19:03:41","slug":"pourquoi-nexpedions-nous-actuellement-quen-allemagne","status":"publish","type":"page","link":"https:\/\/bss-streamingservice.de\/fr\/pourquoi-nexpedions-nous-actuellement-quen-allemagne\/","title":{"rendered":"Pourquoi n\u2019exp\u00e9dions-nous actuellement qu\u2019en Allemagne ?"},"content":{"rendered":"\t\t<div data-elementor-type=\"wp-page\" data-elementor-id=\"21450\" class=\"elementor elementor-21450 elementor-13698\">\n\t\t\t\t\t\t<section class=\"elementor-section elementor-top-section elementor-element elementor-element-fb72212 elementor-section-boxed elementor-section-height-default elementor-section-height-default\" data-id=\"fb72212\" data-element_type=\"section\" data-e-type=\"section\">\n\t\t\t\t\t\t<div class=\"elementor-container elementor-column-gap-default\">\n\t\t\t\t\t<div class=\"elementor-column elementor-col-100 elementor-top-column elementor-element elementor-element-6f0ea82\" data-id=\"6f0ea82\" data-element_type=\"column\" data-e-type=\"column\">\n\t\t\t<div class=\"elementor-widget-wrap elementor-element-populated\">\n\t\t\t\t\t\t<div class=\"elementor-element elementor-element-96d2fba elementor-widget elementor-widget-heading\" data-id=\"96d2fba\" data-element_type=\"widget\" data-e-type=\"widget\" data-widget_type=\"heading.default\">\n\t\t\t\t<div class=\"elementor-widget-container\">\n\t\t\t\t\t<h2 class=\"elementor-heading-title elementor-size-default\">Pourquoi n\u2019exp\u00e9dions-nous actuellement qu\u2019en Allemagne ?<\/h2>\t\t\t\t<\/div>\n\t\t\t\t<\/div>\n\t\t\t\t<div class=\"elementor-element elementor-element-c60b1fd elementor-widget elementor-widget-text-editor\" data-id=\"c60b1fd\" data-element_type=\"widget\" data-e-type=\"widget\" data-widget_type=\"text-editor.default\">\n\t\t\t\t<div class=\"elementor-widget-container\">\n\t\t\t\t\t\t\t\t\t<p style=\"font-weight: 400;\"><em>versions anglaise et fran\u00e7aise ci-dessous<\/em><\/p><p style=\"font-weight: 400;\">Chers clients,<\/p><p style=\"font-weight: 400;\">En raison des co\u00fbts \u00e9lev\u00e9s et de l\u2019effort administratif et bureaucratique \u00e9lev\u00e9 dans le domaine des r\u00e9glementations sp\u00e9cifiques \u00e0 chaque pays de la loi europ\u00e9enne sur les \u00e9quipements \u00e9lectroniques (DEEE), ainsi que des diff\u00e9rentes l\u00e9gislations sur l\u2019emballage, il nous est presque impossible, en tant que petit fournisseur, de vous vendre directement au sein de l\u2019UE ainsi qu\u2019en Grande-Bretagne ou en Suisse.<\/p><p style=\"font-weight: 400;\">Nous devrions r\u00e9percuter ces co\u00fbts, qui sont tr\u00e8s \u00e9lev\u00e9s pour nous, sur des quantit\u00e9s beaucoup trop petites par pays, ce qui rendrait le prix tr\u00e8s peu attrayant pour vous. En effet, dans certains pays de l\u2019UE, vous paierez une part excessive et <strong>disproportionn\u00e9e des redevances pour le<\/strong> recyclage et la reprise. Malheureusement, il n\u2019y a pas de limites de minimis ou de taux forfaitaires ajust\u00e9s pour les petites quantit\u00e9s dans la r\u00e9glementation DEEE.  <\/p><p style=\"font-weight: 400;\"><span style=\"font-style: inherit; color: var( --e-global-color-text ); font-family: var( --e-global-typography-text-font-family ), Sans-serif;\">C\u2019est malheureusement un fait tr\u00e8s d\u00e9cevant pour nous, car il est <\/span><strong style=\"font-style: inherit; color: var( --e-global-color-text ); font-family: var( --e-global-typography-text-font-family ), Sans-serif;\">presque impossible<\/strong><span style=\"font-style: inherit; color: var( --e-global-color-text ); font-family: var( --e-global-typography-text-font-family ), Sans-serif;\"> <\/span><strong style=\"font-style: inherit; color: var( --e-global-color-text ); font-family: var( --e-global-typography-text-font-family ), Sans-serif;\"> d\u2019ouvrir un march\u00e9 plus vaste<\/strong><span style=\"font-style: inherit; color: var( --e-global-color-text ); font-family: var( --e-global-typography-text-font-family ), Sans-serif;\"> et, en fin de compte, d\u2019atteindre une taille \u00e9conomiquement viable qui permette de cartographier judicieusement les r\u00e9glementations susmentionn\u00e9es au sein de l\u2019entreprise.<\/span><\/p><p>Nous sommes actuellement \u00e0 la recherche de solutions pour continuer \u00e0 vous fournir nos produits dans toute l\u2019UE, ainsi qu\u2019en Suisse et au Royaume-Uni.<\/p><p><span style=\"font-weight: 400;\"><strong>Actuellement, nous ne pouvons le faire que si vous pouvez nous donner une adresse de livraison en Allemagne.<\/strong> <\/span><\/p><p><span style=\"font-weight: 400;\">Nous regrettons profond\u00e9ment cet \u00e9tat de choses et il nous est difficile, du fond du c\u0153ur, de devoir nous limiter sous cette forme. <\/span>Si vous avez des questions ou des commentaires \u00e0 cet \u00e9gard, nous serions tr\u00e8s heureux de vous entendre. <a style=\"font-family: var( --e-global-typography-text-font-family ), Sans-serif; font-size: 1rem;\" href=\"https:\/\/bss-streamingservice.de\/fr\/contact\/\" target=\"_blank\" rel=\"noopener\">Il vous suffit d\u2019utiliser notre <b>formulaire de contact<\/b><\/a><\/p>\t\t\t\t\t\t\t\t<\/div>\n\t\t\t\t<\/div>\n\t\t\t\t<div class=\"elementor-element elementor-element-278b882 elementor-widget elementor-widget-heading\" data-id=\"278b882\" data-element_type=\"widget\" data-e-type=\"widget\" data-widget_type=\"heading.default\">\n\t\t\t\t<div class=\"elementor-widget-container\">\n\t\t\t\t\t<h2 class=\"elementor-heading-title elementor-size-default\">Pourquoi n\u2019exp\u00e9dions-nous actuellement qu\u2019en Allemagne ?<\/h2>\t\t\t\t<\/div>\n\t\t\t\t<\/div>\n\t\t\t\t<div class=\"elementor-element elementor-element-e5b55a6 elementor-widget elementor-widget-text-editor\" data-id=\"e5b55a6\" data-element_type=\"widget\" data-e-type=\"widget\" data-widget_type=\"text-editor.default\">\n\t\t\t\t<div class=\"elementor-widget-container\">\n\t\t\t\t\t\t\t\t\t<p>Chers clients,<\/p><p>En raison des co\u00fbts \u00e9lev\u00e9s et de l\u2019effort administratif et bureaucratique \u00e9lev\u00e9 dans le domaine des r\u00e9glementations sp\u00e9cifiques \u00e0 chaque pays de la loi europ\u00e9enne sur les \u00e9quipements \u00e9lectroniques (DEEE), ainsi que des diff\u00e9rentes l\u00e9gislations sur l\u2019emballage, il nous est presque impossible, en tant que petit fournisseur, de vous exp\u00e9dier directement au sein de l\u2019UE ainsi qu\u2019en Grande-Bretagne ou en Suisse pour la vente.<\/p><p>Nous devrions attribuer ces co\u00fbts tr\u00e8s \u00e9lev\u00e9s \u00e0 des quantit\u00e9s beaucoup trop petites par pays, ce qui rendrait le prix tr\u00e8s peu attrayant pour vous. Apr\u00e8s tout, dans certains pays de l\u2019UE, vous finissez par payer une part exorbitante et disproportionn\u00e9e des frais de recyclage et de reprise. Malheureusement, il n\u2019y a pas de limites de minimis ou de taux forfaitaires ajust\u00e9s pour les petites quantit\u00e9s dans la r\u00e9glementation DEEE.  <\/p><p>Malheureusement, il s\u2019agit d\u2019un fait tr\u00e8s d\u00e9cevant pour nous, car il est presque impossible d\u2019ouvrir un march\u00e9 plus vaste et, en fin de compte, d\u2019atteindre une taille \u00e9conomiquement viable qui permette de cartographier de mani\u00e8re significative les r\u00e9glementations susmentionn\u00e9es \u00e0 l\u2019interne.<\/p><p>Nous sommes actuellement \u00e0 la recherche de solutions pour continuer \u00e0 vous fournir nos produits dans toute l\u2019UE, ainsi qu\u2019en Suisse et en Grande-Bretagne.<\/p><p><strong>Actuellement, nous ne pouvons le faire que si vous pouvez nous indiquer une adresse de livraison en Allemagne.<\/strong><\/p><p>Nous regrettons beaucoup cette situation et il est tr\u00e8s difficile pour nous de devoir nous limiter de cette mani\u00e8re. Si vous avez des questions ou des commentaires \u00e0 ce sujet, nous serions ravis de vous entendre. <a href=\"https:\/\/bss-streamingservice.de\/fr\/contact\/\">Il vous suffit d\u2019utiliser notre <strong>formulaire de contact<\/strong>.<\/a><\/p>\t\t\t\t\t\t\t\t<\/div>\n\t\t\t\t<\/div>\n\t\t\t\t<div class=\"elementor-element elementor-element-f6ffbaa elementor-widget elementor-widget-heading\" data-id=\"f6ffbaa\" data-element_type=\"widget\" data-e-type=\"widget\" data-widget_type=\"heading.default\">\n\t\t\t\t<div class=\"elementor-widget-container\">\n\t\t\t\t\t<h2 class=\"elementor-heading-title elementor-size-default\">Pourquoi exp\u00e9dions-nous actuellement uniquement en Allemagne&nbsp;?<\/h2>\t\t\t\t<\/div>\n\t\t\t\t<\/div>\n\t\t\t\t<div class=\"elementor-element elementor-element-3e1785a elementor-widget elementor-widget-text-editor\" data-id=\"3e1785a\" data-element_type=\"widget\" data-e-type=\"widget\" data-widget_type=\"text-editor.default\">\n\t\t\t\t<div class=\"elementor-widget-container\">\n\t\t\t\t\t\t\t\t\t<p>Chers clients,<\/p><p>En raison des co\u00fbts \u00e9lev\u00e9s et de l\u2019effort administratif et bureaucratique \u00e9lev\u00e9 dans le domaine des r\u00e9glementations nationales de la loi europ\u00e9enne sur les \u00e9quipements \u00e9lectroniques (DEEE), ainsi que des diff\u00e9rentes l\u00e9gislations sur les emballages, il nous est presque impossible en tant que petit fournisseur pour vous exp\u00e9dier directement au de l\u2019UE ainsi qu\u2019en Grande-Bretagne ou en Suisse pour la vente.<\/p><p>Nous serions oblig\u00e9s d\u2019affecter ces co\u00fbts tr\u00e8s \u00e9lev\u00e9s \u00e0 des quantit\u00e9s beaucoup trop faibles par pays, ce qui rendrait le prix tr\u00e8s peu attractif pour vous. Apr\u00e8s tout, dans certains pays de l\u2019UE, vous finissez par payer une part exorbitante et disproportionn\u00e9e des frais de recyclage et de reprise. Malheureusement, il n\u2019y a pas de limites de minimis ou de taux forfaitaires ajust\u00e9s pour les petites quantit\u00e9s dans la r\u00e9glementation DEEE.  <\/p><p>Malheureusement, c\u2019est un fait tr\u00e8s d\u00e9cevant pour nous, car il rend presque impossible l\u2019ouverture d\u2019un march\u00e9 plus vaste et, en fin de compte, l\u2019atteinte d\u2019une taille \u00e9conomiquement viable permettant de cartographier de mani\u00e8re significative les r\u00e9glementations susmentionn\u00e9es en interne.<\/p><p>Nous recherchons actuellement des solutions pour continuer \u00e0 vous fournir nos produits dans toute l\u2019UE, ainsi qu\u2019en Suisse et en Grande-Bretagne.<\/p><p><strong>Actuellement, nous ne pouvons le faire que si vous pouvez nous donner une adresse de livraison en Allemagne.<\/strong><\/p><p>Nous regrettons beaucoup cette situation et il nous est tr\u00e8s difficile de devoir nous limiter ainsi. Si vous avez des questions ou des commentaires \u00e0 ce sujet, nous serions ravis de vous entendre. <a href=\"https:\/\/bss-streamingservice.de\/fr\/contact\/\">Utilisez simplement notre <strong>formulaire de contact.<\/strong><\/a> <\/p>\t\t\t\t\t\t\t\t<\/div>\n\t\t\t\t<\/div>\n\t\t\t\t\t<\/div>\n\t\t<\/div>\n\t\t\t\t\t<\/div>\n\t\t<\/section>\n\t\t\t\t<\/div>\n\t\t","protected":false},"excerpt":{"rendered":"<p>Pourquoi n\u2019exp\u00e9dions-nous actuellement qu\u2019en Allemagne ? versions anglaise et fran\u00e7aise ci-dessous Chers clients, En raison des co\u00fbts \u00e9lev\u00e9s et de l\u2019effort administratif et bureaucratique \u00e9lev\u00e9 dans le domaine des r\u00e9glementations sp\u00e9cifiques \u00e0 chaque pays de la loi europ\u00e9enne sur les \u00e9quipements \u00e9lectroniques (DEEE), ainsi que des diff\u00e9rentes l\u00e9gislations sur l\u2019emballage, il nous est presque impossible, [&hellip;]<\/p>\n","protected":false},"author":1,"featured_media":0,"parent":0,"menu_order":0,"comment_status":"closed","ping_status":"closed","template":"","meta":{"_uag_custom_page_level_css":"","site-sidebar-layout":"no-sidebar","site-content-layout":"page-builder","ast-site-content-layout":"default","site-content-style":"default","site-sidebar-style":"default","ast-global-header-display":"","ast-banner-title-visibility":"","ast-main-header-display":"","ast-hfb-above-header-display":"","ast-hfb-below-header-display":"","ast-hfb-mobile-header-display":"","site-post-title":"disabled","ast-breadcrumbs-content":"disabled","ast-featured-img":"disabled","footer-sml-layout":"","ast-disable-related-posts":"","theme-transparent-header-meta":"","adv-header-id-meta":"","stick-header-meta":"","header-above-stick-meta":"","header-main-stick-meta":"","header-below-stick-meta":"","astra-migrate-meta-layouts":"default","ast-page-background-enabled":"default","ast-page-background-meta":{"desktop":{"background-color":"","background-image":"","background-repeat":"repeat","background-position":"center center","background-size":"auto","background-attachment":"scroll","background-type":"","background-media":"","overlay-type":"","overlay-color":"","overlay-opacity":"","overlay-gradient":""},"tablet":{"background-color":"","background-image":"","background-repeat":"repeat","background-position":"center center","background-size":"auto","background-attachment":"scroll","background-type":"","background-media":"","overlay-type":"","overlay-color":"","overlay-opacity":"","overlay-gradient":""},"mobile":{"background-color":"","background-image":"","background-repeat":"repeat","background-position":"center center","background-size":"auto","background-attachment":"scroll","background-type":"","background-media":"","overlay-type":"","overlay-color":"","overlay-opacity":"","overlay-gradient":""}},"ast-content-background-meta":{"desktop":{"background-color":"var(--ast-global-color-5)","background-image":"","background-repeat":"repeat","background-position":"center center","background-size":"auto","background-attachment":"scroll","background-type":"","background-media":"","overlay-type":"","overlay-color":"","overlay-opacity":"","overlay-gradient":""},"tablet":{"background-color":"var(--ast-global-color-5)","background-image":"","background-repeat":"repeat","background-position":"center center","background-size":"auto","background-attachment":"scroll","background-type":"","background-media":"","overlay-type":"","overlay-color":"","overlay-opacity":"","overlay-gradient":""},"mobile":{"background-color":"var(--ast-global-color-5)","background-image":"","background-repeat":"repeat","background-position":"center center","background-size":"auto","background-attachment":"scroll","background-type":"","background-media":"","overlay-type":"","overlay-color":"","overlay-opacity":"","overlay-gradient":""}},"footnotes":""},"class_list":["post-21450","page","type-page","status-publish","hentry"],"yoast_head":"<!-- This site is optimized with the Yoast SEO plugin v27.3 - https:\/\/yoast.com\/product\/yoast-seo-wordpress\/ -->\n<title>Pourquoi n\u2019exp\u00e9dions-nous actuellement qu\u2019en Allemagne ? - BSS \u2013 Breitenb\u00fccher Streaming Service<\/title>\n<meta name=\"description\" content=\"Malheureusement, nous ne pouvons actuellement vous livrer qu\u2019en Allemagne.\" \/>\n<meta name=\"robots\" content=\"index, follow, max-snippet:-1, max-image-preview:large, max-video-preview:-1\" \/>\n<link rel=\"canonical\" href=\"https:\/\/bss-streamingservice.de\/fr\/pourquoi-nexpedions-nous-actuellement-quen-allemagne\/\" \/>\n<meta property=\"og:locale\" content=\"fr_FR\" \/>\n<meta property=\"og:type\" content=\"article\" \/>\n<meta property=\"og:title\" content=\"Pourquoi n\u2019exp\u00e9dions-nous actuellement qu\u2019en Allemagne ? - BSS \u2013 Breitenb\u00fccher Streaming Service\" \/>\n<meta property=\"og:description\" content=\"Malheureusement, nous ne pouvons actuellement vous livrer qu\u2019en Allemagne.\" \/>\n<meta property=\"og:url\" content=\"https:\/\/bss-streamingservice.de\/fr\/pourquoi-nexpedions-nous-actuellement-quen-allemagne\/\" \/>\n<meta property=\"og:site_name\" content=\"BSS \u2013 Breitenb\u00fccher Streaming Service\" \/>\n<meta property=\"article:modified_time\" content=\"2025-04-29T19:03:41+00:00\" \/>\n<meta name=\"twitter:card\" content=\"summary_large_image\" \/>\n<meta name=\"twitter:label1\" content=\"Dur\u00e9e de lecture estim\u00e9e\" \/>\n\t<meta name=\"twitter:data1\" content=\"5 minutes\" \/>\n<script type=\"application\/ld+json\" class=\"yoast-schema-graph\">{\"@context\":\"https:\\\/\\\/schema.org\",\"@graph\":[{\"@type\":\"WebPage\",\"@id\":\"https:\\\/\\\/bss-streamingservice.de\\\/fr\\\/pourquoi-nexpedions-nous-actuellement-quen-allemagne\\\/\",\"url\":\"https:\\\/\\\/bss-streamingservice.de\\\/fr\\\/pourquoi-nexpedions-nous-actuellement-quen-allemagne\\\/\",\"name\":\"Pourquoi n\u2019exp\u00e9dions-nous actuellement qu\u2019en Allemagne ? - BSS \u2013 Breitenb\u00fccher Streaming Service\",\"isPartOf\":{\"@id\":\"https:\\\/\\\/bss-streamingservice.de\\\/fr\\\/#website\"},\"datePublished\":\"2023-02-07T21:05:28+00:00\",\"dateModified\":\"2025-04-29T19:03:41+00:00\",\"description\":\"Malheureusement, nous ne pouvons actuellement vous livrer qu\u2019en Allemagne.\",\"breadcrumb\":{\"@id\":\"https:\\\/\\\/bss-streamingservice.de\\\/fr\\\/pourquoi-nexpedions-nous-actuellement-quen-allemagne\\\/#breadcrumb\"},\"inLanguage\":\"fr-FR\",\"potentialAction\":[{\"@type\":\"ReadAction\",\"target\":[\"https:\\\/\\\/bss-streamingservice.de\\\/fr\\\/pourquoi-nexpedions-nous-actuellement-quen-allemagne\\\/\"]}]},{\"@type\":\"BreadcrumbList\",\"@id\":\"https:\\\/\\\/bss-streamingservice.de\\\/fr\\\/pourquoi-nexpedions-nous-actuellement-quen-allemagne\\\/#breadcrumb\",\"itemListElement\":[{\"@type\":\"ListItem\",\"position\":1,\"name\":\"Startseite\",\"item\":\"https:\\\/\\\/bss-streamingservice.de\\\/fr\\\/page-daccueil\\\/\"},{\"@type\":\"ListItem\",\"position\":2,\"name\":\"Pourquoi n\u2019exp\u00e9dions-nous actuellement qu\u2019en Allemagne ?\"}]},{\"@type\":\"WebSite\",\"@id\":\"https:\\\/\\\/bss-streamingservice.de\\\/fr\\\/#website\",\"url\":\"https:\\\/\\\/bss-streamingservice.de\\\/fr\\\/\",\"name\":\"BSS \u2013 Breitenb\u00fccher Streaming Service\",\"description\":\"BSS - Live Streaming Service de Pl\u00fcderhausen pr\u00e8s de Stuttgart, Allemagne, - solutions de streaming \u00e9volutives, enregistrements vid\u00e9o et produits de streaming adapt\u00e9s \u00e0 vos besoins.\",\"publisher\":{\"@id\":\"https:\\\/\\\/bss-streamingservice.de\\\/fr\\\/#organization\"},\"potentialAction\":[{\"@type\":\"SearchAction\",\"target\":{\"@type\":\"EntryPoint\",\"urlTemplate\":\"https:\\\/\\\/bss-streamingservice.de\\\/fr\\\/?s={search_term_string}\"},\"query-input\":{\"@type\":\"PropertyValueSpecification\",\"valueRequired\":true,\"valueName\":\"search_term_string\"}}],\"inLanguage\":\"fr-FR\"},{\"@type\":\"Organization\",\"@id\":\"https:\\\/\\\/bss-streamingservice.de\\\/fr\\\/#organization\",\"name\":\"BSS \u2013 Breitenb\u00fccher Streaming Service\",\"url\":\"https:\\\/\\\/bss-streamingservice.de\\\/fr\\\/\",\"logo\":{\"@type\":\"ImageObject\",\"inLanguage\":\"fr-FR\",\"@id\":\"https:\\\/\\\/bss-streamingservice.de\\\/fr\\\/#\\\/schema\\\/logo\\\/image\\\/\",\"url\":\"https:\\\/\\\/bss-streamingservice.de\\\/wp-content\\\/uploads\\\/2021\\\/05\\\/Logo-BSS-weiss-farbiger-hintergrund.png\",\"contentUrl\":\"https:\\\/\\\/bss-streamingservice.de\\\/wp-content\\\/uploads\\\/2021\\\/05\\\/Logo-BSS-weiss-farbiger-hintergrund.png\",\"width\":779,\"height\":508,\"caption\":\"BSS \u2013 Breitenb\u00fccher Streaming Service\"},\"image\":{\"@id\":\"https:\\\/\\\/bss-streamingservice.de\\\/fr\\\/#\\\/schema\\\/logo\\\/image\\\/\"}}]}<\/script>\n<!-- \/ Yoast SEO plugin. -->","yoast_head_json":{"title":"Pourquoi n\u2019exp\u00e9dions-nous actuellement qu\u2019en Allemagne ? - BSS \u2013 Breitenb\u00fccher Streaming Service","description":"Malheureusement, nous ne pouvons actuellement vous livrer qu\u2019en Allemagne.","robots":{"index":"index","follow":"follow","max-snippet":"max-snippet:-1","max-image-preview":"max-image-preview:large","max-video-preview":"max-video-preview:-1"},"canonical":"https:\/\/bss-streamingservice.de\/fr\/pourquoi-nexpedions-nous-actuellement-quen-allemagne\/","og_locale":"fr_FR","og_type":"article","og_title":"Pourquoi n\u2019exp\u00e9dions-nous actuellement qu\u2019en Allemagne ? - BSS \u2013 Breitenb\u00fccher Streaming Service","og_description":"Malheureusement, nous ne pouvons actuellement vous livrer qu\u2019en Allemagne.","og_url":"https:\/\/bss-streamingservice.de\/fr\/pourquoi-nexpedions-nous-actuellement-quen-allemagne\/","og_site_name":"BSS \u2013 Breitenb\u00fccher Streaming Service","article_modified_time":"2025-04-29T19:03:41+00:00","twitter_card":"summary_large_image","twitter_misc":{"Dur\u00e9e de lecture estim\u00e9e":"5 minutes"},"schema":{"@context":"https:\/\/schema.org","@graph":[{"@type":"WebPage","@id":"https:\/\/bss-streamingservice.de\/fr\/pourquoi-nexpedions-nous-actuellement-quen-allemagne\/","url":"https:\/\/bss-streamingservice.de\/fr\/pourquoi-nexpedions-nous-actuellement-quen-allemagne\/","name":"Pourquoi n\u2019exp\u00e9dions-nous actuellement qu\u2019en Allemagne ? - BSS \u2013 Breitenb\u00fccher Streaming Service","isPartOf":{"@id":"https:\/\/bss-streamingservice.de\/fr\/#website"},"datePublished":"2023-02-07T21:05:28+00:00","dateModified":"2025-04-29T19:03:41+00:00","description":"Malheureusement, nous ne pouvons actuellement vous livrer qu\u2019en Allemagne.","breadcrumb":{"@id":"https:\/\/bss-streamingservice.de\/fr\/pourquoi-nexpedions-nous-actuellement-quen-allemagne\/#breadcrumb"},"inLanguage":"fr-FR","potentialAction":[{"@type":"ReadAction","target":["https:\/\/bss-streamingservice.de\/fr\/pourquoi-nexpedions-nous-actuellement-quen-allemagne\/"]}]},{"@type":"BreadcrumbList","@id":"https:\/\/bss-streamingservice.de\/fr\/pourquoi-nexpedions-nous-actuellement-quen-allemagne\/#breadcrumb","itemListElement":[{"@type":"ListItem","position":1,"name":"Startseite","item":"https:\/\/bss-streamingservice.de\/fr\/page-daccueil\/"},{"@type":"ListItem","position":2,"name":"Pourquoi n\u2019exp\u00e9dions-nous actuellement qu\u2019en Allemagne ?"}]},{"@type":"WebSite","@id":"https:\/\/bss-streamingservice.de\/fr\/#website","url":"https:\/\/bss-streamingservice.de\/fr\/","name":"BSS \u2013 Breitenb\u00fccher Streaming Service","description":"BSS - Live Streaming Service de Pl\u00fcderhausen pr\u00e8s de Stuttgart, Allemagne, - solutions de streaming \u00e9volutives, enregistrements vid\u00e9o et produits de streaming adapt\u00e9s \u00e0 vos besoins.","publisher":{"@id":"https:\/\/bss-streamingservice.de\/fr\/#organization"},"potentialAction":[{"@type":"SearchAction","target":{"@type":"EntryPoint","urlTemplate":"https:\/\/bss-streamingservice.de\/fr\/?s={search_term_string}"},"query-input":{"@type":"PropertyValueSpecification","valueRequired":true,"valueName":"search_term_string"}}],"inLanguage":"fr-FR"},{"@type":"Organization","@id":"https:\/\/bss-streamingservice.de\/fr\/#organization","name":"BSS \u2013 Breitenb\u00fccher Streaming Service","url":"https:\/\/bss-streamingservice.de\/fr\/","logo":{"@type":"ImageObject","inLanguage":"fr-FR","@id":"https:\/\/bss-streamingservice.de\/fr\/#\/schema\/logo\/image\/","url":"https:\/\/bss-streamingservice.de\/wp-content\/uploads\/2021\/05\/Logo-BSS-weiss-farbiger-hintergrund.png","contentUrl":"https:\/\/bss-streamingservice.de\/wp-content\/uploads\/2021\/05\/Logo-BSS-weiss-farbiger-hintergrund.png","width":779,"height":508,"caption":"BSS \u2013 Breitenb\u00fccher Streaming Service"},"image":{"@id":"https:\/\/bss-streamingservice.de\/fr\/#\/schema\/logo\/image\/"}}]}},"uagb_featured_image_src":{"full":false,"thumbnail":false,"medium":false,"medium_large":false,"large":false,"1536x1536":false,"2048x2048":false,"woocommerce_thumbnail":false,"woocommerce_single":false,"woocommerce_gallery_thumbnail":false},"uagb_author_info":{"display_name":"admin","author_link":"https:\/\/bss-streamingservice.de\/fr\/author\/admin\/"},"uagb_comment_info":0,"uagb_excerpt":"Pourquoi n\u2019exp\u00e9dions-nous actuellement qu\u2019en Allemagne ? versions anglaise et fran\u00e7aise ci-dessous Chers clients, En raison des co\u00fbts \u00e9lev\u00e9s et de l\u2019effort administratif et bureaucratique \u00e9lev\u00e9 dans le domaine des r\u00e9glementations sp\u00e9cifiques \u00e0 chaque pays de la loi europ\u00e9enne sur les \u00e9quipements \u00e9lectroniques (DEEE), ainsi que des diff\u00e9rentes l\u00e9gislations sur l\u2019emballage, il nous est presque impossible,\u2026","_links":{"self":[{"href":"https:\/\/bss-streamingservice.de\/fr\/wp-json\/wp\/v2\/pages\/21450","targetHints":{"allow":["GET"]}}],"collection":[{"href":"https:\/\/bss-streamingservice.de\/fr\/wp-json\/wp\/v2\/pages"}],"about":[{"href":"https:\/\/bss-streamingservice.de\/fr\/wp-json\/wp\/v2\/types\/page"}],"author":[{"embeddable":true,"href":"https:\/\/bss-streamingservice.de\/fr\/wp-json\/wp\/v2\/users\/1"}],"replies":[{"embeddable":true,"href":"https:\/\/bss-streamingservice.de\/fr\/wp-json\/wp\/v2\/comments?post=21450"}],"version-history":[{"count":0,"href":"https:\/\/bss-streamingservice.de\/fr\/wp-json\/wp\/v2\/pages\/21450\/revisions"}],"wp:attachment":[{"href":"https:\/\/bss-streamingservice.de\/fr\/wp-json\/wp\/v2\/media?parent=21450"}],"curies":[{"name":"wp","href":"https:\/\/api.w.org\/{rel}","templated":true}]}}