{"id":14421,"date":"2023-08-02T07:08:54","date_gmt":"2023-08-02T05:08:54","guid":{"rendered":"https:\/\/bss-streamingservice.de\/?post_type=product&#038;p=14421"},"modified":"2025-01-17T12:38:10","modified_gmt":"2025-01-17T11:38:10","slug":"b-stock-bss-case-professional-fuer-atem-mini-extreme","status":"publish","type":"product","link":"https:\/\/bss-streamingservice.de\/fr\/produit\/b-stock-bss-case-professional-fuer-atem-mini-extreme\/","title":{"rendered":"B-Stock BSS Case Professional f\u00fcr ATEM Mini Extreme"},"content":{"rendered":"<h3>B-Stock Case<\/h3>\n<p>Info: R\u00fcckl\u00e4ufer aus Bemusterung. Technisch einwandfrei. Volle Gew\u00e4hrleistung. Kleine optische M\u00e4ngel (siehe Beschreibung)<br \/>\nDas Ger\u00e4t ist ein lagerhaltiges Fertigger\u00e4t, f\u00fcr eventuell gew\u00fcnschte Optionen wenden Sie sich bitte an unseren Service.<\/p>\n<p>Das Case Professional f\u00fcr ATEM Mini Extreme ist ein komplettes Streaming Setup mit einem integriertem 15-Zoll Monitor f\u00fcr die\u00a0<a href=\"https:\/\/www.blackmagicdesign.com\/de\/products\/atemmini\" target=\"_blank\" rel=\"noopener\">ATEM Mini Extreme Serie<\/a> der Fa. Blackmagic Design Pty. Ltd. Im stabilen\u00a0Koffer mit integriertem Netzteil bringt er seinen Transportschutz gleich mit. Die Gr\u00f6\u00dfe mit gerade mal 430x380x154mm ist optimal an den ATEM Mini Extreme angepasst und hat damit gen\u00fcgend Platz f\u00fcr Erweiterungen und f\u00fcr die zus\u00e4tzlich erh\u00e4ltlichen Features. Mit der USB-Ladebuchse oder dem 12V Batterieanschluss sowie bis zu vier integrierten SDI-Konvertern, l\u00e4sst sich der Koffer auf deine Anforderungen hin konfigurieren. Und dies alles leicht transportabel mit kompakten Abma\u00dfen. Zudem ist das Case komplett einschaltfertig mit montiertem ATEM Mini Extreme oder ATEM Mini Extreme ISO erh\u00e4ltlich.<\/p>\n<h2>Detaillierte Infos zum Case<\/h2>\n<p>Alle Infos zum Case Professional f\u00fcr ATEM Mini Extreme finden sich unter <a href=\"https:\/\/bss-streamingservice.de\/bss-cases-fuer-atem-mini\/case-atem-mini-extreme\/\" target=\"_blank\" rel=\"noopener\"><strong>BSS-Case Extreme<\/strong><\/a>.<\/p>\n<p>Die komplette Produkt\u00fcbersicht auf zwei Seiten: <a href=\"https:\/\/bss-streamingservice.de\/wp-content\/uploads\/bss-documents\/BSS-Case-Extreme-Katalogblatt-DE.pdf\" target=\"_blank\" rel=\"noopener\"><strong>unser Katalogblatt.<\/strong><\/a><\/p>\n<p><!--more--><\/p>\n<div class=\" pafe-equal-height-desktop pafe-equal-height-tablet pafe-equal-height-mobile elementor-element elementor-element-9bb1c1f elementor-widget elementor-widget-text-editor\" data-pafe-equal-height=\"produkt-1\" data-pafe-equal-height-widget-container=\"\" data-id=\"9bb1c1f\" data-element_type=\"widget\" data-widget_type=\"text-editor.default\">\n<div class=\"elementor-widget-container\">\n<h3>Kurz\u00fcberblick Technik<\/h3>\n<p>Das Professional Case umfasst in der Standardversion analog alle Anschlu\u0308sse des ATEM\u00a0Mini Extreme Pro \/ ISO mit Audio- und Kopfh\u00f6reranschluss in 6,35\u00a0mm Klinke-Ausfu\u0308hrung. Alle Anschlu\u0308sse sind auf der Case Ru\u0308ck- und linken Seite nach au\u00dfen gefu\u0308hrt. Der HDMI-Ausgang 1 ist als dupliziertes Monitorsignal auf der Case R\u00fcckseite vorhanden. Die folgende Liste zeigt die Standards und optionalen M\u00f6glichkeiten beim BSS Case f\u00fcr den ATEM Mini Extreme.<\/p>\n<\/div>\n<div class=\"elementor-widget-container\" style=\"padding-left: 40px;\"><i class=\"fas fa-check \" ><\/i> Integriertes Netzteil 6,67A<br \/>\n<i class=\"fas fa-check \" ><\/i> L\u00fcfter &#8211; PWM thermostat gesteuert<br \/>\n<i class=\"fas fa-check \" ><\/i> 3,5mm Audiobuchsen (Basic), verriegelbare 6,35mm-Audiobuchsen (Professional\/SDI)<br \/>\n<i class=\"fas fa-check \" ><\/i> 6,35mm Kopfh\u00f6rerbuchse<\/div>\n<div class=\"elementor-widget-container\" style=\"padding-left: 40px;\"><i class=\"fas fa-check \" ><\/i> Buchsenausf\u00fchrung &#8220;Neutrik&#8221;<br \/>\n<i class=\"fas fa-check \" ><\/i> HDMI Ausgang 1 auf Case R\u00fcckseite<br \/>\n<i class=\"fas fa-plus \" ><\/i> Optional erh\u00e4ltlich: ATEM Mini Extreme Pro (ISO)<\/div>\n<div class=\"elementor-widget-container\" style=\"padding-left: 40px;\"><i class=\"fas fa-plus \" ><\/i> Optional erh\u00e4ltlich: 2x oder 4x integrierter 3G SDI-Konverter<br \/>\n<i class=\"fas fa-plus \" ><\/i> Optional erh\u00e4ltlich: USB-A Ladebuchse<br \/>\n<i class=\"fas fa-plus \" ><\/i> Optional erh\u00e4ltlich: 12V Batterieanschluss mit USV-Funktion<\/div>\n<\/div>\n","protected":false},"excerpt":{"rendered":"<p style=\"line-heigh: 120%;\">Das mobile All-In-One Streaming Setup Case f\u00fcr den ATEM\u00a0Mini\u00a0Extreme Videomischer von Blackmagic Design. Kompakt, transportabel, robust und mit optionalen Erweiterungen genau an deine Anforderungen anpassbar!<\/p>\n","protected":false},"featured_media":17872,"template":"","meta":{"_uag_custom_page_level_css":"","site-sidebar-layout":"default","site-content-layout":"default","ast-site-content-layout":"default","site-content-style":"default","site-sidebar-style":"default","ast-global-header-display":"","ast-banner-title-visibility":"","ast-main-header-display":"","ast-hfb-above-header-display":"","ast-hfb-below-header-display":"","ast-hfb-mobile-header-display":"","site-post-title":"","ast-breadcrumbs-content":"","ast-featured-img":"","footer-sml-layout":"","ast-disable-related-posts":"","theme-transparent-header-meta":"default","adv-header-id-meta":"","stick-header-meta":"default","header-above-stick-meta":"","header-main-stick-meta":"","header-below-stick-meta":"","astra-migrate-meta-layouts":"set","ast-page-background-enabled":"default","ast-page-background-meta":{"desktop":{"background-color":"","background-image":"","background-repeat":"repeat","background-position":"center center","background-size":"auto","background-attachment":"scroll","background-type":"","background-media":"","overlay-type":"","overlay-color":"","overlay-opacity":"","overlay-gradient":""},"tablet":{"background-color":"","background-image":"","background-repeat":"repeat","background-position":"center center","background-size":"auto","background-attachment":"scroll","background-type":"","background-media":"","overlay-type":"","overlay-color":"","overlay-opacity":"","overlay-gradient":""},"mobile":{"background-color":"","background-image":"","background-repeat":"repeat","background-position":"center center","background-size":"auto","background-attachment":"scroll","background-type":"","background-media":"","overlay-type":"","overlay-color":"","overlay-opacity":"","overlay-gradient":""}},"ast-content-background-meta":{"desktop":{"background-color":"var(--ast-global-color-5)","background-image":"","background-repeat":"repeat","background-position":"center center","background-size":"auto","background-attachment":"scroll","background-type":"","background-media":"","overlay-type":"","overlay-color":"","overlay-opacity":"","overlay-gradient":""},"tablet":{"background-color":"var(--ast-global-color-5)","background-image":"","background-repeat":"repeat","background-position":"center center","background-size":"auto","background-attachment":"scroll","background-type":"","background-media":"","overlay-type":"","overlay-color":"","overlay-opacity":"","overlay-gradient":""},"mobile":{"background-color":"var(--ast-global-color-5)","background-image":"","background-repeat":"repeat","background-position":"center center","background-size":"auto","background-attachment":"scroll","background-type":"","background-media":"","overlay-type":"","overlay-color":"","overlay-opacity":"","overlay-gradient":""}}},"product_brand":[],"product_cat":[17],"product_tag":[137,138,319,105,111,112,109,113,114,107,108],"class_list":{"0":"post-14421","1":"product","2":"type-product","3":"status-publish","4":"has-post-thumbnail","6":"product_cat-streaming-setup","7":"product_tag-atem-mini-extreme","8":"product_tag-atem-mini-extreme-iso","9":"product_tag-b-stock","10":"product_tag-case","11":"product_tag-case-mit-monitor","12":"product_tag-koffer-mit-monitor","13":"product_tag-streaming-set","14":"product_tag-transportcase","15":"product_tag-transportkoffer","16":"product_tag-videocase","17":"product_tag-videokoffer","18":"product_shipping_class-paket-10kg","19":"desktop-align-center","20":"tablet-align-center","21":"mobile-align-center","22":"ast-product-gallery-layout-horizontal-slider","23":"ast-product-gallery-with-no-image","24":"ast-product-single-variable","25":"ast-product-tabs-layout-horizontal","27":"first","28":"instock","29":"sale","30":"featured","31":"taxable","32":"shipping-taxable","33":"purchasable","34":"product-type-variable","35":"has-default-attributes"},"yoast_head":"<!-- This site is optimized with the Yoast SEO plugin v27.3 - https:\/\/yoast.com\/product\/yoast-seo-wordpress\/ -->\n<title>B-Stock Case Professional f\u00fcr ATEM Mini Extreme<\/title>\n<meta name=\"description\" content=\"B-Stock Case Professional f\u00fcr ATEM Mini Extreme \u2013\u00a0das komplette Streaming Setup und dies besonders preiswert - solange Vorrat reicht!\" \/>\n<meta name=\"robots\" content=\"index, follow, max-snippet:-1, max-image-preview:large, max-video-preview:-1\" \/>\n<link rel=\"canonical\" href=\"https:\/\/bss-streamingservice.de\/fr\/produit\/b-stock-bss-case-professional-fuer-atem-mini-extreme\/\" \/>\n<meta property=\"og:locale\" content=\"fr_FR\" \/>\n<meta property=\"og:type\" content=\"article\" \/>\n<meta property=\"og:title\" content=\"B-Stock Case Professional f\u00fcr ATEM Mini Extreme\" \/>\n<meta property=\"og:description\" content=\"B-Stock Case Professional f\u00fcr ATEM Mini Extreme \u2013\u00a0das komplette Streaming Setup und dies besonders preiswert - solange Vorrat reicht!\" \/>\n<meta property=\"og:url\" content=\"https:\/\/bss-streamingservice.de\/fr\/produit\/b-stock-bss-case-professional-fuer-atem-mini-extreme\/\" \/>\n<meta property=\"og:site_name\" content=\"BSS \u2013 Breitenb\u00fccher Streaming Service\" \/>\n<meta property=\"article:modified_time\" content=\"2025-01-17T11:38:10+00:00\" \/>\n<meta property=\"og:image\" content=\"https:\/\/bss-streamingservice.de\/wp-content\/uploads\/2023\/12\/Extreme-Case-schraeg-Professional-ohne-ATEM_1024.webp\" \/>\n\t<meta property=\"og:image:width\" content=\"1024\" \/>\n\t<meta property=\"og:image:height\" content=\"1024\" \/>\n\t<meta property=\"og:image:type\" content=\"image\/webp\" \/>\n<meta name=\"twitter:card\" content=\"summary_large_image\" \/>\n<meta name=\"twitter:label1\" content=\"Dur\u00e9e de lecture estim\u00e9e\" \/>\n\t<meta name=\"twitter:data1\" content=\"2 minutes\" \/>\n<script type=\"application\/ld+json\" class=\"yoast-schema-graph\">{\"@context\":\"https:\\\/\\\/schema.org\",\"@graph\":[{\"@type\":\"WebPage\",\"@id\":\"https:\\\/\\\/bss-streamingservice.de\\\/fr\\\/produit\\\/b-stock-bss-case-professional-fuer-atem-mini-extreme\\\/\",\"url\":\"https:\\\/\\\/bss-streamingservice.de\\\/fr\\\/produit\\\/b-stock-bss-case-professional-fuer-atem-mini-extreme\\\/\",\"name\":\"B-Stock Case Professional f\u00fcr ATEM Mini Extreme\",\"isPartOf\":{\"@id\":\"https:\\\/\\\/bss-streamingservice.de\\\/fr\\\/#website\"},\"primaryImageOfPage\":{\"@id\":\"https:\\\/\\\/bss-streamingservice.de\\\/fr\\\/produit\\\/b-stock-bss-case-professional-fuer-atem-mini-extreme\\\/#primaryimage\"},\"image\":{\"@id\":\"https:\\\/\\\/bss-streamingservice.de\\\/fr\\\/produit\\\/b-stock-bss-case-professional-fuer-atem-mini-extreme\\\/#primaryimage\"},\"thumbnailUrl\":\"https:\\\/\\\/bss-streamingservice.de\\\/wp-content\\\/uploads\\\/2023\\\/12\\\/Extreme-Case-schraeg-Professional-ohne-ATEM_1024.webp\",\"datePublished\":\"2023-08-02T05:08:54+00:00\",\"dateModified\":\"2025-01-17T11:38:10+00:00\",\"description\":\"B-Stock Case Professional f\u00fcr ATEM Mini Extreme \u2013\u00a0das komplette Streaming Setup und dies besonders preiswert - solange Vorrat reicht!\",\"breadcrumb\":{\"@id\":\"https:\\\/\\\/bss-streamingservice.de\\\/fr\\\/produit\\\/b-stock-bss-case-professional-fuer-atem-mini-extreme\\\/#breadcrumb\"},\"inLanguage\":\"fr-FR\",\"potentialAction\":[{\"@type\":\"ReadAction\",\"target\":[\"https:\\\/\\\/bss-streamingservice.de\\\/fr\\\/produit\\\/b-stock-bss-case-professional-fuer-atem-mini-extreme\\\/\"]}]},{\"@type\":\"ImageObject\",\"inLanguage\":\"fr-FR\",\"@id\":\"https:\\\/\\\/bss-streamingservice.de\\\/fr\\\/produit\\\/b-stock-bss-case-professional-fuer-atem-mini-extreme\\\/#primaryimage\",\"url\":\"https:\\\/\\\/bss-streamingservice.de\\\/wp-content\\\/uploads\\\/2023\\\/12\\\/Extreme-Case-schraeg-Professional-ohne-ATEM_1024.webp\",\"contentUrl\":\"https:\\\/\\\/bss-streamingservice.de\\\/wp-content\\\/uploads\\\/2023\\\/12\\\/Extreme-Case-schraeg-Professional-ohne-ATEM_1024.webp\",\"width\":1024,\"height\":1024,\"caption\":\"Le bo\u00eetier professionnel Extreme comprend toutes les options et connexions de l'ATEM Extreme et peut \u00eatre mis \u00e0 niveau avec d'autres fonctionnalit\u00e9s.\"},{\"@type\":\"BreadcrumbList\",\"@id\":\"https:\\\/\\\/bss-streamingservice.de\\\/fr\\\/produit\\\/b-stock-bss-case-professional-fuer-atem-mini-extreme\\\/#breadcrumb\",\"itemListElement\":[{\"@type\":\"ListItem\",\"position\":1,\"name\":\"Startseite\",\"item\":\"https:\\\/\\\/bss-streamingservice.de\\\/fr\\\/page-daccueil\\\/\"},{\"@type\":\"ListItem\",\"position\":2,\"name\":\"Boutique\",\"item\":\"https:\\\/\\\/bss-streamingservice.de\\\/fr\\\/boutique\\\/\"},{\"@type\":\"ListItem\",\"position\":3,\"name\":\"ATEM Mini Extreme\",\"item\":\"https:\\\/\\\/bss-streamingservice.de\\\/fr\\\/mot-cle-produit\\\/atem-mini-extreme-fr\\\/\"},{\"@type\":\"ListItem\",\"position\":4,\"name\":\"Konfiguration Professional Case EXTREME\"}]},{\"@type\":\"WebSite\",\"@id\":\"https:\\\/\\\/bss-streamingservice.de\\\/fr\\\/#website\",\"url\":\"https:\\\/\\\/bss-streamingservice.de\\\/fr\\\/\",\"name\":\"BSS \u2013 Breitenb\u00fccher Streaming Service\",\"description\":\"BSS - Live Streaming Service de Pl\u00fcderhausen pr\u00e8s de Stuttgart, Allemagne, - solutions de streaming \u00e9volutives, enregistrements vid\u00e9o et produits de streaming adapt\u00e9s \u00e0 vos besoins.\",\"publisher\":{\"@id\":\"https:\\\/\\\/bss-streamingservice.de\\\/fr\\\/#organization\"},\"potentialAction\":[{\"@type\":\"SearchAction\",\"target\":{\"@type\":\"EntryPoint\",\"urlTemplate\":\"https:\\\/\\\/bss-streamingservice.de\\\/fr\\\/?s={search_term_string}\"},\"query-input\":{\"@type\":\"PropertyValueSpecification\",\"valueRequired\":true,\"valueName\":\"search_term_string\"}}],\"inLanguage\":\"fr-FR\"},{\"@type\":\"Organization\",\"@id\":\"https:\\\/\\\/bss-streamingservice.de\\\/fr\\\/#organization\",\"name\":\"BSS \u2013 Breitenb\u00fccher Streaming Service\",\"url\":\"https:\\\/\\\/bss-streamingservice.de\\\/fr\\\/\",\"logo\":{\"@type\":\"ImageObject\",\"inLanguage\":\"fr-FR\",\"@id\":\"https:\\\/\\\/bss-streamingservice.de\\\/fr\\\/#\\\/schema\\\/logo\\\/image\\\/\",\"url\":\"https:\\\/\\\/bss-streamingservice.de\\\/wp-content\\\/uploads\\\/2021\\\/05\\\/Logo-BSS-weiss-farbiger-hintergrund.png\",\"contentUrl\":\"https:\\\/\\\/bss-streamingservice.de\\\/wp-content\\\/uploads\\\/2021\\\/05\\\/Logo-BSS-weiss-farbiger-hintergrund.png\",\"width\":779,\"height\":508,\"caption\":\"BSS \u2013 Breitenb\u00fccher Streaming Service\"},\"image\":{\"@id\":\"https:\\\/\\\/bss-streamingservice.de\\\/fr\\\/#\\\/schema\\\/logo\\\/image\\\/\"}}]}<\/script>\n<!-- \/ Yoast SEO plugin. -->","yoast_head_json":{"title":"B-Stock Case Professional f\u00fcr ATEM Mini Extreme","description":"B-Stock Case Professional f\u00fcr ATEM Mini Extreme \u2013\u00a0das komplette Streaming Setup und dies besonders preiswert - solange Vorrat reicht!","robots":{"index":"index","follow":"follow","max-snippet":"max-snippet:-1","max-image-preview":"max-image-preview:large","max-video-preview":"max-video-preview:-1"},"canonical":"https:\/\/bss-streamingservice.de\/fr\/produit\/b-stock-bss-case-professional-fuer-atem-mini-extreme\/","og_locale":"fr_FR","og_type":"article","og_title":"B-Stock Case Professional f\u00fcr ATEM Mini Extreme","og_description":"B-Stock Case Professional f\u00fcr ATEM Mini Extreme \u2013\u00a0das komplette Streaming Setup und dies besonders preiswert - solange Vorrat reicht!","og_url":"https:\/\/bss-streamingservice.de\/fr\/produit\/b-stock-bss-case-professional-fuer-atem-mini-extreme\/","og_site_name":"BSS \u2013 Breitenb\u00fccher Streaming Service","article_modified_time":"2025-01-17T11:38:10+00:00","og_image":[{"width":1024,"height":1024,"url":"https:\/\/bss-streamingservice.de\/wp-content\/uploads\/2023\/12\/Extreme-Case-schraeg-Professional-ohne-ATEM_1024.webp","type":"image\/webp"}],"twitter_card":"summary_large_image","twitter_misc":{"Dur\u00e9e de lecture estim\u00e9e":"2 minutes"},"schema":{"@context":"https:\/\/schema.org","@graph":[{"@type":"WebPage","@id":"https:\/\/bss-streamingservice.de\/fr\/produit\/b-stock-bss-case-professional-fuer-atem-mini-extreme\/","url":"https:\/\/bss-streamingservice.de\/fr\/produit\/b-stock-bss-case-professional-fuer-atem-mini-extreme\/","name":"B-Stock Case Professional f\u00fcr ATEM Mini Extreme","isPartOf":{"@id":"https:\/\/bss-streamingservice.de\/fr\/#website"},"primaryImageOfPage":{"@id":"https:\/\/bss-streamingservice.de\/fr\/produit\/b-stock-bss-case-professional-fuer-atem-mini-extreme\/#primaryimage"},"image":{"@id":"https:\/\/bss-streamingservice.de\/fr\/produit\/b-stock-bss-case-professional-fuer-atem-mini-extreme\/#primaryimage"},"thumbnailUrl":"https:\/\/bss-streamingservice.de\/wp-content\/uploads\/2023\/12\/Extreme-Case-schraeg-Professional-ohne-ATEM_1024.webp","datePublished":"2023-08-02T05:08:54+00:00","dateModified":"2025-01-17T11:38:10+00:00","description":"B-Stock Case Professional f\u00fcr ATEM Mini Extreme \u2013\u00a0das komplette Streaming Setup und dies besonders preiswert - solange Vorrat reicht!","breadcrumb":{"@id":"https:\/\/bss-streamingservice.de\/fr\/produit\/b-stock-bss-case-professional-fuer-atem-mini-extreme\/#breadcrumb"},"inLanguage":"fr-FR","potentialAction":[{"@type":"ReadAction","target":["https:\/\/bss-streamingservice.de\/fr\/produit\/b-stock-bss-case-professional-fuer-atem-mini-extreme\/"]}]},{"@type":"ImageObject","inLanguage":"fr-FR","@id":"https:\/\/bss-streamingservice.de\/fr\/produit\/b-stock-bss-case-professional-fuer-atem-mini-extreme\/#primaryimage","url":"https:\/\/bss-streamingservice.de\/wp-content\/uploads\/2023\/12\/Extreme-Case-schraeg-Professional-ohne-ATEM_1024.webp","contentUrl":"https:\/\/bss-streamingservice.de\/wp-content\/uploads\/2023\/12\/Extreme-Case-schraeg-Professional-ohne-ATEM_1024.webp","width":1024,"height":1024,"caption":"Le bo\u00eetier professionnel Extreme comprend toutes les options et connexions de l'ATEM Extreme et peut \u00eatre mis \u00e0 niveau avec d'autres fonctionnalit\u00e9s."},{"@type":"BreadcrumbList","@id":"https:\/\/bss-streamingservice.de\/fr\/produit\/b-stock-bss-case-professional-fuer-atem-mini-extreme\/#breadcrumb","itemListElement":[{"@type":"ListItem","position":1,"name":"Startseite","item":"https:\/\/bss-streamingservice.de\/fr\/page-daccueil\/"},{"@type":"ListItem","position":2,"name":"Boutique","item":"https:\/\/bss-streamingservice.de\/fr\/boutique\/"},{"@type":"ListItem","position":3,"name":"ATEM Mini Extreme","item":"https:\/\/bss-streamingservice.de\/fr\/mot-cle-produit\/atem-mini-extreme-fr\/"},{"@type":"ListItem","position":4,"name":"Konfiguration Professional Case EXTREME"}]},{"@type":"WebSite","@id":"https:\/\/bss-streamingservice.de\/fr\/#website","url":"https:\/\/bss-streamingservice.de\/fr\/","name":"BSS \u2013 Breitenb\u00fccher Streaming Service","description":"BSS - Live Streaming Service de Pl\u00fcderhausen pr\u00e8s de Stuttgart, Allemagne, - solutions de streaming \u00e9volutives, enregistrements vid\u00e9o et produits de streaming adapt\u00e9s \u00e0 vos besoins.","publisher":{"@id":"https:\/\/bss-streamingservice.de\/fr\/#organization"},"potentialAction":[{"@type":"SearchAction","target":{"@type":"EntryPoint","urlTemplate":"https:\/\/bss-streamingservice.de\/fr\/?s={search_term_string}"},"query-input":{"@type":"PropertyValueSpecification","valueRequired":true,"valueName":"search_term_string"}}],"inLanguage":"fr-FR"},{"@type":"Organization","@id":"https:\/\/bss-streamingservice.de\/fr\/#organization","name":"BSS \u2013 Breitenb\u00fccher Streaming Service","url":"https:\/\/bss-streamingservice.de\/fr\/","logo":{"@type":"ImageObject","inLanguage":"fr-FR","@id":"https:\/\/bss-streamingservice.de\/fr\/#\/schema\/logo\/image\/","url":"https:\/\/bss-streamingservice.de\/wp-content\/uploads\/2021\/05\/Logo-BSS-weiss-farbiger-hintergrund.png","contentUrl":"https:\/\/bss-streamingservice.de\/wp-content\/uploads\/2021\/05\/Logo-BSS-weiss-farbiger-hintergrund.png","width":779,"height":508,"caption":"BSS \u2013 Breitenb\u00fccher Streaming Service"},"image":{"@id":"https:\/\/bss-streamingservice.de\/fr\/#\/schema\/logo\/image\/"}}]}},"uagb_featured_image_src":{"full":["https:\/\/bss-streamingservice.de\/wp-content\/uploads\/2023\/12\/Extreme-Case-schraeg-Professional-ohne-ATEM_1024.webp",1024,1024,false],"thumbnail":["https:\/\/bss-streamingservice.de\/wp-content\/uploads\/2023\/12\/Extreme-Case-schraeg-Professional-ohne-ATEM_1024-150x150.webp",150,150,true],"medium":["https:\/\/bss-streamingservice.de\/wp-content\/uploads\/2023\/12\/Extreme-Case-schraeg-Professional-ohne-ATEM_1024-300x300.webp",300,300,true],"medium_large":["https:\/\/bss-streamingservice.de\/wp-content\/uploads\/2023\/12\/Extreme-Case-schraeg-Professional-ohne-ATEM_1024-768x768.webp",768,768,true],"large":["https:\/\/bss-streamingservice.de\/wp-content\/uploads\/2023\/12\/Extreme-Case-schraeg-Professional-ohne-ATEM_1024.webp",1024,1024,false],"1536x1536":["https:\/\/bss-streamingservice.de\/wp-content\/uploads\/2023\/12\/Extreme-Case-schraeg-Professional-ohne-ATEM_1024.webp",1024,1024,false],"2048x2048":["https:\/\/bss-streamingservice.de\/wp-content\/uploads\/2023\/12\/Extreme-Case-schraeg-Professional-ohne-ATEM_1024.webp",1024,1024,false],"woocommerce_thumbnail":["https:\/\/bss-streamingservice.de\/wp-content\/uploads\/2023\/12\/Extreme-Case-schraeg-Professional-ohne-ATEM_1024-300x300.webp",300,300,true],"woocommerce_single":["https:\/\/bss-streamingservice.de\/wp-content\/uploads\/2023\/12\/Extreme-Case-schraeg-Professional-ohne-ATEM_1024-600x600.webp",600,600,true],"woocommerce_gallery_thumbnail":["https:\/\/bss-streamingservice.de\/wp-content\/uploads\/2023\/12\/Extreme-Case-schraeg-Professional-ohne-ATEM_1024-100x100.webp",100,100,true]},"uagb_author_info":{"display_name":"admin","author_link":"https:\/\/bss-streamingservice.de\/fr\/author\/"},"uagb_comment_info":0,"uagb_excerpt":"Das mobile All-In-One Streaming Setup Case f\u00fcr den ATEM\u00a0Mini\u00a0Extreme Videomischer von Blackmagic Design. Kompakt, transportabel, robust und mit optionalen Erweiterungen genau an deine Anforderungen anpassbar!","_links":{"self":[{"href":"https:\/\/bss-streamingservice.de\/fr\/wp-json\/wp\/v2\/product\/14421","targetHints":{"allow":["GET"]}}],"collection":[{"href":"https:\/\/bss-streamingservice.de\/fr\/wp-json\/wp\/v2\/product"}],"about":[{"href":"https:\/\/bss-streamingservice.de\/fr\/wp-json\/wp\/v2\/types\/product"}],"wp:featuredmedia":[{"embeddable":true,"href":"https:\/\/bss-streamingservice.de\/fr\/wp-json\/wp\/v2\/media\/17872"}],"wp:attachment":[{"href":"https:\/\/bss-streamingservice.de\/fr\/wp-json\/wp\/v2\/media?parent=14421"}],"wp:term":[{"taxonomy":"product_brand","embeddable":true,"href":"https:\/\/bss-streamingservice.de\/fr\/wp-json\/wp\/v2\/product_brand?post=14421"},{"taxonomy":"product_cat","embeddable":true,"href":"https:\/\/bss-streamingservice.de\/fr\/wp-json\/wp\/v2\/product_cat?post=14421"},{"taxonomy":"product_tag","embeddable":true,"href":"https:\/\/bss-streamingservice.de\/fr\/wp-json\/wp\/v2\/product_tag?post=14421"}],"curies":[{"name":"wp","href":"https:\/\/api.w.org\/{rel}","templated":true}]}}