{"id":17654,"date":"2022-03-08T09:53:52","date_gmt":"2022-03-08T08:53:52","guid":{"rendered":"https:\/\/bss-streamingservice.de\/produkt\/connexion-de-la-batterie-prise-de-telepherique\/"},"modified":"2026-05-09T09:39:32","modified_gmt":"2026-05-09T07:39:32","slug":"connexion-de-la-batterie-prise-de-telepherique","status":"publish","type":"product","link":"https:\/\/bss-streamingservice.de\/fr\/produit\/connexion-de-la-batterie-prise-de-telepherique\/","title":{"rendered":"Connexion de la batterie Prise de t\u00e9l\u00e9ph\u00e9rique"},"content":{"rendered":"<p>Avec la prise de <strong>c\u00e2ble \u00e0 connexion batterie peu co\u00fbteuse,<\/strong> le bo\u00eetier BSS avec connexion batterie peut \u00eatre connect\u00e9 \u00e0 n\u2019importe quelle <a href=\"https:\/\/de.wikipedia.org\/wiki\/Bordspannungssteckdose\" target=\"_blank\" rel=\"noopener\">prise de tension embarqu\u00e9e en 12V pour voiture<\/a> . Le connecteur XLR \u00e0 quatre broches assure un verrouillage s\u00fbr du bo\u00eetier. Cela permet d\u2019alimenter tous les consommateurs tels que l\u2019ATEM Mini, le moniteur de terrain ou les p\u00e9riph\u00e9riques connect\u00e9s \u00e0 la prise USB en option. Et ce avec un courant maximum allant jusqu\u2019\u00e0 3A.<\/p>\n<p>Gr\u00e2ce \u00e0 son adaptateur amovible, la prise de voiture s\u2019adapte aussi bien aux prises 12V qu\u2019\u00e0 l\u2019allume-cigare.<\/p>\n<p>La longueur du c\u00e2ble est d\u2019environ 2,5 m<br \/>\n. Capacit\u00e9 maximale de charge de courant : 3 A<\/p>\n<p><strong>REMARQUE :<\/strong> Pour le bo\u00eetier BSS de l\u2019ATEM Extreme G2 ou pour des courants plus <strong>\u00e9lev\u00e9s jusqu\u2019\u00e0 10A<\/strong> , utilisez notre <a href=\"https:\/\/bss-streamingservice.de\/fr\/produit\/connexion-de-la-batterie-prise-de-telepherique-10a\/\">prise de c\u00e2ble pour la batterie 10A<\/a> ou notre <a href=\"https:\/\/bss-streamingservice.de\/fr\/produit\/cable-de-connexion-de-batterie-d-tap-10a\/\">c\u00e2ble D-TAP 10A pour la connexion de batterie<\/a> .<\/p>\n<p>La condition pr\u00e9alable pour faire fonctionner le bo\u00eetier BSS de l\u2019ATEM Mini avec batterie est l\u2019option \u00ab Connexion batterie \u00bb. Veuillez<br \/>\n consulter les instructions d\u2019utilisation et de s\u00e9curit\u00e9.<\/p>\n","protected":false},"excerpt":{"rendered":"<p>C\u00e2ble de connexion de batterie bon march\u00e9 avec prise de voiture<\/p>\n","protected":false},"featured_media":17658,"template":"","meta":{"_uag_custom_page_level_css":"","site-sidebar-layout":"default","site-content-layout":"default","ast-site-content-layout":"default","site-content-style":"default","site-sidebar-style":"default","ast-global-header-display":"","ast-banner-title-visibility":"","ast-main-header-display":"","ast-hfb-above-header-display":"","ast-hfb-below-header-display":"","ast-hfb-mobile-header-display":"","site-post-title":"","ast-breadcrumbs-content":"","ast-featured-img":"","footer-sml-layout":"","ast-disable-related-posts":"","theme-transparent-header-meta":"default","adv-header-id-meta":"","stick-header-meta":"default","header-above-stick-meta":"","header-main-stick-meta":"","header-below-stick-meta":"","astra-migrate-meta-layouts":"default","ast-page-background-enabled":"default","ast-page-background-meta":{"desktop":{"background-color":"","background-image":"","background-repeat":"repeat","background-position":"center center","background-size":"auto","background-attachment":"scroll","background-type":"","background-media":"","overlay-type":"","overlay-color":"","overlay-opacity":"","overlay-gradient":""},"tablet":{"background-color":"","background-image":"","background-repeat":"repeat","background-position":"center center","background-size":"auto","background-attachment":"scroll","background-type":"","background-media":"","overlay-type":"","overlay-color":"","overlay-opacity":"","overlay-gradient":""},"mobile":{"background-color":"","background-image":"","background-repeat":"repeat","background-position":"center center","background-size":"auto","background-attachment":"scroll","background-type":"","background-media":"","overlay-type":"","overlay-color":"","overlay-opacity":"","overlay-gradient":""}},"ast-content-background-meta":{"desktop":{"background-color":"var(--ast-global-color-5)","background-image":"","background-repeat":"repeat","background-position":"center center","background-size":"auto","background-attachment":"scroll","background-type":"","background-media":"","overlay-type":"","overlay-color":"","overlay-opacity":"","overlay-gradient":""},"tablet":{"background-color":"var(--ast-global-color-5)","background-image":"","background-repeat":"repeat","background-position":"center center","background-size":"auto","background-attachment":"scroll","background-type":"","background-media":"","overlay-type":"","overlay-color":"","overlay-opacity":"","overlay-gradient":""},"mobile":{"background-color":"var(--ast-global-color-5)","background-image":"","background-repeat":"repeat","background-position":"center center","background-size":"auto","background-attachment":"scroll","background-type":"","background-media":"","overlay-type":"","overlay-color":"","overlay-opacity":"","overlay-gradient":""}}},"product_brand":[],"product_cat":[358],"product_tag":[],"class_list":{"0":"post-17654","1":"product","2":"type-product","3":"status-publish","4":"has-post-thumbnail","6":"product_cat-boitier-streaming-video","7":"product_shipping_class-colis-m-jusqua-2kg","8":"desktop-align-center","9":"tablet-align-center","10":"mobile-align-center","11":"ast-product-gallery-layout-horizontal-slider","12":"ast-product-gallery-with-no-image","13":"ast-product-tabs-layout-horizontal","15":"first","16":"instock","17":"taxable","18":"shipping-taxable","19":"purchasable","20":"product-type-simple"},"yoast_head":"<!-- This site is optimized with the Yoast SEO plugin v27.5 - https:\/\/yoast.com\/product\/yoast-seo-wordpress\/ -->\n<title>Connexion de la batterie Prise de t\u00e9l\u00e9ph\u00e9rique<\/title>\n<meta name=\"description\" content=\"Avec la prise de c\u00e2ble de raccordement, le bo\u00eetier de l\u2019ATEM Mini peut \u00eatre aliment\u00e9 via n\u2019importe quelle prise de voiture 12V.\" \/>\n<meta name=\"robots\" content=\"index, follow, max-snippet:-1, max-image-preview:large, max-video-preview:-1\" \/>\n<link rel=\"canonical\" href=\"https:\/\/bss-streamingservice.de\/fr\/produit\/connexion-de-la-batterie-prise-de-telepherique\/\" \/>\n<meta property=\"og:locale\" content=\"fr_FR\" \/>\n<meta property=\"og:type\" content=\"article\" \/>\n<meta property=\"og:title\" content=\"Connexion de la batterie Prise de t\u00e9l\u00e9ph\u00e9rique\" \/>\n<meta property=\"og:description\" content=\"Avec la prise de c\u00e2ble de raccordement, le bo\u00eetier de l\u2019ATEM Mini peut \u00eatre aliment\u00e9 via n\u2019importe quelle prise de voiture 12V.\" \/>\n<meta property=\"og:url\" content=\"https:\/\/bss-streamingservice.de\/fr\/produit\/connexion-de-la-batterie-prise-de-telepherique\/\" \/>\n<meta property=\"og:site_name\" content=\"BSS \u2013 Breitenb\u00fccher Streaming Service\" \/>\n<meta property=\"article:modified_time\" content=\"2026-05-09T07:39:32+00:00\" \/>\n<meta property=\"og:image\" content=\"https:\/\/bss-streamingservice.de\/wp-content\/uploads\/2023\/12\/BSS-Case-KFZ-Batteriekabel_1024.webp\" \/>\n\t<meta property=\"og:image:width\" content=\"1024\" \/>\n\t<meta property=\"og:image:height\" content=\"1024\" \/>\n\t<meta property=\"og:image:type\" content=\"image\/webp\" \/>\n<meta name=\"twitter:card\" content=\"summary_large_image\" \/>\n<meta name=\"twitter:label1\" content=\"Dur\u00e9e de lecture estim\u00e9e\" \/>\n\t<meta name=\"twitter:data1\" content=\"1 minute\" \/>\n<script type=\"application\/ld+json\" class=\"yoast-schema-graph\">{\"@context\":\"https:\\\/\\\/schema.org\",\"@graph\":[{\"@type\":\"WebPage\",\"@id\":\"https:\\\/\\\/bss-streamingservice.de\\\/fr\\\/produit\\\/connexion-de-la-batterie-prise-de-telepherique\\\/\",\"url\":\"https:\\\/\\\/bss-streamingservice.de\\\/fr\\\/produit\\\/connexion-de-la-batterie-prise-de-telepherique\\\/\",\"name\":\"Connexion de la batterie Prise de t\u00e9l\u00e9ph\u00e9rique\",\"isPartOf\":{\"@id\":\"https:\\\/\\\/bss-streamingservice.de\\\/fr\\\/#website\"},\"primaryImageOfPage\":{\"@id\":\"https:\\\/\\\/bss-streamingservice.de\\\/fr\\\/produit\\\/connexion-de-la-batterie-prise-de-telepherique\\\/#primaryimage\"},\"image\":{\"@id\":\"https:\\\/\\\/bss-streamingservice.de\\\/fr\\\/produit\\\/connexion-de-la-batterie-prise-de-telepherique\\\/#primaryimage\"},\"thumbnailUrl\":\"https:\\\/\\\/bss-streamingservice.de\\\/wp-content\\\/uploads\\\/2023\\\/12\\\/BSS-Case-KFZ-Batteriekabel_1024.webp\",\"datePublished\":\"2022-03-08T08:53:52+00:00\",\"dateModified\":\"2026-05-09T07:39:32+00:00\",\"description\":\"Avec la prise de c\u00e2ble de raccordement, le bo\u00eetier de l\u2019ATEM Mini peut \u00eatre aliment\u00e9 via n\u2019importe quelle prise de voiture 12V.\",\"breadcrumb\":{\"@id\":\"https:\\\/\\\/bss-streamingservice.de\\\/fr\\\/produit\\\/connexion-de-la-batterie-prise-de-telepherique\\\/#breadcrumb\"},\"inLanguage\":\"fr-FR\",\"potentialAction\":[{\"@type\":\"ReadAction\",\"target\":[\"https:\\\/\\\/bss-streamingservice.de\\\/fr\\\/produit\\\/connexion-de-la-batterie-prise-de-telepherique\\\/\"]}]},{\"@type\":\"ImageObject\",\"inLanguage\":\"fr-FR\",\"@id\":\"https:\\\/\\\/bss-streamingservice.de\\\/fr\\\/produit\\\/connexion-de-la-batterie-prise-de-telepherique\\\/#primaryimage\",\"url\":\"https:\\\/\\\/bss-streamingservice.de\\\/wp-content\\\/uploads\\\/2023\\\/12\\\/BSS-Case-KFZ-Batteriekabel_1024.webp\",\"contentUrl\":\"https:\\\/\\\/bss-streamingservice.de\\\/wp-content\\\/uploads\\\/2023\\\/12\\\/BSS-Case-KFZ-Batteriekabel_1024.webp\",\"width\":1024,\"height\":1024,\"caption\":\"Connexion facile et s\u00fbre aux prises de voiture 12V et aux allume-cigares. Avec prise de voiture et prise XLR \u00e0 quatre broches.\"},{\"@type\":\"BreadcrumbList\",\"@id\":\"https:\\\/\\\/bss-streamingservice.de\\\/fr\\\/produit\\\/connexion-de-la-batterie-prise-de-telepherique\\\/#breadcrumb\",\"itemListElement\":[{\"@type\":\"ListItem\",\"position\":1,\"name\":\"Startseite\",\"item\":\"https:\\\/\\\/bss-streamingservice.de\\\/fr\\\/page-daccueil\\\/\"},{\"@type\":\"ListItem\",\"position\":2,\"name\":\"Boutique\",\"item\":\"https:\\\/\\\/bss-streamingservice.de\\\/fr\\\/boutique\\\/\"},{\"@type\":\"ListItem\",\"position\":3,\"name\":\"C\u00e2ble de connexion de batterie automobile\"}]},{\"@type\":\"WebSite\",\"@id\":\"https:\\\/\\\/bss-streamingservice.de\\\/fr\\\/#website\",\"url\":\"https:\\\/\\\/bss-streamingservice.de\\\/fr\\\/\",\"name\":\"BSS \u2013 Breitenb\u00fccher Streaming Service\",\"description\":\"BSS - Live Streaming Service de Pl\u00fcderhausen pr\u00e8s de Stuttgart, Allemagne, - solutions de streaming \u00e9volutives, enregistrements vid\u00e9o et produits de streaming adapt\u00e9s \u00e0 vos besoins.\",\"publisher\":{\"@id\":\"https:\\\/\\\/bss-streamingservice.de\\\/fr\\\/#organization\"},\"potentialAction\":[{\"@type\":\"SearchAction\",\"target\":{\"@type\":\"EntryPoint\",\"urlTemplate\":\"https:\\\/\\\/bss-streamingservice.de\\\/fr\\\/?s={search_term_string}\"},\"query-input\":{\"@type\":\"PropertyValueSpecification\",\"valueRequired\":true,\"valueName\":\"search_term_string\"}}],\"inLanguage\":\"fr-FR\"},{\"@type\":\"Organization\",\"@id\":\"https:\\\/\\\/bss-streamingservice.de\\\/fr\\\/#organization\",\"name\":\"BSS \u2013 Breitenb\u00fccher Streaming Service\",\"url\":\"https:\\\/\\\/bss-streamingservice.de\\\/fr\\\/\",\"logo\":{\"@type\":\"ImageObject\",\"inLanguage\":\"fr-FR\",\"@id\":\"https:\\\/\\\/bss-streamingservice.de\\\/fr\\\/#\\\/schema\\\/logo\\\/image\\\/\",\"url\":\"https:\\\/\\\/bss-streamingservice.de\\\/wp-content\\\/uploads\\\/2021\\\/05\\\/Logo-BSS-weiss-farbiger-hintergrund.png\",\"contentUrl\":\"https:\\\/\\\/bss-streamingservice.de\\\/wp-content\\\/uploads\\\/2021\\\/05\\\/Logo-BSS-weiss-farbiger-hintergrund.png\",\"width\":779,\"height\":508,\"caption\":\"BSS \u2013 Breitenb\u00fccher Streaming Service\"},\"image\":{\"@id\":\"https:\\\/\\\/bss-streamingservice.de\\\/fr\\\/#\\\/schema\\\/logo\\\/image\\\/\"}}]}<\/script>\n<!-- \/ Yoast SEO plugin. -->","yoast_head_json":{"title":"Connexion de la batterie Prise de t\u00e9l\u00e9ph\u00e9rique","description":"Avec la prise de c\u00e2ble de raccordement, le bo\u00eetier de l\u2019ATEM Mini peut \u00eatre aliment\u00e9 via n\u2019importe quelle prise de voiture 12V.","robots":{"index":"index","follow":"follow","max-snippet":"max-snippet:-1","max-image-preview":"max-image-preview:large","max-video-preview":"max-video-preview:-1"},"canonical":"https:\/\/bss-streamingservice.de\/fr\/produit\/connexion-de-la-batterie-prise-de-telepherique\/","og_locale":"fr_FR","og_type":"article","og_title":"Connexion de la batterie Prise de t\u00e9l\u00e9ph\u00e9rique","og_description":"Avec la prise de c\u00e2ble de raccordement, le bo\u00eetier de l\u2019ATEM Mini peut \u00eatre aliment\u00e9 via n\u2019importe quelle prise de voiture 12V.","og_url":"https:\/\/bss-streamingservice.de\/fr\/produit\/connexion-de-la-batterie-prise-de-telepherique\/","og_site_name":"BSS \u2013 Breitenb\u00fccher Streaming Service","article_modified_time":"2026-05-09T07:39:32+00:00","og_image":[{"width":1024,"height":1024,"url":"https:\/\/bss-streamingservice.de\/wp-content\/uploads\/2023\/12\/BSS-Case-KFZ-Batteriekabel_1024.webp","type":"image\/webp"}],"twitter_card":"summary_large_image","twitter_misc":{"Dur\u00e9e de lecture estim\u00e9e":"1 minute"},"schema":{"@context":"https:\/\/schema.org","@graph":[{"@type":"WebPage","@id":"https:\/\/bss-streamingservice.de\/fr\/produit\/connexion-de-la-batterie-prise-de-telepherique\/","url":"https:\/\/bss-streamingservice.de\/fr\/produit\/connexion-de-la-batterie-prise-de-telepherique\/","name":"Connexion de la batterie Prise de t\u00e9l\u00e9ph\u00e9rique","isPartOf":{"@id":"https:\/\/bss-streamingservice.de\/fr\/#website"},"primaryImageOfPage":{"@id":"https:\/\/bss-streamingservice.de\/fr\/produit\/connexion-de-la-batterie-prise-de-telepherique\/#primaryimage"},"image":{"@id":"https:\/\/bss-streamingservice.de\/fr\/produit\/connexion-de-la-batterie-prise-de-telepherique\/#primaryimage"},"thumbnailUrl":"https:\/\/bss-streamingservice.de\/wp-content\/uploads\/2023\/12\/BSS-Case-KFZ-Batteriekabel_1024.webp","datePublished":"2022-03-08T08:53:52+00:00","dateModified":"2026-05-09T07:39:32+00:00","description":"Avec la prise de c\u00e2ble de raccordement, le bo\u00eetier de l\u2019ATEM Mini peut \u00eatre aliment\u00e9 via n\u2019importe quelle prise de voiture 12V.","breadcrumb":{"@id":"https:\/\/bss-streamingservice.de\/fr\/produit\/connexion-de-la-batterie-prise-de-telepherique\/#breadcrumb"},"inLanguage":"fr-FR","potentialAction":[{"@type":"ReadAction","target":["https:\/\/bss-streamingservice.de\/fr\/produit\/connexion-de-la-batterie-prise-de-telepherique\/"]}]},{"@type":"ImageObject","inLanguage":"fr-FR","@id":"https:\/\/bss-streamingservice.de\/fr\/produit\/connexion-de-la-batterie-prise-de-telepherique\/#primaryimage","url":"https:\/\/bss-streamingservice.de\/wp-content\/uploads\/2023\/12\/BSS-Case-KFZ-Batteriekabel_1024.webp","contentUrl":"https:\/\/bss-streamingservice.de\/wp-content\/uploads\/2023\/12\/BSS-Case-KFZ-Batteriekabel_1024.webp","width":1024,"height":1024,"caption":"Connexion facile et s\u00fbre aux prises de voiture 12V et aux allume-cigares. Avec prise de voiture et prise XLR \u00e0 quatre broches."},{"@type":"BreadcrumbList","@id":"https:\/\/bss-streamingservice.de\/fr\/produit\/connexion-de-la-batterie-prise-de-telepherique\/#breadcrumb","itemListElement":[{"@type":"ListItem","position":1,"name":"Startseite","item":"https:\/\/bss-streamingservice.de\/fr\/page-daccueil\/"},{"@type":"ListItem","position":2,"name":"Boutique","item":"https:\/\/bss-streamingservice.de\/fr\/boutique\/"},{"@type":"ListItem","position":3,"name":"C\u00e2ble de connexion de batterie automobile"}]},{"@type":"WebSite","@id":"https:\/\/bss-streamingservice.de\/fr\/#website","url":"https:\/\/bss-streamingservice.de\/fr\/","name":"BSS \u2013 Breitenb\u00fccher Streaming Service","description":"BSS - Live Streaming Service de Pl\u00fcderhausen pr\u00e8s de Stuttgart, Allemagne, - solutions de streaming \u00e9volutives, enregistrements vid\u00e9o et produits de streaming adapt\u00e9s \u00e0 vos besoins.","publisher":{"@id":"https:\/\/bss-streamingservice.de\/fr\/#organization"},"potentialAction":[{"@type":"SearchAction","target":{"@type":"EntryPoint","urlTemplate":"https:\/\/bss-streamingservice.de\/fr\/?s={search_term_string}"},"query-input":{"@type":"PropertyValueSpecification","valueRequired":true,"valueName":"search_term_string"}}],"inLanguage":"fr-FR"},{"@type":"Organization","@id":"https:\/\/bss-streamingservice.de\/fr\/#organization","name":"BSS \u2013 Breitenb\u00fccher Streaming Service","url":"https:\/\/bss-streamingservice.de\/fr\/","logo":{"@type":"ImageObject","inLanguage":"fr-FR","@id":"https:\/\/bss-streamingservice.de\/fr\/#\/schema\/logo\/image\/","url":"https:\/\/bss-streamingservice.de\/wp-content\/uploads\/2021\/05\/Logo-BSS-weiss-farbiger-hintergrund.png","contentUrl":"https:\/\/bss-streamingservice.de\/wp-content\/uploads\/2021\/05\/Logo-BSS-weiss-farbiger-hintergrund.png","width":779,"height":508,"caption":"BSS \u2013 Breitenb\u00fccher Streaming Service"},"image":{"@id":"https:\/\/bss-streamingservice.de\/fr\/#\/schema\/logo\/image\/"}}]}},"uagb_featured_image_src":{"full":["https:\/\/bss-streamingservice.de\/wp-content\/uploads\/2023\/12\/BSS-Case-KFZ-Batteriekabel_1024.webp",1024,1024,false],"thumbnail":["https:\/\/bss-streamingservice.de\/wp-content\/uploads\/2023\/12\/BSS-Case-KFZ-Batteriekabel_1024-150x150.webp",150,150,true],"medium":["https:\/\/bss-streamingservice.de\/wp-content\/uploads\/2023\/12\/BSS-Case-KFZ-Batteriekabel_1024-300x300.webp",300,300,true],"medium_large":["https:\/\/bss-streamingservice.de\/wp-content\/uploads\/2023\/12\/BSS-Case-KFZ-Batteriekabel_1024-768x768.webp",768,768,true],"large":["https:\/\/bss-streamingservice.de\/wp-content\/uploads\/2023\/12\/BSS-Case-KFZ-Batteriekabel_1024.webp",1024,1024,false],"1536x1536":["https:\/\/bss-streamingservice.de\/wp-content\/uploads\/2023\/12\/BSS-Case-KFZ-Batteriekabel_1024.webp",1024,1024,false],"2048x2048":["https:\/\/bss-streamingservice.de\/wp-content\/uploads\/2023\/12\/BSS-Case-KFZ-Batteriekabel_1024.webp",1024,1024,false],"woocommerce_thumbnail":["https:\/\/bss-streamingservice.de\/wp-content\/uploads\/2023\/12\/BSS-Case-KFZ-Batteriekabel_1024-300x300.webp",300,300,true],"woocommerce_single":["https:\/\/bss-streamingservice.de\/wp-content\/uploads\/2023\/12\/BSS-Case-KFZ-Batteriekabel_1024-600x600.webp",600,600,true],"woocommerce_gallery_thumbnail":["https:\/\/bss-streamingservice.de\/wp-content\/uploads\/2023\/12\/BSS-Case-KFZ-Batteriekabel_1024-100x100.webp",100,100,true]},"uagb_author_info":{"display_name":"admin","author_link":"https:\/\/bss-streamingservice.de\/fr\/author\/"},"uagb_comment_info":0,"uagb_excerpt":"C\u00e2ble de connexion de batterie bon march\u00e9 avec prise de voiture","_links":{"self":[{"href":"https:\/\/bss-streamingservice.de\/fr\/wp-json\/wp\/v2\/product\/17654","targetHints":{"allow":["GET"]}}],"collection":[{"href":"https:\/\/bss-streamingservice.de\/fr\/wp-json\/wp\/v2\/product"}],"about":[{"href":"https:\/\/bss-streamingservice.de\/fr\/wp-json\/wp\/v2\/types\/product"}],"wp:featuredmedia":[{"embeddable":true,"href":"https:\/\/bss-streamingservice.de\/fr\/wp-json\/wp\/v2\/media\/17658"}],"wp:attachment":[{"href":"https:\/\/bss-streamingservice.de\/fr\/wp-json\/wp\/v2\/media?parent=17654"}],"wp:term":[{"taxonomy":"product_brand","embeddable":true,"href":"https:\/\/bss-streamingservice.de\/fr\/wp-json\/wp\/v2\/product_brand?post=17654"},{"taxonomy":"product_cat","embeddable":true,"href":"https:\/\/bss-streamingservice.de\/fr\/wp-json\/wp\/v2\/product_cat?post=17654"},{"taxonomy":"product_tag","embeddable":true,"href":"https:\/\/bss-streamingservice.de\/fr\/wp-json\/wp\/v2\/product_tag?post=17654"}],"curies":[{"name":"wp","href":"https:\/\/api.w.org\/{rel}","templated":true}]}}