{"id":17662,"date":"2022-03-08T10:19:08","date_gmt":"2022-03-08T09:19:08","guid":{"rendered":"https:\/\/bss-streamingservice.de\/produkt\/cable-de-connexion-de-la-batterie-a-extremite-ouverte\/"},"modified":"2024-12-09T09:46:00","modified_gmt":"2024-12-09T08:46:00","slug":"cable-de-connexion-de-la-batterie-a-extremite-ouverte","status":"publish","type":"product","link":"https:\/\/bss-streamingservice.de\/fr\/produit\/cable-de-connexion-de-la-batterie-a-extremite-ouverte\/","title":{"rendered":"C\u00e2ble de connexion de la batterie \u00e0 extr\u00e9mit\u00e9 ouverte"},"content":{"rendered":"<p>Gr\u00e2ce au c\u00e2ble de connexion de batterie ouvert, une connexion individuelle 12V-14,4V peut \u00eatre mont\u00e9e par le client. Cela permet d\u2019alimenter le bo\u00eetier via diff\u00e9rentes fiches, prises ou bornes. Le connecteur XLR \u00e0 quatre broches assure un verrouillage s\u00fbr du bo\u00eetier. Cela permet d\u2019alimenter tous les consommateurs tels que l\u2019ATEM Mini, le moniteur de terrain ou les p\u00e9riph\u00e9riques connect\u00e9s \u00e0 la prise USB en option. Et ce avec un courant maximum allant jusqu\u2019\u00e0 3A. La longueur du c\u00e2ble est d\u2019environ 2,5 m<br \/>\nCapacit\u00e9 de transport de courant maximale : 3 A<\/p>\n<p>Veuillez respecter les conditions techniques et les consignes de s\u00e9curit\u00e9 n\u00e9cessaires pour le montage par le client d\u2019une connexion 12V.<\/p>\n<p>La condition pr\u00e9alable au fonctionnement du bo\u00eetier BSS pour l\u2019ATEM Mini avec batterie est l\u2019option \u00ab&nbsp;Connexion de la batterie&nbsp;\u00bb<\/p>\n","protected":false},"excerpt":{"rendered":"<p>Gr\u00e2ce au c\u00e2ble de connexion de batterie ouvert, une connexion individuelle 12V-14,4V peut \u00eatre mont\u00e9e par le client. Cela permet d\u2019alimenter le bo\u00eetier via diff\u00e9rentes fiches, prises ou bornes. Le connecteur XLR \u00e0 quatre broches assure un verrouillage s\u00fbr du bo\u00eetier. Cela permet d\u2019alimenter tous les consommateurs tels que l\u2019ATEM Mini, le moniteur de terrain [&hellip;]<\/p>\n","protected":false},"featured_media":17661,"template":"","meta":{"_uag_custom_page_level_css":"","site-sidebar-layout":"default","site-content-layout":"default","ast-site-content-layout":"default","site-content-style":"default","site-sidebar-style":"default","ast-global-header-display":"","ast-banner-title-visibility":"","ast-main-header-display":"","ast-hfb-above-header-display":"","ast-hfb-below-header-display":"","ast-hfb-mobile-header-display":"","site-post-title":"","ast-breadcrumbs-content":"","ast-featured-img":"","footer-sml-layout":"","ast-disable-related-posts":"","theme-transparent-header-meta":"default","adv-header-id-meta":"","stick-header-meta":"default","header-above-stick-meta":"","header-main-stick-meta":"","header-below-stick-meta":"","astra-migrate-meta-layouts":"default","ast-page-background-enabled":"default","ast-page-background-meta":{"desktop":{"background-color":"","background-image":"","background-repeat":"repeat","background-position":"center center","background-size":"auto","background-attachment":"scroll","background-type":"","background-media":"","overlay-type":"","overlay-color":"","overlay-opacity":"","overlay-gradient":""},"tablet":{"background-color":"","background-image":"","background-repeat":"repeat","background-position":"center center","background-size":"auto","background-attachment":"scroll","background-type":"","background-media":"","overlay-type":"","overlay-color":"","overlay-opacity":"","overlay-gradient":""},"mobile":{"background-color":"","background-image":"","background-repeat":"repeat","background-position":"center center","background-size":"auto","background-attachment":"scroll","background-type":"","background-media":"","overlay-type":"","overlay-color":"","overlay-opacity":"","overlay-gradient":""}},"ast-content-background-meta":{"desktop":{"background-color":"var(--ast-global-color-5)","background-image":"","background-repeat":"repeat","background-position":"center center","background-size":"auto","background-attachment":"scroll","background-type":"","background-media":"","overlay-type":"","overlay-color":"","overlay-opacity":"","overlay-gradient":""},"tablet":{"background-color":"var(--ast-global-color-5)","background-image":"","background-repeat":"repeat","background-position":"center center","background-size":"auto","background-attachment":"scroll","background-type":"","background-media":"","overlay-type":"","overlay-color":"","overlay-opacity":"","overlay-gradient":""},"mobile":{"background-color":"var(--ast-global-color-5)","background-image":"","background-repeat":"repeat","background-position":"center center","background-size":"auto","background-attachment":"scroll","background-type":"","background-media":"","overlay-type":"","overlay-color":"","overlay-opacity":"","overlay-gradient":""}}},"product_brand":[],"product_cat":[358],"product_tag":[],"class_list":{"0":"post-17662","1":"product","2":"type-product","3":"status-publish","4":"has-post-thumbnail","6":"product_cat-configuration-du-streaming","7":"product_shipping_class-colis-m-jusqua-2kg","8":"desktop-align-center","9":"tablet-align-center","10":"mobile-align-center","11":"ast-product-gallery-layout-horizontal-slider","12":"ast-product-gallery-with-no-image","13":"ast-product-tabs-layout-horizontal","15":"first","16":"instock","17":"taxable","18":"shipping-taxable","19":"purchasable","20":"product-type-simple"},"yoast_head":"<!-- This site is optimized with the Yoast SEO plugin v27.3 - https:\/\/yoast.com\/product\/yoast-seo-wordpress\/ -->\n<title>C\u00e2ble de connexion de la batterie \u00e0 extr\u00e9mit\u00e9 ouverte<\/title>\n<meta name=\"description\" content=\"Avec le c\u00e2ble de connexion de la batterie \u00e0 l\u2019extr\u00e9mit\u00e9 ouverte, le bo\u00eetier de l\u2019ATEM Mini peut \u00eatre aliment\u00e9 par des connexions client.\" \/>\n<meta name=\"robots\" content=\"index, follow, max-snippet:-1, max-image-preview:large, max-video-preview:-1\" \/>\n<link rel=\"canonical\" href=\"https:\/\/bss-streamingservice.de\/fr\/produit\/cable-de-connexion-de-la-batterie-a-extremite-ouverte\/\" \/>\n<meta property=\"og:locale\" content=\"fr_FR\" \/>\n<meta property=\"og:type\" content=\"article\" \/>\n<meta property=\"og:title\" content=\"C\u00e2ble de connexion de la batterie \u00e0 extr\u00e9mit\u00e9 ouverte\" \/>\n<meta property=\"og:description\" content=\"Avec le c\u00e2ble de connexion de la batterie \u00e0 l\u2019extr\u00e9mit\u00e9 ouverte, le bo\u00eetier de l\u2019ATEM Mini peut \u00eatre aliment\u00e9 par des connexions client.\" \/>\n<meta property=\"og:url\" content=\"https:\/\/bss-streamingservice.de\/fr\/produit\/cable-de-connexion-de-la-batterie-a-extremite-ouverte\/\" \/>\n<meta property=\"og:site_name\" content=\"BSS \u2013 Breitenb\u00fccher Streaming Service\" \/>\n<meta property=\"article:modified_time\" content=\"2024-12-09T08:46:00+00:00\" \/>\n<meta property=\"og:image\" content=\"https:\/\/bss-streamingservice.de\/wp-content\/uploads\/2023\/12\/BSS-Case-Batteriekabel-offenes-Ende_1024.webp\" \/>\n\t<meta property=\"og:image:width\" content=\"1024\" \/>\n\t<meta property=\"og:image:height\" content=\"1024\" \/>\n\t<meta property=\"og:image:type\" content=\"image\/webp\" \/>\n<meta name=\"twitter:card\" content=\"summary_large_image\" \/>\n<meta name=\"twitter:label1\" content=\"Dur\u00e9e de lecture estim\u00e9e\" \/>\n\t<meta name=\"twitter:data1\" content=\"1 minute\" \/>\n<script type=\"application\/ld+json\" class=\"yoast-schema-graph\">{\"@context\":\"https:\\\/\\\/schema.org\",\"@graph\":[{\"@type\":\"WebPage\",\"@id\":\"https:\\\/\\\/bss-streamingservice.de\\\/fr\\\/produit\\\/cable-de-connexion-de-la-batterie-a-extremite-ouverte\\\/\",\"url\":\"https:\\\/\\\/bss-streamingservice.de\\\/fr\\\/produit\\\/cable-de-connexion-de-la-batterie-a-extremite-ouverte\\\/\",\"name\":\"C\u00e2ble de connexion de la batterie \u00e0 extr\u00e9mit\u00e9 ouverte\",\"isPartOf\":{\"@id\":\"https:\\\/\\\/bss-streamingservice.de\\\/fr\\\/#website\"},\"primaryImageOfPage\":{\"@id\":\"https:\\\/\\\/bss-streamingservice.de\\\/fr\\\/produit\\\/cable-de-connexion-de-la-batterie-a-extremite-ouverte\\\/#primaryimage\"},\"image\":{\"@id\":\"https:\\\/\\\/bss-streamingservice.de\\\/fr\\\/produit\\\/cable-de-connexion-de-la-batterie-a-extremite-ouverte\\\/#primaryimage\"},\"thumbnailUrl\":\"https:\\\/\\\/bss-streamingservice.de\\\/wp-content\\\/uploads\\\/2023\\\/12\\\/BSS-Case-Batteriekabel-offenes-Ende_1024.webp\",\"datePublished\":\"2022-03-08T09:19:08+00:00\",\"dateModified\":\"2024-12-09T08:46:00+00:00\",\"description\":\"Avec le c\u00e2ble de connexion de la batterie \u00e0 l\u2019extr\u00e9mit\u00e9 ouverte, le bo\u00eetier de l\u2019ATEM Mini peut \u00eatre aliment\u00e9 par des connexions client.\",\"breadcrumb\":{\"@id\":\"https:\\\/\\\/bss-streamingservice.de\\\/fr\\\/produit\\\/cable-de-connexion-de-la-batterie-a-extremite-ouverte\\\/#breadcrumb\"},\"inLanguage\":\"fr-FR\",\"potentialAction\":[{\"@type\":\"ReadAction\",\"target\":[\"https:\\\/\\\/bss-streamingservice.de\\\/fr\\\/produit\\\/cable-de-connexion-de-la-batterie-a-extremite-ouverte\\\/\"]}]},{\"@type\":\"ImageObject\",\"inLanguage\":\"fr-FR\",\"@id\":\"https:\\\/\\\/bss-streamingservice.de\\\/fr\\\/produit\\\/cable-de-connexion-de-la-batterie-a-extremite-ouverte\\\/#primaryimage\",\"url\":\"https:\\\/\\\/bss-streamingservice.de\\\/wp-content\\\/uploads\\\/2023\\\/12\\\/BSS-Case-Batteriekabel-offenes-Ende_1024.webp\",\"contentUrl\":\"https:\\\/\\\/bss-streamingservice.de\\\/wp-content\\\/uploads\\\/2023\\\/12\\\/BSS-Case-Batteriekabel-offenes-Ende_1024.webp\",\"width\":1024,\"height\":1024,\"caption\":\"Connexion facile et s\u00fbre du bo\u00eetier BSS pour l\u2019ATEM Mini avec la connexion de la batterie \u00e0 des sources d\u2019alimentation 12V sp\u00e9cifiques au client.\"},{\"@type\":\"BreadcrumbList\",\"@id\":\"https:\\\/\\\/bss-streamingservice.de\\\/fr\\\/produit\\\/cable-de-connexion-de-la-batterie-a-extremite-ouverte\\\/#breadcrumb\",\"itemListElement\":[{\"@type\":\"ListItem\",\"position\":1,\"name\":\"Startseite\",\"item\":\"https:\\\/\\\/bss-streamingservice.de\\\/fr\\\/page-daccueil\\\/\"},{\"@type\":\"ListItem\",\"position\":2,\"name\":\"Boutique\",\"item\":\"https:\\\/\\\/bss-streamingservice.de\\\/fr\\\/boutique\\\/\"},{\"@type\":\"ListItem\",\"position\":3,\"name\":\"C\u00e2ble de connexion de la batterie \u00e0 extr\u00e9mit\u00e9 ouverte\"}]},{\"@type\":\"WebSite\",\"@id\":\"https:\\\/\\\/bss-streamingservice.de\\\/fr\\\/#website\",\"url\":\"https:\\\/\\\/bss-streamingservice.de\\\/fr\\\/\",\"name\":\"BSS \u2013 Breitenb\u00fccher Streaming Service\",\"description\":\"BSS - Live Streaming Service de Pl\u00fcderhausen pr\u00e8s de Stuttgart, Allemagne, - solutions de streaming \u00e9volutives, enregistrements vid\u00e9o et produits de streaming adapt\u00e9s \u00e0 vos besoins.\",\"publisher\":{\"@id\":\"https:\\\/\\\/bss-streamingservice.de\\\/fr\\\/#organization\"},\"potentialAction\":[{\"@type\":\"SearchAction\",\"target\":{\"@type\":\"EntryPoint\",\"urlTemplate\":\"https:\\\/\\\/bss-streamingservice.de\\\/fr\\\/?s={search_term_string}\"},\"query-input\":{\"@type\":\"PropertyValueSpecification\",\"valueRequired\":true,\"valueName\":\"search_term_string\"}}],\"inLanguage\":\"fr-FR\"},{\"@type\":\"Organization\",\"@id\":\"https:\\\/\\\/bss-streamingservice.de\\\/fr\\\/#organization\",\"name\":\"BSS \u2013 Breitenb\u00fccher Streaming Service\",\"url\":\"https:\\\/\\\/bss-streamingservice.de\\\/fr\\\/\",\"logo\":{\"@type\":\"ImageObject\",\"inLanguage\":\"fr-FR\",\"@id\":\"https:\\\/\\\/bss-streamingservice.de\\\/fr\\\/#\\\/schema\\\/logo\\\/image\\\/\",\"url\":\"https:\\\/\\\/bss-streamingservice.de\\\/wp-content\\\/uploads\\\/2021\\\/05\\\/Logo-BSS-weiss-farbiger-hintergrund.png\",\"contentUrl\":\"https:\\\/\\\/bss-streamingservice.de\\\/wp-content\\\/uploads\\\/2021\\\/05\\\/Logo-BSS-weiss-farbiger-hintergrund.png\",\"width\":779,\"height\":508,\"caption\":\"BSS \u2013 Breitenb\u00fccher Streaming Service\"},\"image\":{\"@id\":\"https:\\\/\\\/bss-streamingservice.de\\\/fr\\\/#\\\/schema\\\/logo\\\/image\\\/\"}}]}<\/script>\n<!-- \/ Yoast SEO plugin. -->","yoast_head_json":{"title":"C\u00e2ble de connexion de la batterie \u00e0 extr\u00e9mit\u00e9 ouverte","description":"Avec le c\u00e2ble de connexion de la batterie \u00e0 l\u2019extr\u00e9mit\u00e9 ouverte, le bo\u00eetier de l\u2019ATEM Mini peut \u00eatre aliment\u00e9 par des connexions client.","robots":{"index":"index","follow":"follow","max-snippet":"max-snippet:-1","max-image-preview":"max-image-preview:large","max-video-preview":"max-video-preview:-1"},"canonical":"https:\/\/bss-streamingservice.de\/fr\/produit\/cable-de-connexion-de-la-batterie-a-extremite-ouverte\/","og_locale":"fr_FR","og_type":"article","og_title":"C\u00e2ble de connexion de la batterie \u00e0 extr\u00e9mit\u00e9 ouverte","og_description":"Avec le c\u00e2ble de connexion de la batterie \u00e0 l\u2019extr\u00e9mit\u00e9 ouverte, le bo\u00eetier de l\u2019ATEM Mini peut \u00eatre aliment\u00e9 par des connexions client.","og_url":"https:\/\/bss-streamingservice.de\/fr\/produit\/cable-de-connexion-de-la-batterie-a-extremite-ouverte\/","og_site_name":"BSS \u2013 Breitenb\u00fccher Streaming Service","article_modified_time":"2024-12-09T08:46:00+00:00","og_image":[{"width":1024,"height":1024,"url":"https:\/\/bss-streamingservice.de\/wp-content\/uploads\/2023\/12\/BSS-Case-Batteriekabel-offenes-Ende_1024.webp","type":"image\/webp"}],"twitter_card":"summary_large_image","twitter_misc":{"Dur\u00e9e de lecture estim\u00e9e":"1 minute"},"schema":{"@context":"https:\/\/schema.org","@graph":[{"@type":"WebPage","@id":"https:\/\/bss-streamingservice.de\/fr\/produit\/cable-de-connexion-de-la-batterie-a-extremite-ouverte\/","url":"https:\/\/bss-streamingservice.de\/fr\/produit\/cable-de-connexion-de-la-batterie-a-extremite-ouverte\/","name":"C\u00e2ble de connexion de la batterie \u00e0 extr\u00e9mit\u00e9 ouverte","isPartOf":{"@id":"https:\/\/bss-streamingservice.de\/fr\/#website"},"primaryImageOfPage":{"@id":"https:\/\/bss-streamingservice.de\/fr\/produit\/cable-de-connexion-de-la-batterie-a-extremite-ouverte\/#primaryimage"},"image":{"@id":"https:\/\/bss-streamingservice.de\/fr\/produit\/cable-de-connexion-de-la-batterie-a-extremite-ouverte\/#primaryimage"},"thumbnailUrl":"https:\/\/bss-streamingservice.de\/wp-content\/uploads\/2023\/12\/BSS-Case-Batteriekabel-offenes-Ende_1024.webp","datePublished":"2022-03-08T09:19:08+00:00","dateModified":"2024-12-09T08:46:00+00:00","description":"Avec le c\u00e2ble de connexion de la batterie \u00e0 l\u2019extr\u00e9mit\u00e9 ouverte, le bo\u00eetier de l\u2019ATEM Mini peut \u00eatre aliment\u00e9 par des connexions client.","breadcrumb":{"@id":"https:\/\/bss-streamingservice.de\/fr\/produit\/cable-de-connexion-de-la-batterie-a-extremite-ouverte\/#breadcrumb"},"inLanguage":"fr-FR","potentialAction":[{"@type":"ReadAction","target":["https:\/\/bss-streamingservice.de\/fr\/produit\/cable-de-connexion-de-la-batterie-a-extremite-ouverte\/"]}]},{"@type":"ImageObject","inLanguage":"fr-FR","@id":"https:\/\/bss-streamingservice.de\/fr\/produit\/cable-de-connexion-de-la-batterie-a-extremite-ouverte\/#primaryimage","url":"https:\/\/bss-streamingservice.de\/wp-content\/uploads\/2023\/12\/BSS-Case-Batteriekabel-offenes-Ende_1024.webp","contentUrl":"https:\/\/bss-streamingservice.de\/wp-content\/uploads\/2023\/12\/BSS-Case-Batteriekabel-offenes-Ende_1024.webp","width":1024,"height":1024,"caption":"Connexion facile et s\u00fbre du bo\u00eetier BSS pour l\u2019ATEM Mini avec la connexion de la batterie \u00e0 des sources d\u2019alimentation 12V sp\u00e9cifiques au client."},{"@type":"BreadcrumbList","@id":"https:\/\/bss-streamingservice.de\/fr\/produit\/cable-de-connexion-de-la-batterie-a-extremite-ouverte\/#breadcrumb","itemListElement":[{"@type":"ListItem","position":1,"name":"Startseite","item":"https:\/\/bss-streamingservice.de\/fr\/page-daccueil\/"},{"@type":"ListItem","position":2,"name":"Boutique","item":"https:\/\/bss-streamingservice.de\/fr\/boutique\/"},{"@type":"ListItem","position":3,"name":"C\u00e2ble de connexion de la batterie \u00e0 extr\u00e9mit\u00e9 ouverte"}]},{"@type":"WebSite","@id":"https:\/\/bss-streamingservice.de\/fr\/#website","url":"https:\/\/bss-streamingservice.de\/fr\/","name":"BSS \u2013 Breitenb\u00fccher Streaming Service","description":"BSS - Live Streaming Service de Pl\u00fcderhausen pr\u00e8s de Stuttgart, Allemagne, - solutions de streaming \u00e9volutives, enregistrements vid\u00e9o et produits de streaming adapt\u00e9s \u00e0 vos besoins.","publisher":{"@id":"https:\/\/bss-streamingservice.de\/fr\/#organization"},"potentialAction":[{"@type":"SearchAction","target":{"@type":"EntryPoint","urlTemplate":"https:\/\/bss-streamingservice.de\/fr\/?s={search_term_string}"},"query-input":{"@type":"PropertyValueSpecification","valueRequired":true,"valueName":"search_term_string"}}],"inLanguage":"fr-FR"},{"@type":"Organization","@id":"https:\/\/bss-streamingservice.de\/fr\/#organization","name":"BSS \u2013 Breitenb\u00fccher Streaming Service","url":"https:\/\/bss-streamingservice.de\/fr\/","logo":{"@type":"ImageObject","inLanguage":"fr-FR","@id":"https:\/\/bss-streamingservice.de\/fr\/#\/schema\/logo\/image\/","url":"https:\/\/bss-streamingservice.de\/wp-content\/uploads\/2021\/05\/Logo-BSS-weiss-farbiger-hintergrund.png","contentUrl":"https:\/\/bss-streamingservice.de\/wp-content\/uploads\/2021\/05\/Logo-BSS-weiss-farbiger-hintergrund.png","width":779,"height":508,"caption":"BSS \u2013 Breitenb\u00fccher Streaming Service"},"image":{"@id":"https:\/\/bss-streamingservice.de\/fr\/#\/schema\/logo\/image\/"}}]}},"uagb_featured_image_src":{"full":["https:\/\/bss-streamingservice.de\/wp-content\/uploads\/2023\/12\/BSS-Case-Batteriekabel-offenes-Ende_1024.webp",1024,1024,false],"thumbnail":["https:\/\/bss-streamingservice.de\/wp-content\/uploads\/2023\/12\/BSS-Case-Batteriekabel-offenes-Ende_1024-150x150.webp",150,150,true],"medium":["https:\/\/bss-streamingservice.de\/wp-content\/uploads\/2023\/12\/BSS-Case-Batteriekabel-offenes-Ende_1024-300x300.webp",300,300,true],"medium_large":["https:\/\/bss-streamingservice.de\/wp-content\/uploads\/2023\/12\/BSS-Case-Batteriekabel-offenes-Ende_1024-768x768.webp",768,768,true],"large":["https:\/\/bss-streamingservice.de\/wp-content\/uploads\/2023\/12\/BSS-Case-Batteriekabel-offenes-Ende_1024.webp",1024,1024,false],"1536x1536":["https:\/\/bss-streamingservice.de\/wp-content\/uploads\/2023\/12\/BSS-Case-Batteriekabel-offenes-Ende_1024.webp",1024,1024,false],"2048x2048":["https:\/\/bss-streamingservice.de\/wp-content\/uploads\/2023\/12\/BSS-Case-Batteriekabel-offenes-Ende_1024.webp",1024,1024,false],"woocommerce_thumbnail":["https:\/\/bss-streamingservice.de\/wp-content\/uploads\/2023\/12\/BSS-Case-Batteriekabel-offenes-Ende_1024-300x300.webp",300,300,true],"woocommerce_single":["https:\/\/bss-streamingservice.de\/wp-content\/uploads\/2023\/12\/BSS-Case-Batteriekabel-offenes-Ende_1024-600x600.webp",600,600,true],"woocommerce_gallery_thumbnail":["https:\/\/bss-streamingservice.de\/wp-content\/uploads\/2023\/12\/BSS-Case-Batteriekabel-offenes-Ende_1024-100x100.webp",100,100,true]},"uagb_author_info":{"display_name":"admin","author_link":"https:\/\/bss-streamingservice.de\/fr\/author\/"},"uagb_comment_info":0,"uagb_excerpt":"Gr\u00e2ce au c\u00e2ble de connexion de batterie ouvert, une connexion individuelle 12V-14,4V peut \u00eatre mont\u00e9e par le client. Cela permet d\u2019alimenter le bo\u00eetier via diff\u00e9rentes fiches, prises ou bornes. Le connecteur XLR \u00e0 quatre broches assure un verrouillage s\u00fbr du bo\u00eetier. Cela permet d\u2019alimenter tous les consommateurs tels que l\u2019ATEM Mini, le moniteur de terrain\u2026","_links":{"self":[{"href":"https:\/\/bss-streamingservice.de\/fr\/wp-json\/wp\/v2\/product\/17662","targetHints":{"allow":["GET"]}}],"collection":[{"href":"https:\/\/bss-streamingservice.de\/fr\/wp-json\/wp\/v2\/product"}],"about":[{"href":"https:\/\/bss-streamingservice.de\/fr\/wp-json\/wp\/v2\/types\/product"}],"wp:featuredmedia":[{"embeddable":true,"href":"https:\/\/bss-streamingservice.de\/fr\/wp-json\/wp\/v2\/media\/17661"}],"wp:attachment":[{"href":"https:\/\/bss-streamingservice.de\/fr\/wp-json\/wp\/v2\/media?parent=17662"}],"wp:term":[{"taxonomy":"product_brand","embeddable":true,"href":"https:\/\/bss-streamingservice.de\/fr\/wp-json\/wp\/v2\/product_brand?post=17662"},{"taxonomy":"product_cat","embeddable":true,"href":"https:\/\/bss-streamingservice.de\/fr\/wp-json\/wp\/v2\/product_cat?post=17662"},{"taxonomy":"product_tag","embeddable":true,"href":"https:\/\/bss-streamingservice.de\/fr\/wp-json\/wp\/v2\/product_tag?post=17662"}],"curies":[{"name":"wp","href":"https:\/\/api.w.org\/{rel}","templated":true}]}}