{"id":17669,"date":"2022-03-09T08:27:20","date_gmt":"2022-03-09T07:27:20","guid":{"rendered":"https:\/\/bss-streamingservice.de\/produkt\/cable-de-connexion-de-la-batterie\/"},"modified":"2022-03-09T08:27:20","modified_gmt":"2022-03-09T07:27:20","slug":"cable-de-connexion-de-la-batterie","status":"publish","type":"product","link":"https:\/\/bss-streamingservice.de\/fr\/produit\/cable-de-connexion-de-la-batterie\/","title":{"rendered":"C\u00e2ble de connexion de la batterie"},"content":{"rendered":"<p>Avec les c\u00e2bles de connexion de la batterie, une grande vari\u00e9t\u00e9 de sources de tension de 12 V \u00e0 14,4 V peut \u00eatre facilement connect\u00e9e au bo\u00eetier BSS. Le connecteur XLR \u00e0 quatre broches assure un verrouillage s\u00fbr du bo\u00eetier. Vous avez le choix entre trois c\u00e2bles de connexion de batterie :<\/p>\n<ul>\n<li>D-TAP C\u00e2ble de raccordement&nbsp;; pour les batteries d\u2019appareil photo \u00e0 monture V et \u00e0 monture dor\u00e9e (Anton Bauer)<\/li>\n<li>Prise de tension embarqu\u00e9e du v\u00e9hicule&nbsp;; pour le raccordement \u00e0 des prises de courant embarqu\u00e9es 12V pour voiture ou \u00e0 des prises allume-cigare<\/li>\n<li>Ouvrir l\u2019extr\u00e9mit\u00e9 du c\u00e2ble ; pour une configuration sp\u00e9cifique au client<\/li>\n<\/ul>\n<p>Cela signifie que le bo\u00eetier peut \u00eatre aliment\u00e9 par tous les consommateurs tels que l\u2019ATEM Mini, le moniteur de terrain ou les p\u00e9riph\u00e9riques connect\u00e9s \u00e0 la prise USB en option. Et ce avec un courant maximum allant jusqu\u2019\u00e0 5A.<\/p>\n<p>La longueur du c\u00e2ble pour tous les types de c\u00e2bles est d\u2019environ 2,5 m<\/p>\n<p>La condition pr\u00e9alable au fonctionnement du bo\u00eetier BSS pour l\u2019ATEM Mini avec batterie est l\u2019option \u00ab&nbsp;Connexion de la batterie&nbsp;\u00bb<br \/>\nVeuillez respecter les consignes d\u2019utilisation et de s\u00e9curit\u00e9.<\/p>\n","protected":false},"excerpt":{"rendered":"<p>Avec les c\u00e2bles de connexion de la batterie, une grande vari\u00e9t\u00e9 de sources de tension de 12 V \u00e0 14,4 V peut \u00eatre facilement connect\u00e9e au bo\u00eetier BSS. Le connecteur XLR \u00e0 quatre broches assure un verrouillage s\u00fbr du bo\u00eetier. Vous avez le choix entre trois c\u00e2bles de connexion de batterie : D-TAP C\u00e2ble de [&hellip;]<\/p>\n","protected":false},"featured_media":17668,"template":"","meta":{"_uag_custom_page_level_css":"","site-sidebar-layout":"default","site-content-layout":"default","ast-site-content-layout":"default","site-content-style":"default","site-sidebar-style":"default","ast-global-header-display":"","ast-banner-title-visibility":"","ast-main-header-display":"","ast-hfb-above-header-display":"","ast-hfb-below-header-display":"","ast-hfb-mobile-header-display":"","site-post-title":"","ast-breadcrumbs-content":"","ast-featured-img":"","footer-sml-layout":"","ast-disable-related-posts":"","theme-transparent-header-meta":"default","adv-header-id-meta":"","stick-header-meta":"default","header-above-stick-meta":"","header-main-stick-meta":"","header-below-stick-meta":"","astra-migrate-meta-layouts":"default","ast-page-background-enabled":"default","ast-page-background-meta":{"desktop":{"background-color":"","background-image":"","background-repeat":"repeat","background-position":"center center","background-size":"auto","background-attachment":"scroll","background-type":"","background-media":"","overlay-type":"","overlay-color":"","overlay-opacity":"","overlay-gradient":""},"tablet":{"background-color":"","background-image":"","background-repeat":"repeat","background-position":"center center","background-size":"auto","background-attachment":"scroll","background-type":"","background-media":"","overlay-type":"","overlay-color":"","overlay-opacity":"","overlay-gradient":""},"mobile":{"background-color":"","background-image":"","background-repeat":"repeat","background-position":"center center","background-size":"auto","background-attachment":"scroll","background-type":"","background-media":"","overlay-type":"","overlay-color":"","overlay-opacity":"","overlay-gradient":""}},"ast-content-background-meta":{"desktop":{"background-color":"var(--ast-global-color-5)","background-image":"","background-repeat":"repeat","background-position":"center center","background-size":"auto","background-attachment":"scroll","background-type":"","background-media":"","overlay-type":"","overlay-color":"","overlay-opacity":"","overlay-gradient":""},"tablet":{"background-color":"var(--ast-global-color-5)","background-image":"","background-repeat":"repeat","background-position":"center center","background-size":"auto","background-attachment":"scroll","background-type":"","background-media":"","overlay-type":"","overlay-color":"","overlay-opacity":"","overlay-gradient":""},"mobile":{"background-color":"var(--ast-global-color-5)","background-image":"","background-repeat":"repeat","background-position":"center center","background-size":"auto","background-attachment":"scroll","background-type":"","background-media":"","overlay-type":"","overlay-color":"","overlay-opacity":"","overlay-gradient":""}}},"product_brand":[],"product_cat":[358],"product_tag":[],"class_list":{"0":"post-17669","1":"product","2":"type-product","3":"status-publish","4":"has-post-thumbnail","6":"product_cat-configuration-du-streaming","7":"desktop-align-center","8":"tablet-align-center","9":"mobile-align-center","10":"ast-product-gallery-layout-horizontal-slider","11":"ast-product-gallery-with-no-image","12":"ast-product-tabs-layout-horizontal","14":"first","15":"instock","16":"taxable","17":"shipping-taxable","18":"product-type-grouped"},"yoast_head":"<!-- This site is optimized with the Yoast SEO plugin v27.3 - https:\/\/yoast.com\/product\/yoast-seo-wordpress\/ -->\n<title>C\u00e2ble de connexion de la batterie<\/title>\n<meta name=\"description\" content=\"Avec les c\u00e2bles de connexion de la batterie, une grande vari\u00e9t\u00e9 de sources de tension pour l\u2019alimentation de l\u2019ATEM Mini peut \u00eatre connect\u00e9e au bo\u00eetier BSS.\" \/>\n<meta name=\"robots\" content=\"index, follow, max-snippet:-1, max-image-preview:large, max-video-preview:-1\" \/>\n<link rel=\"canonical\" href=\"https:\/\/bss-streamingservice.de\/fr\/produit\/cable-de-connexion-de-la-batterie\/\" \/>\n<meta property=\"og:locale\" content=\"fr_FR\" \/>\n<meta property=\"og:type\" content=\"article\" \/>\n<meta property=\"og:title\" content=\"C\u00e2ble de connexion de la batterie\" \/>\n<meta property=\"og:description\" content=\"Avec les c\u00e2bles de connexion de la batterie, une grande vari\u00e9t\u00e9 de sources de tension pour l\u2019alimentation de l\u2019ATEM Mini peut \u00eatre connect\u00e9e au bo\u00eetier BSS.\" \/>\n<meta property=\"og:url\" content=\"https:\/\/bss-streamingservice.de\/fr\/produit\/cable-de-connexion-de-la-batterie\/\" \/>\n<meta property=\"og:site_name\" content=\"BSS \u2013 Breitenb\u00fccher Streaming Service\" \/>\n<meta property=\"og:image\" content=\"https:\/\/bss-streamingservice.de\/wp-content\/uploads\/2022\/03\/BSS-Case-Batteriekabel_D-TAP_1024_quadratisch.png\" \/>\n\t<meta property=\"og:image:width\" content=\"1024\" \/>\n\t<meta property=\"og:image:height\" content=\"1024\" \/>\n\t<meta property=\"og:image:type\" content=\"image\/png\" \/>\n<meta name=\"twitter:card\" content=\"summary_large_image\" \/>\n<meta name=\"twitter:label1\" content=\"Dur\u00e9e de lecture estim\u00e9e\" \/>\n\t<meta name=\"twitter:data1\" content=\"1 minute\" \/>\n<script type=\"application\/ld+json\" class=\"yoast-schema-graph\">{\"@context\":\"https:\\\/\\\/schema.org\",\"@graph\":[{\"@type\":\"WebPage\",\"@id\":\"https:\\\/\\\/bss-streamingservice.de\\\/fr\\\/produit\\\/cable-de-connexion-de-la-batterie\\\/\",\"url\":\"https:\\\/\\\/bss-streamingservice.de\\\/fr\\\/produit\\\/cable-de-connexion-de-la-batterie\\\/\",\"name\":\"C\u00e2ble de connexion de la batterie\",\"isPartOf\":{\"@id\":\"https:\\\/\\\/bss-streamingservice.de\\\/fr\\\/#website\"},\"primaryImageOfPage\":{\"@id\":\"https:\\\/\\\/bss-streamingservice.de\\\/fr\\\/produit\\\/cable-de-connexion-de-la-batterie\\\/#primaryimage\"},\"image\":{\"@id\":\"https:\\\/\\\/bss-streamingservice.de\\\/fr\\\/produit\\\/cable-de-connexion-de-la-batterie\\\/#primaryimage\"},\"thumbnailUrl\":\"https:\\\/\\\/bss-streamingservice.de\\\/wp-content\\\/uploads\\\/2022\\\/03\\\/BSS-Case-Batteriekabel_D-TAP_1024_quadratisch.png\",\"datePublished\":\"2022-03-09T07:27:20+00:00\",\"description\":\"Avec les c\u00e2bles de connexion de la batterie, une grande vari\u00e9t\u00e9 de sources de tension pour l\u2019alimentation de l\u2019ATEM Mini peut \u00eatre connect\u00e9e au bo\u00eetier BSS.\",\"breadcrumb\":{\"@id\":\"https:\\\/\\\/bss-streamingservice.de\\\/fr\\\/produit\\\/cable-de-connexion-de-la-batterie\\\/#breadcrumb\"},\"inLanguage\":\"fr-FR\",\"potentialAction\":[{\"@type\":\"ReadAction\",\"target\":[\"https:\\\/\\\/bss-streamingservice.de\\\/fr\\\/produit\\\/cable-de-connexion-de-la-batterie\\\/\"]}]},{\"@type\":\"ImageObject\",\"inLanguage\":\"fr-FR\",\"@id\":\"https:\\\/\\\/bss-streamingservice.de\\\/fr\\\/produit\\\/cable-de-connexion-de-la-batterie\\\/#primaryimage\",\"url\":\"https:\\\/\\\/bss-streamingservice.de\\\/wp-content\\\/uploads\\\/2022\\\/03\\\/BSS-Case-Batteriekabel_D-TAP_1024_quadratisch.png\",\"contentUrl\":\"https:\\\/\\\/bss-streamingservice.de\\\/wp-content\\\/uploads\\\/2022\\\/03\\\/BSS-Case-Batteriekabel_D-TAP_1024_quadratisch.png\",\"width\":1024,\"height\":1024,\"caption\":\"Connexion facile et s\u00fbre des batteries d\u2019appareil photo \u00e0 monture V et \u00e0 monture dor\u00e9e (Anton Bauer) au bo\u00eetier BSS. Avec connecteur D-TAP et prise XLR \u00e0 quatre broches.\"},{\"@type\":\"BreadcrumbList\",\"@id\":\"https:\\\/\\\/bss-streamingservice.de\\\/fr\\\/produit\\\/cable-de-connexion-de-la-batterie\\\/#breadcrumb\",\"itemListElement\":[{\"@type\":\"ListItem\",\"position\":1,\"name\":\"Startseite\",\"item\":\"https:\\\/\\\/bss-streamingservice.de\\\/fr\\\/page-daccueil\\\/\"},{\"@type\":\"ListItem\",\"position\":2,\"name\":\"Boutique\",\"item\":\"https:\\\/\\\/bss-streamingservice.de\\\/fr\\\/boutique\\\/\"},{\"@type\":\"ListItem\",\"position\":3,\"name\":\"C\u00e2ble de connexion de la batterie\"}]},{\"@type\":\"WebSite\",\"@id\":\"https:\\\/\\\/bss-streamingservice.de\\\/fr\\\/#website\",\"url\":\"https:\\\/\\\/bss-streamingservice.de\\\/fr\\\/\",\"name\":\"BSS \u2013 Breitenb\u00fccher Streaming Service\",\"description\":\"BSS - Live Streaming Service de Pl\u00fcderhausen pr\u00e8s de Stuttgart, Allemagne, - solutions de streaming \u00e9volutives, enregistrements vid\u00e9o et produits de streaming adapt\u00e9s \u00e0 vos besoins.\",\"publisher\":{\"@id\":\"https:\\\/\\\/bss-streamingservice.de\\\/fr\\\/#organization\"},\"potentialAction\":[{\"@type\":\"SearchAction\",\"target\":{\"@type\":\"EntryPoint\",\"urlTemplate\":\"https:\\\/\\\/bss-streamingservice.de\\\/fr\\\/?s={search_term_string}\"},\"query-input\":{\"@type\":\"PropertyValueSpecification\",\"valueRequired\":true,\"valueName\":\"search_term_string\"}}],\"inLanguage\":\"fr-FR\"},{\"@type\":\"Organization\",\"@id\":\"https:\\\/\\\/bss-streamingservice.de\\\/fr\\\/#organization\",\"name\":\"BSS \u2013 Breitenb\u00fccher Streaming Service\",\"url\":\"https:\\\/\\\/bss-streamingservice.de\\\/fr\\\/\",\"logo\":{\"@type\":\"ImageObject\",\"inLanguage\":\"fr-FR\",\"@id\":\"https:\\\/\\\/bss-streamingservice.de\\\/fr\\\/#\\\/schema\\\/logo\\\/image\\\/\",\"url\":\"https:\\\/\\\/bss-streamingservice.de\\\/wp-content\\\/uploads\\\/2021\\\/05\\\/Logo-BSS-weiss-farbiger-hintergrund.png\",\"contentUrl\":\"https:\\\/\\\/bss-streamingservice.de\\\/wp-content\\\/uploads\\\/2021\\\/05\\\/Logo-BSS-weiss-farbiger-hintergrund.png\",\"width\":779,\"height\":508,\"caption\":\"BSS \u2013 Breitenb\u00fccher Streaming Service\"},\"image\":{\"@id\":\"https:\\\/\\\/bss-streamingservice.de\\\/fr\\\/#\\\/schema\\\/logo\\\/image\\\/\"}}]}<\/script>\n<!-- \/ Yoast SEO plugin. -->","yoast_head_json":{"title":"C\u00e2ble de connexion de la batterie","description":"Avec les c\u00e2bles de connexion de la batterie, une grande vari\u00e9t\u00e9 de sources de tension pour l\u2019alimentation de l\u2019ATEM Mini peut \u00eatre connect\u00e9e au bo\u00eetier BSS.","robots":{"index":"index","follow":"follow","max-snippet":"max-snippet:-1","max-image-preview":"max-image-preview:large","max-video-preview":"max-video-preview:-1"},"canonical":"https:\/\/bss-streamingservice.de\/fr\/produit\/cable-de-connexion-de-la-batterie\/","og_locale":"fr_FR","og_type":"article","og_title":"C\u00e2ble de connexion de la batterie","og_description":"Avec les c\u00e2bles de connexion de la batterie, une grande vari\u00e9t\u00e9 de sources de tension pour l\u2019alimentation de l\u2019ATEM Mini peut \u00eatre connect\u00e9e au bo\u00eetier BSS.","og_url":"https:\/\/bss-streamingservice.de\/fr\/produit\/cable-de-connexion-de-la-batterie\/","og_site_name":"BSS \u2013 Breitenb\u00fccher Streaming Service","og_image":[{"width":1024,"height":1024,"url":"https:\/\/bss-streamingservice.de\/wp-content\/uploads\/2022\/03\/BSS-Case-Batteriekabel_D-TAP_1024_quadratisch.png","type":"image\/png"}],"twitter_card":"summary_large_image","twitter_misc":{"Dur\u00e9e de lecture estim\u00e9e":"1 minute"},"schema":{"@context":"https:\/\/schema.org","@graph":[{"@type":"WebPage","@id":"https:\/\/bss-streamingservice.de\/fr\/produit\/cable-de-connexion-de-la-batterie\/","url":"https:\/\/bss-streamingservice.de\/fr\/produit\/cable-de-connexion-de-la-batterie\/","name":"C\u00e2ble de connexion de la batterie","isPartOf":{"@id":"https:\/\/bss-streamingservice.de\/fr\/#website"},"primaryImageOfPage":{"@id":"https:\/\/bss-streamingservice.de\/fr\/produit\/cable-de-connexion-de-la-batterie\/#primaryimage"},"image":{"@id":"https:\/\/bss-streamingservice.de\/fr\/produit\/cable-de-connexion-de-la-batterie\/#primaryimage"},"thumbnailUrl":"https:\/\/bss-streamingservice.de\/wp-content\/uploads\/2022\/03\/BSS-Case-Batteriekabel_D-TAP_1024_quadratisch.png","datePublished":"2022-03-09T07:27:20+00:00","description":"Avec les c\u00e2bles de connexion de la batterie, une grande vari\u00e9t\u00e9 de sources de tension pour l\u2019alimentation de l\u2019ATEM Mini peut \u00eatre connect\u00e9e au bo\u00eetier BSS.","breadcrumb":{"@id":"https:\/\/bss-streamingservice.de\/fr\/produit\/cable-de-connexion-de-la-batterie\/#breadcrumb"},"inLanguage":"fr-FR","potentialAction":[{"@type":"ReadAction","target":["https:\/\/bss-streamingservice.de\/fr\/produit\/cable-de-connexion-de-la-batterie\/"]}]},{"@type":"ImageObject","inLanguage":"fr-FR","@id":"https:\/\/bss-streamingservice.de\/fr\/produit\/cable-de-connexion-de-la-batterie\/#primaryimage","url":"https:\/\/bss-streamingservice.de\/wp-content\/uploads\/2022\/03\/BSS-Case-Batteriekabel_D-TAP_1024_quadratisch.png","contentUrl":"https:\/\/bss-streamingservice.de\/wp-content\/uploads\/2022\/03\/BSS-Case-Batteriekabel_D-TAP_1024_quadratisch.png","width":1024,"height":1024,"caption":"Connexion facile et s\u00fbre des batteries d\u2019appareil photo \u00e0 monture V et \u00e0 monture dor\u00e9e (Anton Bauer) au bo\u00eetier BSS. Avec connecteur D-TAP et prise XLR \u00e0 quatre broches."},{"@type":"BreadcrumbList","@id":"https:\/\/bss-streamingservice.de\/fr\/produit\/cable-de-connexion-de-la-batterie\/#breadcrumb","itemListElement":[{"@type":"ListItem","position":1,"name":"Startseite","item":"https:\/\/bss-streamingservice.de\/fr\/page-daccueil\/"},{"@type":"ListItem","position":2,"name":"Boutique","item":"https:\/\/bss-streamingservice.de\/fr\/boutique\/"},{"@type":"ListItem","position":3,"name":"C\u00e2ble de connexion de la batterie"}]},{"@type":"WebSite","@id":"https:\/\/bss-streamingservice.de\/fr\/#website","url":"https:\/\/bss-streamingservice.de\/fr\/","name":"BSS \u2013 Breitenb\u00fccher Streaming Service","description":"BSS - Live Streaming Service de Pl\u00fcderhausen pr\u00e8s de Stuttgart, Allemagne, - solutions de streaming \u00e9volutives, enregistrements vid\u00e9o et produits de streaming adapt\u00e9s \u00e0 vos besoins.","publisher":{"@id":"https:\/\/bss-streamingservice.de\/fr\/#organization"},"potentialAction":[{"@type":"SearchAction","target":{"@type":"EntryPoint","urlTemplate":"https:\/\/bss-streamingservice.de\/fr\/?s={search_term_string}"},"query-input":{"@type":"PropertyValueSpecification","valueRequired":true,"valueName":"search_term_string"}}],"inLanguage":"fr-FR"},{"@type":"Organization","@id":"https:\/\/bss-streamingservice.de\/fr\/#organization","name":"BSS \u2013 Breitenb\u00fccher Streaming Service","url":"https:\/\/bss-streamingservice.de\/fr\/","logo":{"@type":"ImageObject","inLanguage":"fr-FR","@id":"https:\/\/bss-streamingservice.de\/fr\/#\/schema\/logo\/image\/","url":"https:\/\/bss-streamingservice.de\/wp-content\/uploads\/2021\/05\/Logo-BSS-weiss-farbiger-hintergrund.png","contentUrl":"https:\/\/bss-streamingservice.de\/wp-content\/uploads\/2021\/05\/Logo-BSS-weiss-farbiger-hintergrund.png","width":779,"height":508,"caption":"BSS \u2013 Breitenb\u00fccher Streaming Service"},"image":{"@id":"https:\/\/bss-streamingservice.de\/fr\/#\/schema\/logo\/image\/"}}]}},"uagb_featured_image_src":{"full":["https:\/\/bss-streamingservice.de\/wp-content\/uploads\/2022\/03\/BSS-Case-Batteriekabel_D-TAP_1024_quadratisch.png",1024,1024,false],"thumbnail":["https:\/\/bss-streamingservice.de\/wp-content\/uploads\/2022\/03\/BSS-Case-Batteriekabel_D-TAP_1024_quadratisch-150x150.png",150,150,true],"medium":["https:\/\/bss-streamingservice.de\/wp-content\/uploads\/2022\/03\/BSS-Case-Batteriekabel_D-TAP_1024_quadratisch-300x300.png",300,300,true],"medium_large":["https:\/\/bss-streamingservice.de\/wp-content\/uploads\/2022\/03\/BSS-Case-Batteriekabel_D-TAP_1024_quadratisch-768x768.png",768,768,true],"large":["https:\/\/bss-streamingservice.de\/wp-content\/uploads\/2022\/03\/BSS-Case-Batteriekabel_D-TAP_1024_quadratisch-1024x1024.png",1024,1024,true],"1536x1536":["https:\/\/bss-streamingservice.de\/wp-content\/uploads\/2022\/03\/BSS-Case-Batteriekabel_D-TAP_1024_quadratisch.png",1024,1024,false],"2048x2048":["https:\/\/bss-streamingservice.de\/wp-content\/uploads\/2022\/03\/BSS-Case-Batteriekabel_D-TAP_1024_quadratisch.png",1024,1024,false],"woocommerce_thumbnail":["https:\/\/bss-streamingservice.de\/wp-content\/uploads\/2022\/03\/BSS-Case-Batteriekabel_D-TAP_1024_quadratisch-300x300.png",300,300,true],"woocommerce_single":["https:\/\/bss-streamingservice.de\/wp-content\/uploads\/2022\/03\/BSS-Case-Batteriekabel_D-TAP_1024_quadratisch-600x600.png",600,600,true],"woocommerce_gallery_thumbnail":["https:\/\/bss-streamingservice.de\/wp-content\/uploads\/2022\/03\/BSS-Case-Batteriekabel_D-TAP_1024_quadratisch-100x100.png",100,100,true]},"uagb_author_info":{"display_name":"admin","author_link":"https:\/\/bss-streamingservice.de\/fr\/author\/"},"uagb_comment_info":0,"uagb_excerpt":"Avec les c\u00e2bles de connexion de la batterie, une grande vari\u00e9t\u00e9 de sources de tension de 12 V \u00e0 14,4 V peut \u00eatre facilement connect\u00e9e au bo\u00eetier BSS. Le connecteur XLR \u00e0 quatre broches assure un verrouillage s\u00fbr du bo\u00eetier. Vous avez le choix entre trois c\u00e2bles de connexion de batterie : D-TAP C\u00e2ble de\u2026","_links":{"self":[{"href":"https:\/\/bss-streamingservice.de\/fr\/wp-json\/wp\/v2\/product\/17669","targetHints":{"allow":["GET"]}}],"collection":[{"href":"https:\/\/bss-streamingservice.de\/fr\/wp-json\/wp\/v2\/product"}],"about":[{"href":"https:\/\/bss-streamingservice.de\/fr\/wp-json\/wp\/v2\/types\/product"}],"wp:featuredmedia":[{"embeddable":true,"href":"https:\/\/bss-streamingservice.de\/fr\/wp-json\/wp\/v2\/media\/17668"}],"wp:attachment":[{"href":"https:\/\/bss-streamingservice.de\/fr\/wp-json\/wp\/v2\/media?parent=17669"}],"wp:term":[{"taxonomy":"product_brand","embeddable":true,"href":"https:\/\/bss-streamingservice.de\/fr\/wp-json\/wp\/v2\/product_brand?post=17669"},{"taxonomy":"product_cat","embeddable":true,"href":"https:\/\/bss-streamingservice.de\/fr\/wp-json\/wp\/v2\/product_cat?post=17669"},{"taxonomy":"product_tag","embeddable":true,"href":"https:\/\/bss-streamingservice.de\/fr\/wp-json\/wp\/v2\/product_tag?post=17669"}],"curies":[{"name":"wp","href":"https:\/\/api.w.org\/{rel}","templated":true}]}}