{"id":17988,"date":"2024-01-04T13:56:30","date_gmt":"2024-01-04T12:56:30","guid":{"rendered":"https:\/\/bss-streamingservice.de\/?post_type=product&#038;p=17988"},"modified":"2024-12-30T13:24:41","modified_gmt":"2024-12-30T12:24:41","slug":"case-atem-extreme-allversions","status":"publish","type":"product","link":"https:\/\/bss-streamingservice.de\/fr\/produit\/case-atem-extreme-allversions\/","title":{"rendered":"Bo\u00eetier ATEM Mini Extreme"},"content":{"rendered":"<p>Le bo\u00eetier de l\u2019ATEM Mini Extreme est une configuration de streaming compl\u00e8te avec un moniteur int\u00e9gr\u00e9 de 15 pouces et une alimentation pour la <a href=\"https:\/\/www.blackmagicdesign.com\/fr\/products\/atemmini\" target=\"_blank\" rel=\"noopener\">s\u00e9rie ATEM Mini Extreme<\/a> de la soci\u00e9t\u00e9. Blackmagic Design Pty. Dans la mallette robuste avec alimentation int\u00e9gr\u00e9e, il est livr\u00e9 avec sa protection de transport en m\u00eame temps. La taille de seulement 430 x 380 x 154 mm est parfaitement adapt\u00e9e \u00e0 l\u2019ATEM Mini Extreme et dispose ainsi de suffisamment d\u2019espace pour l\u2019extension et les fonctionnalit\u00e9s suppl\u00e9mentaires disponibles. Avec la prise casque de 6,35 mm, la prise de charge USB ou la connexion de batterie 12V, l\u2019\u00e9tui peut \u00eatre \u00e9tendu pour r\u00e9pondre \u00e0 vos besoins. Et tout cela est facilement transportable avec des dimensions compactes. De plus, le bo\u00eetier complet est disponible pr\u00eat \u00e0 \u00eatre allum\u00e9 avec l\u2019ATEM Mini Extreme ou l\u2019ATEM Mini Extreme ISO mont\u00e9.<\/p>\n<h2>Informations d\u00e9taill\u00e9es sur l\u2019affaire<\/h2>\n<p>Vous trouverez de plus amples informations sur le bo\u00eetier de l\u2019ATEM Mini Extreme sous <a href=\"https:\/\/bss-streamingservice.de\/fr\/boitiers-bss-pour-atem-mini\/bss-case-extreme\/\" target=\"_blank\" rel=\"noopener\"><strong>BSS-Case Extreme<\/strong>.<\/a><\/p>\n<p>L\u2019aper\u00e7u complet des produits sur deux pages : <strong><a href=\"https:\/\/bss-streamingservice.de\/wp-content\/uploads\/bss-documents\/BSS-Case-Extreme-catalogsheet-EN.pdf\" target=\"_blank\" rel=\"noopener\">notre fiche catalogue.<\/a><\/strong><\/p>\n<p><!--more--><\/p>\n<div class=\" pafe-equal-height-desktop pafe-equal-height-tablet pafe-equal-height-mobile elementor-element elementor-element-9bb1c1f elementor-widget elementor-widget-text-editor\" data-pafe-equal-height=\"produkt-1\" data-pafe-equal-height-widget-container=\"\" data-id=\"9bb1c1f\" data-element_type=\"widget\" data-widget_type=\"text-editor.default\">\n<div class=\"elementor-widget-container\">\n<h3>Bref aper\u00e7u de la technologie<\/h3>\n<p>Dans la version standard, le Basic Case comprend toutes les connexions de l\u2019ATEM Mini Extreme Pro \/ ISO avec prise audio et casque en <strong>version<\/strong> jack 3,5 mm. Toutes les connexions se trouvent \u00e0 l\u2019arri\u00e8re et sur le c\u00f4t\u00e9 gauche du bo\u00eetier vers l\u2019ext\u00e9rieur. La sortie HDMI 1 est disponible en tant que signal de moniteur dupliqu\u00e9 \u00e0 l\u2019arri\u00e8re du bo\u00eetier. La liste suivante pr\u00e9sente les normes et les options optionnelles pour configurer notre configuration de streaming avec l\u2019ATEM Mini Extreme.<\/p>\n<\/div>\n<div class=\"elementor-widget-container\" style=\"padding-left: 40px;\"><i class=\"fas fa-check \" ><\/i> Alimentation int\u00e9gr\u00e9e 6.67A<br \/>\n<i class=\"fas fa-check \" ><\/i> Ventilateur &#8211; Fonctionnement continu<br \/>\n<i class=\"fas fa-check \" ><\/i> Prises audio de 3,5 mm (Basic), prises audio verrouillables de 6,35 mm (Professional\/SDI)<br \/>\n<i class=\"fas fa-check \" ><\/i> Prise casque 3,5 mm<br \/>\n<i class=\"fas fa-check \" ><\/i> Sortie HDMI 1 \u00e0 l\u2019arri\u00e8re du bo\u00eetier<br \/>\n<i class=\"fas fa-plus \" ><\/i> Disponible en option : ATEM Mini Extreme Pro (ISO)<br \/>\n<i class=\"fas fa-plus \" ><\/i> Disponible en option: prise casque 6,35 mm (au lieu de 3,5 mm)<br \/>\n<i class=\"fas fa-plus \" ><\/i> Disponible en option : prise de charge USB-A<br \/>\n<i class=\"fas fa-plus \" ><\/i> Disponible en option : connexion \u00e0 la batterie 12 V avec fonction UPS<\/div>\n<\/div>\n","protected":false},"excerpt":{"rendered":"<p>Le bo\u00eetier de configuration de streaming mobile tout-en-un pour l\u2019ATEM Mini Extreme Video Mixer de Blackmagic Design. Compact, portable, robuste et adaptable \u00e0 vos besoins exacts avec des extensions en option !<\/p>\n","protected":false},"featured_media":17285,"template":"","meta":{"_uag_custom_page_level_css":"","site-sidebar-layout":"default","site-content-layout":"default","ast-site-content-layout":"default","site-content-style":"default","site-sidebar-style":"default","ast-global-header-display":"","ast-banner-title-visibility":"","ast-main-header-display":"","ast-hfb-above-header-display":"","ast-hfb-below-header-display":"","ast-hfb-mobile-header-display":"","site-post-title":"","ast-breadcrumbs-content":"","ast-featured-img":"","footer-sml-layout":"","ast-disable-related-posts":"","theme-transparent-header-meta":"default","adv-header-id-meta":"","stick-header-meta":"default","header-above-stick-meta":"","header-main-stick-meta":"","header-below-stick-meta":"","astra-migrate-meta-layouts":"set","ast-page-background-enabled":"default","ast-page-background-meta":{"desktop":{"background-color":"","background-image":"","background-repeat":"repeat","background-position":"center center","background-size":"auto","background-attachment":"scroll","background-type":"","background-media":"","overlay-type":"","overlay-color":"","overlay-opacity":"","overlay-gradient":""},"tablet":{"background-color":"","background-image":"","background-repeat":"repeat","background-position":"center center","background-size":"auto","background-attachment":"scroll","background-type":"","background-media":"","overlay-type":"","overlay-color":"","overlay-opacity":"","overlay-gradient":""},"mobile":{"background-color":"","background-image":"","background-repeat":"repeat","background-position":"center center","background-size":"auto","background-attachment":"scroll","background-type":"","background-media":"","overlay-type":"","overlay-color":"","overlay-opacity":"","overlay-gradient":""}},"ast-content-background-meta":{"desktop":{"background-color":"var(--ast-global-color-5)","background-image":"","background-repeat":"repeat","background-position":"center center","background-size":"auto","background-attachment":"scroll","background-type":"","background-media":"","overlay-type":"","overlay-color":"","overlay-opacity":"","overlay-gradient":""},"tablet":{"background-color":"var(--ast-global-color-5)","background-image":"","background-repeat":"repeat","background-position":"center center","background-size":"auto","background-attachment":"scroll","background-type":"","background-media":"","overlay-type":"","overlay-color":"","overlay-opacity":"","overlay-gradient":""},"mobile":{"background-color":"var(--ast-global-color-5)","background-image":"","background-repeat":"repeat","background-position":"center center","background-size":"auto","background-attachment":"scroll","background-type":"","background-media":"","overlay-type":"","overlay-color":"","overlay-opacity":"","overlay-gradient":""}}},"product_brand":[],"product_cat":[358],"product_tag":[441,436,438,428,432,426,434,435,429,446,433],"class_list":{"0":"post-17988","1":"product","2":"type-product","3":"status-publish","4":"has-post-thumbnail","6":"product_cat-configuration-du-streaming","7":"product_tag-atem-extreme-sdi-fr","8":"product_tag-atem-mini-extreme-fr","9":"product_tag-atem-mini-extreme-iso-fr","10":"product_tag-cas-video","11":"product_tag-boitier-avec-moniteur","12":"product_tag-boite","13":"product_tag-mallette-de-transport","14":"product_tag-boitier-de-transport","15":"product_tag-malette-video","16":"product_tag-sdi-fr","17":"product_tag-valise-avec-moniteur","18":"product_shipping_class-colis-jusqua-10-kg","19":"desktop-align-center","20":"tablet-align-center","21":"mobile-align-center","22":"ast-product-gallery-layout-horizontal-slider","23":"ast-product-gallery-with-no-image","24":"ast-product-tabs-layout-horizontal","26":"first","27":"instock","28":"taxable","29":"shipping-taxable","30":"purchasable","31":"product-type-simple"},"yoast_head":"<!-- This site is optimized with the Yoast SEO plugin v27.3 - https:\/\/yoast.com\/product\/yoast-seo-wordpress\/ -->\n<title>Bo\u00eetier de base pour ATEM Mini Extreme - exactement pour ton flux<\/title>\n<meta name=\"description\" content=\"Le bo\u00eetier BSS Basic pour ATEM Mini Extreme est configurable selon tes besoins de streaming et ceci avec des caract\u00e9ristiques professionnelles.\" \/>\n<meta name=\"robots\" content=\"index, follow, max-snippet:-1, max-image-preview:large, max-video-preview:-1\" \/>\n<link rel=\"canonical\" href=\"https:\/\/bss-streamingservice.de\/fr\/produit\/case-atem-extreme-allversions\/\" \/>\n<meta property=\"og:locale\" content=\"fr_FR\" \/>\n<meta property=\"og:type\" content=\"article\" \/>\n<meta property=\"og:title\" content=\"Bo\u00eetier de base pour ATEM Mini Extreme - exactement pour ton flux\" \/>\n<meta property=\"og:description\" content=\"Le bo\u00eetier BSS Basic pour ATEM Mini Extreme est configurable selon tes besoins de streaming et ceci avec des caract\u00e9ristiques professionnelles.\" \/>\n<meta property=\"og:url\" content=\"https:\/\/bss-streamingservice.de\/fr\/produit\/case-atem-extreme-allversions\/\" \/>\n<meta property=\"og:site_name\" content=\"BSS \u2013 Breitenb\u00fccher Streaming Service\" \/>\n<meta property=\"article:modified_time\" content=\"2024-12-30T12:24:41+00:00\" \/>\n<meta property=\"og:image\" content=\"https:\/\/bss-streamingservice.de\/wp-content\/uploads\/2022\/03\/Extreme-Case-schraeg_ohne-ATEM_1024.gif\" \/>\n\t<meta property=\"og:image:width\" content=\"1024\" \/>\n\t<meta property=\"og:image:height\" content=\"1024\" \/>\n\t<meta property=\"og:image:type\" content=\"image\/gif\" \/>\n<meta name=\"twitter:card\" content=\"summary_large_image\" \/>\n<meta name=\"twitter:label1\" content=\"Dur\u00e9e de lecture estim\u00e9e\" \/>\n\t<meta name=\"twitter:data1\" content=\"2 minutes\" \/>\n<script type=\"application\/ld+json\" class=\"yoast-schema-graph\">{\"@context\":\"https:\\\/\\\/schema.org\",\"@graph\":[{\"@type\":\"WebPage\",\"@id\":\"https:\\\/\\\/bss-streamingservice.de\\\/fr\\\/produit\\\/case-atem-extreme-allversions\\\/\",\"url\":\"https:\\\/\\\/bss-streamingservice.de\\\/fr\\\/produit\\\/case-atem-extreme-allversions\\\/\",\"name\":\"Bo\u00eetier de base pour ATEM Mini Extreme - exactement pour ton flux\",\"isPartOf\":{\"@id\":\"https:\\\/\\\/bss-streamingservice.de\\\/fr\\\/#website\"},\"primaryImageOfPage\":{\"@id\":\"https:\\\/\\\/bss-streamingservice.de\\\/fr\\\/produit\\\/case-atem-extreme-allversions\\\/#primaryimage\"},\"image\":{\"@id\":\"https:\\\/\\\/bss-streamingservice.de\\\/fr\\\/produit\\\/case-atem-extreme-allversions\\\/#primaryimage\"},\"thumbnailUrl\":\"https:\\\/\\\/bss-streamingservice.de\\\/wp-content\\\/uploads\\\/2022\\\/03\\\/Extreme-Case-schraeg_ohne-ATEM_1024.gif\",\"datePublished\":\"2024-01-04T12:56:30+00:00\",\"dateModified\":\"2024-12-30T12:24:41+00:00\",\"description\":\"Le bo\u00eetier BSS Basic pour ATEM Mini Extreme est configurable selon tes besoins de streaming et ceci avec des caract\u00e9ristiques professionnelles.\",\"breadcrumb\":{\"@id\":\"https:\\\/\\\/bss-streamingservice.de\\\/fr\\\/produit\\\/case-atem-extreme-allversions\\\/#breadcrumb\"},\"inLanguage\":\"fr-FR\",\"potentialAction\":[{\"@type\":\"ReadAction\",\"target\":[\"https:\\\/\\\/bss-streamingservice.de\\\/fr\\\/produit\\\/case-atem-extreme-allversions\\\/\"]}]},{\"@type\":\"ImageObject\",\"inLanguage\":\"fr-FR\",\"@id\":\"https:\\\/\\\/bss-streamingservice.de\\\/fr\\\/produit\\\/case-atem-extreme-allversions\\\/#primaryimage\",\"url\":\"https:\\\/\\\/bss-streamingservice.de\\\/wp-content\\\/uploads\\\/2022\\\/03\\\/Extreme-Case-schraeg_ohne-ATEM_1024.gif\",\"contentUrl\":\"https:\\\/\\\/bss-streamingservice.de\\\/wp-content\\\/uploads\\\/2022\\\/03\\\/Extreme-Case-schraeg_ohne-ATEM_1024.gif\",\"width\":1024,\"height\":1024,\"caption\":\"Le bo\u00eetier contient l\u2019\u00e9cran ergonomique de 15 pouces et dispose de suffisamment d\u2019espace pour des extensions en option.\"},{\"@type\":\"BreadcrumbList\",\"@id\":\"https:\\\/\\\/bss-streamingservice.de\\\/fr\\\/produit\\\/case-atem-extreme-allversions\\\/#breadcrumb\",\"itemListElement\":[{\"@type\":\"ListItem\",\"position\":1,\"name\":\"Startseite\",\"item\":\"https:\\\/\\\/bss-streamingservice.de\\\/fr\\\/page-daccueil\\\/\"},{\"@type\":\"ListItem\",\"position\":2,\"name\":\"Boutique\",\"item\":\"https:\\\/\\\/bss-streamingservice.de\\\/fr\\\/boutique\\\/\"},{\"@type\":\"ListItem\",\"position\":3,\"name\":\"ATEM Extreme SDI\",\"item\":\"https:\\\/\\\/bss-streamingservice.de\\\/fr\\\/mot-cle-produit\\\/atem-extreme-sdi-fr\\\/\"},{\"@type\":\"ListItem\",\"position\":4,\"name\":\"Config Basic Case EXTREME\"}]},{\"@type\":\"WebSite\",\"@id\":\"https:\\\/\\\/bss-streamingservice.de\\\/fr\\\/#website\",\"url\":\"https:\\\/\\\/bss-streamingservice.de\\\/fr\\\/\",\"name\":\"BSS \u2013 Breitenb\u00fccher Streaming Service\",\"description\":\"BSS - Live Streaming Service de Pl\u00fcderhausen pr\u00e8s de Stuttgart, Allemagne, - solutions de streaming \u00e9volutives, enregistrements vid\u00e9o et produits de streaming adapt\u00e9s \u00e0 vos besoins.\",\"publisher\":{\"@id\":\"https:\\\/\\\/bss-streamingservice.de\\\/fr\\\/#organization\"},\"potentialAction\":[{\"@type\":\"SearchAction\",\"target\":{\"@type\":\"EntryPoint\",\"urlTemplate\":\"https:\\\/\\\/bss-streamingservice.de\\\/fr\\\/?s={search_term_string}\"},\"query-input\":{\"@type\":\"PropertyValueSpecification\",\"valueRequired\":true,\"valueName\":\"search_term_string\"}}],\"inLanguage\":\"fr-FR\"},{\"@type\":\"Organization\",\"@id\":\"https:\\\/\\\/bss-streamingservice.de\\\/fr\\\/#organization\",\"name\":\"BSS \u2013 Breitenb\u00fccher Streaming Service\",\"url\":\"https:\\\/\\\/bss-streamingservice.de\\\/fr\\\/\",\"logo\":{\"@type\":\"ImageObject\",\"inLanguage\":\"fr-FR\",\"@id\":\"https:\\\/\\\/bss-streamingservice.de\\\/fr\\\/#\\\/schema\\\/logo\\\/image\\\/\",\"url\":\"https:\\\/\\\/bss-streamingservice.de\\\/wp-content\\\/uploads\\\/2021\\\/05\\\/Logo-BSS-weiss-farbiger-hintergrund.png\",\"contentUrl\":\"https:\\\/\\\/bss-streamingservice.de\\\/wp-content\\\/uploads\\\/2021\\\/05\\\/Logo-BSS-weiss-farbiger-hintergrund.png\",\"width\":779,\"height\":508,\"caption\":\"BSS \u2013 Breitenb\u00fccher Streaming Service\"},\"image\":{\"@id\":\"https:\\\/\\\/bss-streamingservice.de\\\/fr\\\/#\\\/schema\\\/logo\\\/image\\\/\"}}]}<\/script>\n<!-- \/ Yoast SEO plugin. -->","yoast_head_json":{"title":"Bo\u00eetier de base pour ATEM Mini Extreme - exactement pour ton flux","description":"Le bo\u00eetier BSS Basic pour ATEM Mini Extreme est configurable selon tes besoins de streaming et ceci avec des caract\u00e9ristiques professionnelles.","robots":{"index":"index","follow":"follow","max-snippet":"max-snippet:-1","max-image-preview":"max-image-preview:large","max-video-preview":"max-video-preview:-1"},"canonical":"https:\/\/bss-streamingservice.de\/fr\/produit\/case-atem-extreme-allversions\/","og_locale":"fr_FR","og_type":"article","og_title":"Bo\u00eetier de base pour ATEM Mini Extreme - exactement pour ton flux","og_description":"Le bo\u00eetier BSS Basic pour ATEM Mini Extreme est configurable selon tes besoins de streaming et ceci avec des caract\u00e9ristiques professionnelles.","og_url":"https:\/\/bss-streamingservice.de\/fr\/produit\/case-atem-extreme-allversions\/","og_site_name":"BSS \u2013 Breitenb\u00fccher Streaming Service","article_modified_time":"2024-12-30T12:24:41+00:00","og_image":[{"width":1024,"height":1024,"url":"https:\/\/bss-streamingservice.de\/wp-content\/uploads\/2022\/03\/Extreme-Case-schraeg_ohne-ATEM_1024.gif","type":"image\/gif"}],"twitter_card":"summary_large_image","twitter_misc":{"Dur\u00e9e de lecture estim\u00e9e":"2 minutes"},"schema":{"@context":"https:\/\/schema.org","@graph":[{"@type":"WebPage","@id":"https:\/\/bss-streamingservice.de\/fr\/produit\/case-atem-extreme-allversions\/","url":"https:\/\/bss-streamingservice.de\/fr\/produit\/case-atem-extreme-allversions\/","name":"Bo\u00eetier de base pour ATEM Mini Extreme - exactement pour ton flux","isPartOf":{"@id":"https:\/\/bss-streamingservice.de\/fr\/#website"},"primaryImageOfPage":{"@id":"https:\/\/bss-streamingservice.de\/fr\/produit\/case-atem-extreme-allversions\/#primaryimage"},"image":{"@id":"https:\/\/bss-streamingservice.de\/fr\/produit\/case-atem-extreme-allversions\/#primaryimage"},"thumbnailUrl":"https:\/\/bss-streamingservice.de\/wp-content\/uploads\/2022\/03\/Extreme-Case-schraeg_ohne-ATEM_1024.gif","datePublished":"2024-01-04T12:56:30+00:00","dateModified":"2024-12-30T12:24:41+00:00","description":"Le bo\u00eetier BSS Basic pour ATEM Mini Extreme est configurable selon tes besoins de streaming et ceci avec des caract\u00e9ristiques professionnelles.","breadcrumb":{"@id":"https:\/\/bss-streamingservice.de\/fr\/produit\/case-atem-extreme-allversions\/#breadcrumb"},"inLanguage":"fr-FR","potentialAction":[{"@type":"ReadAction","target":["https:\/\/bss-streamingservice.de\/fr\/produit\/case-atem-extreme-allversions\/"]}]},{"@type":"ImageObject","inLanguage":"fr-FR","@id":"https:\/\/bss-streamingservice.de\/fr\/produit\/case-atem-extreme-allversions\/#primaryimage","url":"https:\/\/bss-streamingservice.de\/wp-content\/uploads\/2022\/03\/Extreme-Case-schraeg_ohne-ATEM_1024.gif","contentUrl":"https:\/\/bss-streamingservice.de\/wp-content\/uploads\/2022\/03\/Extreme-Case-schraeg_ohne-ATEM_1024.gif","width":1024,"height":1024,"caption":"Le bo\u00eetier contient l\u2019\u00e9cran ergonomique de 15 pouces et dispose de suffisamment d\u2019espace pour des extensions en option."},{"@type":"BreadcrumbList","@id":"https:\/\/bss-streamingservice.de\/fr\/produit\/case-atem-extreme-allversions\/#breadcrumb","itemListElement":[{"@type":"ListItem","position":1,"name":"Startseite","item":"https:\/\/bss-streamingservice.de\/fr\/page-daccueil\/"},{"@type":"ListItem","position":2,"name":"Boutique","item":"https:\/\/bss-streamingservice.de\/fr\/boutique\/"},{"@type":"ListItem","position":3,"name":"ATEM Extreme SDI","item":"https:\/\/bss-streamingservice.de\/fr\/mot-cle-produit\/atem-extreme-sdi-fr\/"},{"@type":"ListItem","position":4,"name":"Config Basic Case EXTREME"}]},{"@type":"WebSite","@id":"https:\/\/bss-streamingservice.de\/fr\/#website","url":"https:\/\/bss-streamingservice.de\/fr\/","name":"BSS \u2013 Breitenb\u00fccher Streaming Service","description":"BSS - Live Streaming Service de Pl\u00fcderhausen pr\u00e8s de Stuttgart, Allemagne, - solutions de streaming \u00e9volutives, enregistrements vid\u00e9o et produits de streaming adapt\u00e9s \u00e0 vos besoins.","publisher":{"@id":"https:\/\/bss-streamingservice.de\/fr\/#organization"},"potentialAction":[{"@type":"SearchAction","target":{"@type":"EntryPoint","urlTemplate":"https:\/\/bss-streamingservice.de\/fr\/?s={search_term_string}"},"query-input":{"@type":"PropertyValueSpecification","valueRequired":true,"valueName":"search_term_string"}}],"inLanguage":"fr-FR"},{"@type":"Organization","@id":"https:\/\/bss-streamingservice.de\/fr\/#organization","name":"BSS \u2013 Breitenb\u00fccher Streaming Service","url":"https:\/\/bss-streamingservice.de\/fr\/","logo":{"@type":"ImageObject","inLanguage":"fr-FR","@id":"https:\/\/bss-streamingservice.de\/fr\/#\/schema\/logo\/image\/","url":"https:\/\/bss-streamingservice.de\/wp-content\/uploads\/2021\/05\/Logo-BSS-weiss-farbiger-hintergrund.png","contentUrl":"https:\/\/bss-streamingservice.de\/wp-content\/uploads\/2021\/05\/Logo-BSS-weiss-farbiger-hintergrund.png","width":779,"height":508,"caption":"BSS \u2013 Breitenb\u00fccher Streaming Service"},"image":{"@id":"https:\/\/bss-streamingservice.de\/fr\/#\/schema\/logo\/image\/"}}]}},"uagb_featured_image_src":{"full":["https:\/\/bss-streamingservice.de\/wp-content\/uploads\/2022\/03\/Extreme-Case-schraeg_ohne-ATEM_1024.gif",1024,1024,false],"thumbnail":["https:\/\/bss-streamingservice.de\/wp-content\/uploads\/2022\/03\/Extreme-Case-schraeg_ohne-ATEM_1024-150x150.gif",150,150,true],"medium":["https:\/\/bss-streamingservice.de\/wp-content\/uploads\/2022\/03\/Extreme-Case-schraeg_ohne-ATEM_1024-300x300.gif",300,300,true],"medium_large":["https:\/\/bss-streamingservice.de\/wp-content\/uploads\/2022\/03\/Extreme-Case-schraeg_ohne-ATEM_1024-768x768.gif",768,768,true],"large":["https:\/\/bss-streamingservice.de\/wp-content\/uploads\/2022\/03\/Extreme-Case-schraeg_ohne-ATEM_1024-1024x1024.gif",1024,1024,true],"1536x1536":["https:\/\/bss-streamingservice.de\/wp-content\/uploads\/2022\/03\/Extreme-Case-schraeg_ohne-ATEM_1024.gif",1024,1024,false],"2048x2048":["https:\/\/bss-streamingservice.de\/wp-content\/uploads\/2022\/03\/Extreme-Case-schraeg_ohne-ATEM_1024.gif",1024,1024,false],"woocommerce_thumbnail":["https:\/\/bss-streamingservice.de\/wp-content\/uploads\/2022\/03\/Extreme-Case-schraeg_ohne-ATEM_1024-300x300.gif",300,300,true],"woocommerce_single":["https:\/\/bss-streamingservice.de\/wp-content\/uploads\/2022\/03\/Extreme-Case-schraeg_ohne-ATEM_1024-600x600.gif",600,600,true],"woocommerce_gallery_thumbnail":["https:\/\/bss-streamingservice.de\/wp-content\/uploads\/2022\/03\/Extreme-Case-schraeg_ohne-ATEM_1024-100x100.gif",100,100,true]},"uagb_author_info":{"display_name":"admin","author_link":"https:\/\/bss-streamingservice.de\/fr\/author\/"},"uagb_comment_info":0,"uagb_excerpt":"Le bo\u00eetier de configuration de streaming mobile tout-en-un pour l\u2019ATEM Mini Extreme Video Mixer de Blackmagic Design. Compact, portable, robuste et adaptable \u00e0 vos besoins exacts avec des extensions en option !","_links":{"self":[{"href":"https:\/\/bss-streamingservice.de\/fr\/wp-json\/wp\/v2\/product\/17988","targetHints":{"allow":["GET"]}}],"collection":[{"href":"https:\/\/bss-streamingservice.de\/fr\/wp-json\/wp\/v2\/product"}],"about":[{"href":"https:\/\/bss-streamingservice.de\/fr\/wp-json\/wp\/v2\/types\/product"}],"wp:featuredmedia":[{"embeddable":true,"href":"https:\/\/bss-streamingservice.de\/fr\/wp-json\/wp\/v2\/media\/17285"}],"wp:attachment":[{"href":"https:\/\/bss-streamingservice.de\/fr\/wp-json\/wp\/v2\/media?parent=17988"}],"wp:term":[{"taxonomy":"product_brand","embeddable":true,"href":"https:\/\/bss-streamingservice.de\/fr\/wp-json\/wp\/v2\/product_brand?post=17988"},{"taxonomy":"product_cat","embeddable":true,"href":"https:\/\/bss-streamingservice.de\/fr\/wp-json\/wp\/v2\/product_cat?post=17988"},{"taxonomy":"product_tag","embeddable":true,"href":"https:\/\/bss-streamingservice.de\/fr\/wp-json\/wp\/v2\/product_tag?post=17988"}],"curies":[{"name":"wp","href":"https:\/\/api.w.org\/{rel}","templated":true}]}}