{"id":18553,"date":"2024-02-06T18:17:37","date_gmt":"2024-02-06T17:17:37","guid":{"rendered":"https:\/\/bss-streamingservice.de\/?post_type=product&#038;p=18553"},"modified":"2024-12-30T13:17:40","modified_gmt":"2024-12-30T12:17:40","slug":"bss-case-pour-atem-mini","status":"publish","type":"product","link":"https:\/\/bss-streamingservice.de\/fr\/produit\/bss-case-pour-atem-mini\/","title":{"rendered":"BSS Case pour ATEM Mini"},"content":{"rendered":"<p>Configurez le bo\u00eetier pour l&#8217;ATEM Mini &#8211; une installation de streaming compl\u00e8te avec un moniteur 10 pouces int\u00e9gr\u00e9 et un bloc d&#8217;alimentation pour la s\u00e9rie ATEM Mini de Blackmagic Design Pty Ltd. \u00c9quip\u00e9, selon vos exigences, de prises de haute qualit\u00e9 de la soci\u00e9t\u00e9 Neutrik, ainsi que d&#8217;une commande de ventilateur \u00e0 r\u00e9gulation par largeur d&#8217;impulsion pour un fonctionnement ultra-silencieux (version Professional). Il est livr\u00e9 dans une mallette robuste avec bloc d&#8217;alimentation int\u00e9gr\u00e9, ce qui le prot\u00e8ge pendant le transport. Il est en outre disponible sans ou avec ATEM Mini Pro \/ ISO. De la version Economic particuli\u00e8rement avantageuse au bo\u00eetier pour l&#8217;ATEM SDI, le bo\u00eetier peut \u00eatre compos\u00e9 individuellement en fonction de ton application. Par exemple, le bo\u00eetier professionnel peut \u00eatre \u00e9quip\u00e9 de deux entr\u00e9es SDI optionnelles, d&#8217;une prise de charge USB et d&#8217;un raccordement \u00e0 une batterie de 12V. Et tout cela est facilement transportable avec des dimensions compactes.<\/p>\n<h2>Informations d\u00e9taill\u00e9es sur l\u2019affaire<\/h2>\n<p>Vous trouverez de plus amples informations sur l\u2019affaire \u00e0 l\u2019adresse suivante : <strong><a href=\"https:\/\/bss-streamingservice.de\/fr\/boitiers-bss-pour-atem-mini\/bss-case\/\">BSS-Case ATEM Mini<\/a>.<\/strong><\/p>\n<p>L\u2019aper\u00e7u complet des produits sur deux pages : <strong><br \/>\n<a href=\"https:\/\/bss-streamingservice.de\/wp-content\/uploads\/bss-documents\/BSS-Case-Katalogblatt-DE.pdf\" target=\"_blank\" rel=\"noopener\">notre fiche catalogue.<\/a><br \/>\n<\/strong><\/p>\n<p><!--more--><\/p>\n<div class=\" pafe-equal-height-desktop pafe-equal-height-tablet pafe-equal-height-mobile elementor-element elementor-element-9bb1c1f elementor-widget elementor-widget-text-editor\" data-pafe-equal-height=\"produkt-1\" data-pafe-equal-height-widget-container=\"\" data-id=\"9bb1c1f\" data-element_type=\"widget\" data-widget_type=\"text-editor.default\">\n<div class=\"elementor-widget-container\">\n<h3>Bref aper\u00e7u de la technologie<\/h3>\n<p>Dans sa version standard, le bo\u00eetier BSS comprend de mani\u00e8re analogique tous les connecteurs de l&#8217;ATEM Mini Pro \/ ISO avec prise audio et prise casque en version jack 3,5 mm. Toutes les connexions sont dirig\u00e9es vers l&#8217;ext\u00e9rieur sur le c\u00f4t\u00e9 arri\u00e8re et gauche du Case. La sortie HDMI 1 est pr\u00e9sente en tant que signal de moniteur dupliqu\u00e9 sur la face arri\u00e8re du bo\u00eetier (sur le bo\u00eetier SDI, ce signal est pr\u00e9sent sur OUT2). Configure le bo\u00eetier BSS pour l&#8217;ATEM Mini en utilisant la liste suivante des standards et des possibilit\u00e9s optionnelles (diff\u00e9rentes options disponibles en fonction du type de bo\u00eetier).<\/p>\n<\/div>\n<p style=\"padding-left: 40px;\"><i class=\"fas fa-check \" ><\/i> Alimentation int\u00e9gr\u00e9e 5A<br \/>\n<i class=\"fas fa-check \" ><\/i> Ventilateur &#8211; contr\u00f4l\u00e9 par thermostat PWM (Professional\/SDI)<br \/>\n<i class=\"fas fa-check \" ><\/i> Prises audio 3,5mm (Economic\/Basic)<br \/>\n<i class=\"fas fa-check \" ><\/i> Prises audio 6,35 mm verrouillables (Professional\/SDI)<br \/>\n<i class=\"fas fa-check \" ><\/i> Prise casque 6,35mm (Basic (option)\/Professional\/SDI)<br \/>\n<i class=\"fas fa-check fa-unprefixed_class= \" ><\/i> Mod\u00e8le de prise &#8220;Neutrik&#8221; (Professional\/SDI)<br \/>\n<i class=\"fas fa-check \" ><\/i> Sortie HDMI 1 \u00e0 l&#8217;arri\u00e8re du bo\u00eetier (OUT2 pour bo\u00eetier SDI)<br \/>\n<i class=\"fas fa-plus \" ><\/i> Disponible en option : ATEM Mini Extreme Pro (ISO)<br \/>\n<i class=\"fas fa-plus \" ><\/i> Disponible en option : 2x Convertisseur 3G SDI (Professionnel)<br \/>\n<i class=\"fas fa-plus \" ><\/i> Disponible en option : 1x convertisseur 3G HDMI (SDI)<br \/>\n<i class=\"fas fa-plus \" ><\/i> Disponible en option : Prise de charge USB-A (Basic\/Professional\/SDI)<br \/>\n<i class=\"fas fa-plus \" ><\/i> Disponible en option : prise de fixation \u215c pouce (Basic\/Professional\/SDI)<br \/>\n<i class=\"fas fa-plus \" ><\/i> Disponible en option : prise de batterie 12V avec fonction UPS (Basic\/Professional\/SDI)<\/p>\n<\/div>\n","protected":false},"excerpt":{"rendered":"<p style=\"line-heigh: 120%;\">Le bo\u00eetier de configuration de streaming mobile tout-en-un pour l\u2019ATEM Mini Video Mixer de Blackmagic Design. Compact, portable, robuste et adaptable \u00e0 vos besoins exacts avec des extensions en option !<\/p>\n","protected":false},"featured_media":17172,"template":"","meta":{"_uag_custom_page_level_css":"","site-sidebar-layout":"default","site-content-layout":"default","ast-site-content-layout":"default","site-content-style":"default","site-sidebar-style":"default","ast-global-header-display":"","ast-banner-title-visibility":"","ast-main-header-display":"","ast-hfb-above-header-display":"","ast-hfb-below-header-display":"","ast-hfb-mobile-header-display":"","site-post-title":"","ast-breadcrumbs-content":"","ast-featured-img":"","footer-sml-layout":"","ast-disable-related-posts":"","theme-transparent-header-meta":"default","adv-header-id-meta":"","stick-header-meta":"default","header-above-stick-meta":"","header-main-stick-meta":"","header-below-stick-meta":"","astra-migrate-meta-layouts":"set","ast-page-background-enabled":"default","ast-page-background-meta":{"desktop":{"background-color":"","background-image":"","background-repeat":"repeat","background-position":"center center","background-size":"auto","background-attachment":"scroll","background-type":"","background-media":"","overlay-type":"","overlay-color":"","overlay-opacity":"","overlay-gradient":""},"tablet":{"background-color":"","background-image":"","background-repeat":"repeat","background-position":"center center","background-size":"auto","background-attachment":"scroll","background-type":"","background-media":"","overlay-type":"","overlay-color":"","overlay-opacity":"","overlay-gradient":""},"mobile":{"background-color":"","background-image":"","background-repeat":"repeat","background-position":"center center","background-size":"auto","background-attachment":"scroll","background-type":"","background-media":"","overlay-type":"","overlay-color":"","overlay-opacity":"","overlay-gradient":""}},"ast-content-background-meta":{"desktop":{"background-color":"var(--ast-global-color-5)","background-image":"","background-repeat":"repeat","background-position":"center center","background-size":"auto","background-attachment":"scroll","background-type":"","background-media":"","overlay-type":"","overlay-color":"","overlay-opacity":"","overlay-gradient":""},"tablet":{"background-color":"var(--ast-global-color-5)","background-image":"","background-repeat":"repeat","background-position":"center center","background-size":"auto","background-attachment":"scroll","background-type":"","background-media":"","overlay-type":"","overlay-color":"","overlay-opacity":"","overlay-gradient":""},"mobile":{"background-color":"var(--ast-global-color-5)","background-image":"","background-repeat":"repeat","background-position":"center center","background-size":"auto","background-attachment":"scroll","background-type":"","background-media":"","overlay-type":"","overlay-color":"","overlay-opacity":"","overlay-gradient":""}}},"product_brand":[],"product_cat":[358],"product_tag":[427,431,428,432,426,430,435,434,429,433],"class_list":{"0":"post-18553","1":"product","2":"type-product","3":"status-publish","4":"has-post-thumbnail","6":"product_cat-configuration-du-streaming","7":"product_tag-atem-mini-fr","8":"product_tag-atem-mini-pro-fr","9":"product_tag-cas-video","10":"product_tag-boitier-avec-moniteur","11":"product_tag-boite","12":"product_tag-configuration-set-de-streaming","13":"product_tag-boitier-de-transport","14":"product_tag-mallette-de-transport","15":"product_tag-malette-video","16":"product_tag-valise-avec-moniteur","17":"product_shipping_class-colis-jusqua-10-kg","18":"desktop-align-center","19":"tablet-align-center","20":"mobile-align-center","21":"ast-product-gallery-layout-horizontal-slider","22":"ast-product-gallery-with-no-image","23":"ast-product-tabs-layout-horizontal","25":"first","26":"instock","27":"taxable","28":"shipping-taxable","29":"purchasable","30":"product-type-simple"},"yoast_head":"<!-- This site is optimized with the Yoast SEO plugin v27.3 - https:\/\/yoast.com\/product\/yoast-seo-wordpress\/ -->\n<title>Configurez votre Professional ATEM Mini Case - pour votre stream<\/title>\n<meta name=\"description\" content=\"Le BSS - Professional Case pour ATEM Mini est configurable en fonction de vos besoins de streaming et dispose \u00e9galement de fonctionnalit\u00e9s professionnelles.\" \/>\n<meta name=\"robots\" content=\"index, follow, max-snippet:-1, max-image-preview:large, max-video-preview:-1\" \/>\n<link rel=\"canonical\" href=\"https:\/\/bss-streamingservice.de\/fr\/produit\/bss-case-pour-atem-mini\/\" \/>\n<meta property=\"og:locale\" content=\"fr_FR\" \/>\n<meta property=\"og:type\" content=\"article\" \/>\n<meta property=\"og:title\" content=\"Configurez votre Professional ATEM Mini Case - pour votre stream\" \/>\n<meta property=\"og:description\" content=\"Le BSS - Professional Case pour ATEM Mini est configurable en fonction de vos besoins de streaming et dispose \u00e9galement de fonctionnalit\u00e9s professionnelles.\" \/>\n<meta property=\"og:url\" content=\"https:\/\/bss-streamingservice.de\/fr\/produit\/bss-case-pour-atem-mini\/\" \/>\n<meta property=\"og:site_name\" content=\"BSS \u2013 Breitenb\u00fccher Streaming Service\" \/>\n<meta property=\"article:modified_time\" content=\"2024-12-30T12:17:40+00:00\" \/>\n<meta property=\"og:image\" content=\"https:\/\/bss-streamingservice.de\/wp-content\/uploads\/2021\/12\/BSS-Case-aufgeklappt-schraeg-on-Professional-mit-635-Klinke.png\" \/>\n\t<meta property=\"og:image:width\" content=\"1024\" \/>\n\t<meta property=\"og:image:height\" content=\"1024\" \/>\n\t<meta property=\"og:image:type\" content=\"image\/png\" \/>\n<meta name=\"twitter:card\" content=\"summary_large_image\" \/>\n<meta name=\"twitter:label1\" content=\"Dur\u00e9e de lecture estim\u00e9e\" \/>\n\t<meta name=\"twitter:data1\" content=\"3 minutes\" \/>\n<script type=\"application\/ld+json\" class=\"yoast-schema-graph\">{\"@context\":\"https:\\\/\\\/schema.org\",\"@graph\":[{\"@type\":\"WebPage\",\"@id\":\"https:\\\/\\\/bss-streamingservice.de\\\/fr\\\/produit\\\/bss-case-pour-atem-mini\\\/\",\"url\":\"https:\\\/\\\/bss-streamingservice.de\\\/fr\\\/produit\\\/bss-case-pour-atem-mini\\\/\",\"name\":\"Configurez votre Professional ATEM Mini Case - pour votre stream\",\"isPartOf\":{\"@id\":\"https:\\\/\\\/bss-streamingservice.de\\\/fr\\\/#website\"},\"primaryImageOfPage\":{\"@id\":\"https:\\\/\\\/bss-streamingservice.de\\\/fr\\\/produit\\\/bss-case-pour-atem-mini\\\/#primaryimage\"},\"image\":{\"@id\":\"https:\\\/\\\/bss-streamingservice.de\\\/fr\\\/produit\\\/bss-case-pour-atem-mini\\\/#primaryimage\"},\"thumbnailUrl\":\"https:\\\/\\\/bss-streamingservice.de\\\/wp-content\\\/uploads\\\/2021\\\/12\\\/BSS-Case-aufgeklappt-schraeg-on-Professional-mit-635-Klinke.png\",\"datePublished\":\"2024-02-06T17:17:37+00:00\",\"dateModified\":\"2024-12-30T12:17:40+00:00\",\"description\":\"Le BSS - Professional Case pour ATEM Mini est configurable en fonction de vos besoins de streaming et dispose \u00e9galement de fonctionnalit\u00e9s professionnelles.\",\"breadcrumb\":{\"@id\":\"https:\\\/\\\/bss-streamingservice.de\\\/fr\\\/produit\\\/bss-case-pour-atem-mini\\\/#breadcrumb\"},\"inLanguage\":\"fr-FR\",\"potentialAction\":[{\"@type\":\"ReadAction\",\"target\":[\"https:\\\/\\\/bss-streamingservice.de\\\/fr\\\/produit\\\/bss-case-pour-atem-mini\\\/\"]}]},{\"@type\":\"ImageObject\",\"inLanguage\":\"fr-FR\",\"@id\":\"https:\\\/\\\/bss-streamingservice.de\\\/fr\\\/produit\\\/bss-case-pour-atem-mini\\\/#primaryimage\",\"url\":\"https:\\\/\\\/bss-streamingservice.de\\\/wp-content\\\/uploads\\\/2021\\\/12\\\/BSS-Case-aufgeklappt-schraeg-on-Professional-mit-635-Klinke.png\",\"contentUrl\":\"https:\\\/\\\/bss-streamingservice.de\\\/wp-content\\\/uploads\\\/2021\\\/12\\\/BSS-Case-aufgeklappt-schraeg-on-Professional-mit-635-Klinke.png\",\"width\":1024,\"height\":1024,\"caption\":\"Le bo\u00eetier BSS-Professional est d\u00e9pli\u00e9 avec le moniteur allum\u00e9 et dans cette variante avec ATEM Mini Pro ou Pro ISO.\"},{\"@type\":\"BreadcrumbList\",\"@id\":\"https:\\\/\\\/bss-streamingservice.de\\\/fr\\\/produit\\\/bss-case-pour-atem-mini\\\/#breadcrumb\",\"itemListElement\":[{\"@type\":\"ListItem\",\"position\":1,\"name\":\"Startseite\",\"item\":\"https:\\\/\\\/bss-streamingservice.de\\\/fr\\\/page-daccueil\\\/\"},{\"@type\":\"ListItem\",\"position\":2,\"name\":\"Boutique\",\"item\":\"https:\\\/\\\/bss-streamingservice.de\\\/fr\\\/boutique\\\/\"},{\"@type\":\"ListItem\",\"position\":3,\"name\":\"ATEM Mini\",\"item\":\"https:\\\/\\\/bss-streamingservice.de\\\/fr\\\/mot-cle-produit\\\/atem-mini-fr\\\/\"},{\"@type\":\"ListItem\",\"position\":4,\"name\":\"Cas de configuration professionnelle\"}]},{\"@type\":\"WebSite\",\"@id\":\"https:\\\/\\\/bss-streamingservice.de\\\/fr\\\/#website\",\"url\":\"https:\\\/\\\/bss-streamingservice.de\\\/fr\\\/\",\"name\":\"BSS \u2013 Breitenb\u00fccher Streaming Service\",\"description\":\"BSS - Live Streaming Service de Pl\u00fcderhausen pr\u00e8s de Stuttgart, Allemagne, - solutions de streaming \u00e9volutives, enregistrements vid\u00e9o et produits de streaming adapt\u00e9s \u00e0 vos besoins.\",\"publisher\":{\"@id\":\"https:\\\/\\\/bss-streamingservice.de\\\/fr\\\/#organization\"},\"potentialAction\":[{\"@type\":\"SearchAction\",\"target\":{\"@type\":\"EntryPoint\",\"urlTemplate\":\"https:\\\/\\\/bss-streamingservice.de\\\/fr\\\/?s={search_term_string}\"},\"query-input\":{\"@type\":\"PropertyValueSpecification\",\"valueRequired\":true,\"valueName\":\"search_term_string\"}}],\"inLanguage\":\"fr-FR\"},{\"@type\":\"Organization\",\"@id\":\"https:\\\/\\\/bss-streamingservice.de\\\/fr\\\/#organization\",\"name\":\"BSS \u2013 Breitenb\u00fccher Streaming Service\",\"url\":\"https:\\\/\\\/bss-streamingservice.de\\\/fr\\\/\",\"logo\":{\"@type\":\"ImageObject\",\"inLanguage\":\"fr-FR\",\"@id\":\"https:\\\/\\\/bss-streamingservice.de\\\/fr\\\/#\\\/schema\\\/logo\\\/image\\\/\",\"url\":\"https:\\\/\\\/bss-streamingservice.de\\\/wp-content\\\/uploads\\\/2021\\\/05\\\/Logo-BSS-weiss-farbiger-hintergrund.png\",\"contentUrl\":\"https:\\\/\\\/bss-streamingservice.de\\\/wp-content\\\/uploads\\\/2021\\\/05\\\/Logo-BSS-weiss-farbiger-hintergrund.png\",\"width\":779,\"height\":508,\"caption\":\"BSS \u2013 Breitenb\u00fccher Streaming Service\"},\"image\":{\"@id\":\"https:\\\/\\\/bss-streamingservice.de\\\/fr\\\/#\\\/schema\\\/logo\\\/image\\\/\"}}]}<\/script>\n<!-- \/ Yoast SEO plugin. -->","yoast_head_json":{"title":"Configurez votre Professional ATEM Mini Case - pour votre stream","description":"Le BSS - Professional Case pour ATEM Mini est configurable en fonction de vos besoins de streaming et dispose \u00e9galement de fonctionnalit\u00e9s professionnelles.","robots":{"index":"index","follow":"follow","max-snippet":"max-snippet:-1","max-image-preview":"max-image-preview:large","max-video-preview":"max-video-preview:-1"},"canonical":"https:\/\/bss-streamingservice.de\/fr\/produit\/bss-case-pour-atem-mini\/","og_locale":"fr_FR","og_type":"article","og_title":"Configurez votre Professional ATEM Mini Case - pour votre stream","og_description":"Le BSS - Professional Case pour ATEM Mini est configurable en fonction de vos besoins de streaming et dispose \u00e9galement de fonctionnalit\u00e9s professionnelles.","og_url":"https:\/\/bss-streamingservice.de\/fr\/produit\/bss-case-pour-atem-mini\/","og_site_name":"BSS \u2013 Breitenb\u00fccher Streaming Service","article_modified_time":"2024-12-30T12:17:40+00:00","og_image":[{"width":1024,"height":1024,"url":"https:\/\/bss-streamingservice.de\/wp-content\/uploads\/2021\/12\/BSS-Case-aufgeklappt-schraeg-on-Professional-mit-635-Klinke.png","type":"image\/png"}],"twitter_card":"summary_large_image","twitter_misc":{"Dur\u00e9e de lecture estim\u00e9e":"3 minutes"},"schema":{"@context":"https:\/\/schema.org","@graph":[{"@type":"WebPage","@id":"https:\/\/bss-streamingservice.de\/fr\/produit\/bss-case-pour-atem-mini\/","url":"https:\/\/bss-streamingservice.de\/fr\/produit\/bss-case-pour-atem-mini\/","name":"Configurez votre Professional ATEM Mini Case - pour votre stream","isPartOf":{"@id":"https:\/\/bss-streamingservice.de\/fr\/#website"},"primaryImageOfPage":{"@id":"https:\/\/bss-streamingservice.de\/fr\/produit\/bss-case-pour-atem-mini\/#primaryimage"},"image":{"@id":"https:\/\/bss-streamingservice.de\/fr\/produit\/bss-case-pour-atem-mini\/#primaryimage"},"thumbnailUrl":"https:\/\/bss-streamingservice.de\/wp-content\/uploads\/2021\/12\/BSS-Case-aufgeklappt-schraeg-on-Professional-mit-635-Klinke.png","datePublished":"2024-02-06T17:17:37+00:00","dateModified":"2024-12-30T12:17:40+00:00","description":"Le BSS - Professional Case pour ATEM Mini est configurable en fonction de vos besoins de streaming et dispose \u00e9galement de fonctionnalit\u00e9s professionnelles.","breadcrumb":{"@id":"https:\/\/bss-streamingservice.de\/fr\/produit\/bss-case-pour-atem-mini\/#breadcrumb"},"inLanguage":"fr-FR","potentialAction":[{"@type":"ReadAction","target":["https:\/\/bss-streamingservice.de\/fr\/produit\/bss-case-pour-atem-mini\/"]}]},{"@type":"ImageObject","inLanguage":"fr-FR","@id":"https:\/\/bss-streamingservice.de\/fr\/produit\/bss-case-pour-atem-mini\/#primaryimage","url":"https:\/\/bss-streamingservice.de\/wp-content\/uploads\/2021\/12\/BSS-Case-aufgeklappt-schraeg-on-Professional-mit-635-Klinke.png","contentUrl":"https:\/\/bss-streamingservice.de\/wp-content\/uploads\/2021\/12\/BSS-Case-aufgeklappt-schraeg-on-Professional-mit-635-Klinke.png","width":1024,"height":1024,"caption":"Le bo\u00eetier BSS-Professional est d\u00e9pli\u00e9 avec le moniteur allum\u00e9 et dans cette variante avec ATEM Mini Pro ou Pro ISO."},{"@type":"BreadcrumbList","@id":"https:\/\/bss-streamingservice.de\/fr\/produit\/bss-case-pour-atem-mini\/#breadcrumb","itemListElement":[{"@type":"ListItem","position":1,"name":"Startseite","item":"https:\/\/bss-streamingservice.de\/fr\/page-daccueil\/"},{"@type":"ListItem","position":2,"name":"Boutique","item":"https:\/\/bss-streamingservice.de\/fr\/boutique\/"},{"@type":"ListItem","position":3,"name":"ATEM Mini","item":"https:\/\/bss-streamingservice.de\/fr\/mot-cle-produit\/atem-mini-fr\/"},{"@type":"ListItem","position":4,"name":"Cas de configuration professionnelle"}]},{"@type":"WebSite","@id":"https:\/\/bss-streamingservice.de\/fr\/#website","url":"https:\/\/bss-streamingservice.de\/fr\/","name":"BSS \u2013 Breitenb\u00fccher Streaming Service","description":"BSS - Live Streaming Service de Pl\u00fcderhausen pr\u00e8s de Stuttgart, Allemagne, - solutions de streaming \u00e9volutives, enregistrements vid\u00e9o et produits de streaming adapt\u00e9s \u00e0 vos besoins.","publisher":{"@id":"https:\/\/bss-streamingservice.de\/fr\/#organization"},"potentialAction":[{"@type":"SearchAction","target":{"@type":"EntryPoint","urlTemplate":"https:\/\/bss-streamingservice.de\/fr\/?s={search_term_string}"},"query-input":{"@type":"PropertyValueSpecification","valueRequired":true,"valueName":"search_term_string"}}],"inLanguage":"fr-FR"},{"@type":"Organization","@id":"https:\/\/bss-streamingservice.de\/fr\/#organization","name":"BSS \u2013 Breitenb\u00fccher Streaming Service","url":"https:\/\/bss-streamingservice.de\/fr\/","logo":{"@type":"ImageObject","inLanguage":"fr-FR","@id":"https:\/\/bss-streamingservice.de\/fr\/#\/schema\/logo\/image\/","url":"https:\/\/bss-streamingservice.de\/wp-content\/uploads\/2021\/05\/Logo-BSS-weiss-farbiger-hintergrund.png","contentUrl":"https:\/\/bss-streamingservice.de\/wp-content\/uploads\/2021\/05\/Logo-BSS-weiss-farbiger-hintergrund.png","width":779,"height":508,"caption":"BSS \u2013 Breitenb\u00fccher Streaming Service"},"image":{"@id":"https:\/\/bss-streamingservice.de\/fr\/#\/schema\/logo\/image\/"}}]}},"uagb_featured_image_src":{"full":["https:\/\/bss-streamingservice.de\/wp-content\/uploads\/2021\/12\/BSS-Case-aufgeklappt-schraeg-on-Professional-mit-635-Klinke.png",1024,1024,false],"thumbnail":["https:\/\/bss-streamingservice.de\/wp-content\/uploads\/2021\/12\/BSS-Case-aufgeklappt-schraeg-on-Professional-mit-635-Klinke-150x150.png",150,150,true],"medium":["https:\/\/bss-streamingservice.de\/wp-content\/uploads\/2021\/12\/BSS-Case-aufgeklappt-schraeg-on-Professional-mit-635-Klinke-300x300.png",300,300,true],"medium_large":["https:\/\/bss-streamingservice.de\/wp-content\/uploads\/2021\/12\/BSS-Case-aufgeklappt-schraeg-on-Professional-mit-635-Klinke-768x768.png",768,768,true],"large":["https:\/\/bss-streamingservice.de\/wp-content\/uploads\/2021\/12\/BSS-Case-aufgeklappt-schraeg-on-Professional-mit-635-Klinke-1024x1024.png",1024,1024,true],"1536x1536":["https:\/\/bss-streamingservice.de\/wp-content\/uploads\/2021\/12\/BSS-Case-aufgeklappt-schraeg-on-Professional-mit-635-Klinke.png",1024,1024,false],"2048x2048":["https:\/\/bss-streamingservice.de\/wp-content\/uploads\/2021\/12\/BSS-Case-aufgeklappt-schraeg-on-Professional-mit-635-Klinke.png",1024,1024,false],"woocommerce_thumbnail":["https:\/\/bss-streamingservice.de\/wp-content\/uploads\/2021\/12\/BSS-Case-aufgeklappt-schraeg-on-Professional-mit-635-Klinke-300x300.png",300,300,true],"woocommerce_single":["https:\/\/bss-streamingservice.de\/wp-content\/uploads\/2021\/12\/BSS-Case-aufgeklappt-schraeg-on-Professional-mit-635-Klinke-600x600.png",600,600,true],"woocommerce_gallery_thumbnail":["https:\/\/bss-streamingservice.de\/wp-content\/uploads\/2021\/12\/BSS-Case-aufgeklappt-schraeg-on-Professional-mit-635-Klinke-100x100.png",100,100,true]},"uagb_author_info":{"display_name":"info@bss-streamingservice.de","author_link":"https:\/\/bss-streamingservice.de\/fr\/author\/"},"uagb_comment_info":0,"uagb_excerpt":"Le bo\u00eetier de configuration de streaming mobile tout-en-un pour l\u2019ATEM Mini Video Mixer de Blackmagic Design. Compact, portable, robuste et adaptable \u00e0 vos besoins exacts avec des extensions en option !","_links":{"self":[{"href":"https:\/\/bss-streamingservice.de\/fr\/wp-json\/wp\/v2\/product\/18553","targetHints":{"allow":["GET"]}}],"collection":[{"href":"https:\/\/bss-streamingservice.de\/fr\/wp-json\/wp\/v2\/product"}],"about":[{"href":"https:\/\/bss-streamingservice.de\/fr\/wp-json\/wp\/v2\/types\/product"}],"wp:featuredmedia":[{"embeddable":true,"href":"https:\/\/bss-streamingservice.de\/fr\/wp-json\/wp\/v2\/media\/17172"}],"wp:attachment":[{"href":"https:\/\/bss-streamingservice.de\/fr\/wp-json\/wp\/v2\/media?parent=18553"}],"wp:term":[{"taxonomy":"product_brand","embeddable":true,"href":"https:\/\/bss-streamingservice.de\/fr\/wp-json\/wp\/v2\/product_brand?post=18553"},{"taxonomy":"product_cat","embeddable":true,"href":"https:\/\/bss-streamingservice.de\/fr\/wp-json\/wp\/v2\/product_cat?post=18553"},{"taxonomy":"product_tag","embeddable":true,"href":"https:\/\/bss-streamingservice.de\/fr\/wp-json\/wp\/v2\/product_tag?post=18553"}],"curies":[{"name":"wp","href":"https:\/\/api.w.org\/{rel}","templated":true}]}}