{"id":20651,"date":"2024-09-11T10:34:11","date_gmt":"2024-09-11T08:34:11","guid":{"rendered":"https:\/\/bss-streamingservice.de\/produkt\/flux-de-cas-8\/"},"modified":"2025-02-03T23:13:39","modified_gmt":"2025-02-03T22:13:39","slug":"boitier-pour-flow-8","status":"publish","type":"product","link":"https:\/\/bss-streamingservice.de\/fr\/produit\/boitier-pour-flow-8\/","title":{"rendered":"Bo\u00eetier pour Flow8"},"content":{"rendered":"<p>Le Bo\u00eetier pour Flow 8 contient :<\/p>\n<ul>\n<li>Installation facile et stockage et transport en toute s\u00e9curit\u00e9 du m\u00e9langeur Flow 8<\/li>\n<li>Supports r\u00e9glables pour smartphone et tablette pour une utilisation ergonomique dans le couvercle de la valise<\/li>\n<li>Alimentation int\u00e9gr\u00e9e (5A) de tous les composants avec interrupteur central marche\/arr\u00eat<\/li>\n<li>Ports de charge USB-C et Lightning pour smartphones et tablettes (max. 2A)<\/li>\n<li>Conception stable et de haute qualit\u00e9 des luminaires en acier inoxydable thermolaqu\u00e9.<\/li>\n<li>Extensions optionnelles :\n<ul>\n<li>Transformateurs isol\u00e9s galvaniquement pour la sortie principale de la table de mixage (en version RCA) pour un transfert sans interf\u00e9rence du mixage vers d\u2019autres appareils (tels que les m\u00e9langeurs vid\u00e9o ATEM Mini)<\/li>\n<li>Prise de charge USB suppl\u00e9mentaire pour les appareils externes \u00e0 l\u2019arri\u00e8re du bo\u00eetier<\/li>\n<li>Connexion filet\u00e9e 3\/8&#8243; au bas du bo\u00eetier pour la fixation sur des tr\u00e9pieds, des plates-formes, etc.<\/li>\n<li>Alimentation par batterie (12-14,4 V) pour un fonctionnement hors r\u00e9seau. Dans le m\u00eame temps, il peut \u00eatre utilis\u00e9 comme une alimentation sans coupure. Diff\u00e9rents c\u00e2bles de connexion disponibles.<\/li>\n<\/ul>\n<\/li>\n<\/ul>\n","protected":false},"excerpt":{"rendered":"<p>Le cas de la table de mixage num\u00e9rique Flow 8 de Behringer. Avec de nombreuses fonctionnalit\u00e9s qui font de la <a>table de mixage Flow 8<\/a> une configuration audio compl\u00e8te ! En un clin d\u2019\u0153il, votre smartphone ou votre tablette est rang\u00e9 dans le support et est dispos\u00e9 de mani\u00e8re ergonomique comme un \u00e9cran tactile. Le bo\u00eetier pour le Flow 8 et les <a>bo\u00eetiers pour l\u2019ATEM Mini<\/a> sont \u00e0 leur meilleur ! Gr\u00e2ce aux sorties RCA isol\u00e9es galvaniquement disponibles en option, votre mixage audio est transmis \u00e0 votre flux en direct sans interf\u00e9rence. Deux \u00e9tuis qui se compl\u00e8tent parfaitement.<br \/>\nChoisissez les composants appropri\u00e9s.<\/p>\n","protected":false},"featured_media":20428,"template":"","meta":{"_uag_custom_page_level_css":"","site-sidebar-layout":"default","site-content-layout":"","ast-site-content-layout":"default","site-content-style":"default","site-sidebar-style":"default","ast-global-header-display":"","ast-banner-title-visibility":"","ast-main-header-display":"","ast-hfb-above-header-display":"","ast-hfb-below-header-display":"","ast-hfb-mobile-header-display":"","site-post-title":"","ast-breadcrumbs-content":"","ast-featured-img":"","footer-sml-layout":"","ast-disable-related-posts":"","theme-transparent-header-meta":"default","adv-header-id-meta":"","stick-header-meta":"default","header-above-stick-meta":"","header-main-stick-meta":"","header-below-stick-meta":"","astra-migrate-meta-layouts":"set","ast-page-background-enabled":"default","ast-page-background-meta":{"desktop":{"background-color":"","background-image":"","background-repeat":"repeat","background-position":"center center","background-size":"auto","background-attachment":"scroll","background-type":"","background-media":"","overlay-type":"","overlay-color":"","overlay-opacity":"","overlay-gradient":""},"tablet":{"background-color":"","background-image":"","background-repeat":"repeat","background-position":"center center","background-size":"auto","background-attachment":"scroll","background-type":"","background-media":"","overlay-type":"","overlay-color":"","overlay-opacity":"","overlay-gradient":""},"mobile":{"background-color":"","background-image":"","background-repeat":"repeat","background-position":"center center","background-size":"auto","background-attachment":"scroll","background-type":"","background-media":"","overlay-type":"","overlay-color":"","overlay-opacity":"","overlay-gradient":""}},"ast-content-background-meta":{"desktop":{"background-color":"var(--ast-global-color-5)","background-image":"","background-repeat":"repeat","background-position":"center center","background-size":"auto","background-attachment":"scroll","background-type":"","background-media":"","overlay-type":"","overlay-color":"","overlay-opacity":"","overlay-gradient":""},"tablet":{"background-color":"var(--ast-global-color-5)","background-image":"","background-repeat":"repeat","background-position":"center center","background-size":"auto","background-attachment":"scroll","background-type":"","background-media":"","overlay-type":"","overlay-color":"","overlay-opacity":"","overlay-gradient":""},"mobile":{"background-color":"var(--ast-global-color-5)","background-image":"","background-repeat":"repeat","background-position":"center center","background-size":"auto","background-attachment":"scroll","background-type":"","background-media":"","overlay-type":"","overlay-color":"","overlay-opacity":"","overlay-gradient":""}}},"product_brand":[],"product_cat":[458],"product_tag":[426,435,460,461,462],"class_list":{"0":"post-20651","1":"product","2":"type-product","3":"status-publish","4":"has-post-thumbnail","6":"product_cat-configuration-audio","7":"product_tag-boite","8":"product_tag-boitier-de-transport","9":"product_tag-mixage","10":"product_tag-table-de-mixage-numerique","11":"product_tag-valise","12":"product_shipping_class-colis-jusqua-10-kg","13":"desktop-align-center","14":"tablet-align-center","15":"mobile-align-center","16":"ast-product-gallery-layout-horizontal-slider","17":"ast-product-gallery-with-no-image","18":"ast-product-tabs-layout-horizontal","20":"first","21":"instock","22":"taxable","23":"shipping-taxable","24":"purchasable","25":"product-type-simple"},"yoast_head":"<!-- This site is optimized with the Yoast SEO plugin v27.3 - https:\/\/yoast.com\/product\/yoast-seo-wordpress\/ -->\n<title>Bo\u00eetier pour la table de mixage num\u00e9rique Flow 8 de Behringer<\/title>\n<meta name=\"description\" content=\"Le bo\u00eetier de la Flow 8 transforme votre table de mixage num\u00e9rique en une station de travail audio \u00e0 son meilleur ! De nombreuses fonctionnalit\u00e9s incluses - pour un mixage sans restrictions.\" \/>\n<meta name=\"robots\" content=\"index, follow, max-snippet:-1, max-image-preview:large, max-video-preview:-1\" \/>\n<link rel=\"canonical\" href=\"https:\/\/bss-streamingservice.de\/fr\/produit\/boitier-pour-flow-8\/\" \/>\n<meta property=\"og:locale\" content=\"fr_FR\" \/>\n<meta property=\"og:type\" content=\"article\" \/>\n<meta property=\"og:title\" content=\"Bo\u00eetier pour la table de mixage num\u00e9rique Flow 8 de Behringer\" \/>\n<meta property=\"og:description\" content=\"Le bo\u00eetier de la Flow 8 transforme votre table de mixage num\u00e9rique en une station de travail audio \u00e0 son meilleur ! De nombreuses fonctionnalit\u00e9s incluses - pour un mixage sans restrictions.\" \/>\n<meta property=\"og:url\" content=\"https:\/\/bss-streamingservice.de\/fr\/produit\/boitier-pour-flow-8\/\" \/>\n<meta property=\"og:site_name\" content=\"BSS \u2013 Breitenb\u00fccher Streaming Service\" \/>\n<meta property=\"article:modified_time\" content=\"2025-02-03T22:13:39+00:00\" \/>\n<meta property=\"og:image\" content=\"https:\/\/bss-streamingservice.de\/wp-content\/uploads\/2024\/09\/Flow8_Case_schraeg_ohne_Pad_Flow8_ausgegraut_1024.webp\" \/>\n\t<meta property=\"og:image:width\" content=\"1024\" \/>\n\t<meta property=\"og:image:height\" content=\"1024\" \/>\n\t<meta property=\"og:image:type\" content=\"image\/webp\" \/>\n<meta name=\"twitter:card\" content=\"summary_large_image\" \/>\n<meta name=\"twitter:label1\" content=\"Dur\u00e9e de lecture estim\u00e9e\" \/>\n\t<meta name=\"twitter:data1\" content=\"1 minute\" \/>\n<script type=\"application\/ld+json\" class=\"yoast-schema-graph\">{\"@context\":\"https:\\\/\\\/schema.org\",\"@graph\":[{\"@type\":\"WebPage\",\"@id\":\"https:\\\/\\\/bss-streamingservice.de\\\/fr\\\/produit\\\/boitier-pour-flow-8\\\/\",\"url\":\"https:\\\/\\\/bss-streamingservice.de\\\/fr\\\/produit\\\/boitier-pour-flow-8\\\/\",\"name\":\"Bo\u00eetier pour la table de mixage num\u00e9rique Flow 8 de Behringer\",\"isPartOf\":{\"@id\":\"https:\\\/\\\/bss-streamingservice.de\\\/fr\\\/#website\"},\"primaryImageOfPage\":{\"@id\":\"https:\\\/\\\/bss-streamingservice.de\\\/fr\\\/produit\\\/boitier-pour-flow-8\\\/#primaryimage\"},\"image\":{\"@id\":\"https:\\\/\\\/bss-streamingservice.de\\\/fr\\\/produit\\\/boitier-pour-flow-8\\\/#primaryimage\"},\"thumbnailUrl\":\"https:\\\/\\\/bss-streamingservice.de\\\/wp-content\\\/uploads\\\/2024\\\/09\\\/Flow8_Case_schraeg_ohne_Pad_Flow8_ausgegraut_1024.webp\",\"datePublished\":\"2024-09-11T08:34:11+00:00\",\"dateModified\":\"2025-02-03T22:13:39+00:00\",\"description\":\"Le bo\u00eetier de la Flow 8 transforme votre table de mixage num\u00e9rique en une station de travail audio \u00e0 son meilleur ! De nombreuses fonctionnalit\u00e9s incluses - pour un mixage sans restrictions.\",\"breadcrumb\":{\"@id\":\"https:\\\/\\\/bss-streamingservice.de\\\/fr\\\/produit\\\/boitier-pour-flow-8\\\/#breadcrumb\"},\"inLanguage\":\"fr-FR\",\"potentialAction\":[{\"@type\":\"ReadAction\",\"target\":[\"https:\\\/\\\/bss-streamingservice.de\\\/fr\\\/produit\\\/boitier-pour-flow-8\\\/\"]}]},{\"@type\":\"ImageObject\",\"inLanguage\":\"fr-FR\",\"@id\":\"https:\\\/\\\/bss-streamingservice.de\\\/fr\\\/produit\\\/boitier-pour-flow-8\\\/#primaryimage\",\"url\":\"https:\\\/\\\/bss-streamingservice.de\\\/wp-content\\\/uploads\\\/2024\\\/09\\\/Flow8_Case_schraeg_ohne_Pad_Flow8_ausgegraut_1024.webp\",\"contentUrl\":\"https:\\\/\\\/bss-streamingservice.de\\\/wp-content\\\/uploads\\\/2024\\\/09\\\/Flow8_Case_schraeg_ohne_Pad_Flow8_ausgegraut_1024.webp\",\"width\":1024,\"height\":1024,\"caption\":\"Les smartphones et les tablettes jusqu\u2019\u00e0 une taille de 260 mm x 178,5 mm x 8,5 mm (LxHxP) peuvent \u00eatre facilement ins\u00e9r\u00e9s dans le support de l\u2019\u00e9tui Flow 8.\"},{\"@type\":\"BreadcrumbList\",\"@id\":\"https:\\\/\\\/bss-streamingservice.de\\\/fr\\\/produit\\\/boitier-pour-flow-8\\\/#breadcrumb\",\"itemListElement\":[{\"@type\":\"ListItem\",\"position\":1,\"name\":\"Startseite\",\"item\":\"https:\\\/\\\/bss-streamingservice.de\\\/fr\\\/page-daccueil\\\/\"},{\"@type\":\"ListItem\",\"position\":2,\"name\":\"Boutique\",\"item\":\"https:\\\/\\\/bss-streamingservice.de\\\/fr\\\/boutique\\\/\"},{\"@type\":\"ListItem\",\"position\":3,\"name\":\"Cas\",\"item\":\"https:\\\/\\\/bss-streamingservice.de\\\/fr\\\/mot-cle-produit\\\/boite\\\/\"},{\"@type\":\"ListItem\",\"position\":4,\"name\":\"Bo\u00eetier pour Flow8\"}]},{\"@type\":\"WebSite\",\"@id\":\"https:\\\/\\\/bss-streamingservice.de\\\/fr\\\/#website\",\"url\":\"https:\\\/\\\/bss-streamingservice.de\\\/fr\\\/\",\"name\":\"BSS \u2013 Breitenb\u00fccher Streaming Service\",\"description\":\"BSS - Live Streaming Service de Pl\u00fcderhausen pr\u00e8s de Stuttgart, Allemagne, - solutions de streaming \u00e9volutives, enregistrements vid\u00e9o et produits de streaming adapt\u00e9s \u00e0 vos besoins.\",\"publisher\":{\"@id\":\"https:\\\/\\\/bss-streamingservice.de\\\/fr\\\/#organization\"},\"potentialAction\":[{\"@type\":\"SearchAction\",\"target\":{\"@type\":\"EntryPoint\",\"urlTemplate\":\"https:\\\/\\\/bss-streamingservice.de\\\/fr\\\/?s={search_term_string}\"},\"query-input\":{\"@type\":\"PropertyValueSpecification\",\"valueRequired\":true,\"valueName\":\"search_term_string\"}}],\"inLanguage\":\"fr-FR\"},{\"@type\":\"Organization\",\"@id\":\"https:\\\/\\\/bss-streamingservice.de\\\/fr\\\/#organization\",\"name\":\"BSS \u2013 Breitenb\u00fccher Streaming Service\",\"url\":\"https:\\\/\\\/bss-streamingservice.de\\\/fr\\\/\",\"logo\":{\"@type\":\"ImageObject\",\"inLanguage\":\"fr-FR\",\"@id\":\"https:\\\/\\\/bss-streamingservice.de\\\/fr\\\/#\\\/schema\\\/logo\\\/image\\\/\",\"url\":\"https:\\\/\\\/bss-streamingservice.de\\\/wp-content\\\/uploads\\\/2021\\\/05\\\/Logo-BSS-weiss-farbiger-hintergrund.png\",\"contentUrl\":\"https:\\\/\\\/bss-streamingservice.de\\\/wp-content\\\/uploads\\\/2021\\\/05\\\/Logo-BSS-weiss-farbiger-hintergrund.png\",\"width\":779,\"height\":508,\"caption\":\"BSS \u2013 Breitenb\u00fccher Streaming Service\"},\"image\":{\"@id\":\"https:\\\/\\\/bss-streamingservice.de\\\/fr\\\/#\\\/schema\\\/logo\\\/image\\\/\"}}]}<\/script>\n<!-- \/ Yoast SEO plugin. -->","yoast_head_json":{"title":"Bo\u00eetier pour la table de mixage num\u00e9rique Flow 8 de Behringer","description":"Le bo\u00eetier de la Flow 8 transforme votre table de mixage num\u00e9rique en une station de travail audio \u00e0 son meilleur ! De nombreuses fonctionnalit\u00e9s incluses - pour un mixage sans restrictions.","robots":{"index":"index","follow":"follow","max-snippet":"max-snippet:-1","max-image-preview":"max-image-preview:large","max-video-preview":"max-video-preview:-1"},"canonical":"https:\/\/bss-streamingservice.de\/fr\/produit\/boitier-pour-flow-8\/","og_locale":"fr_FR","og_type":"article","og_title":"Bo\u00eetier pour la table de mixage num\u00e9rique Flow 8 de Behringer","og_description":"Le bo\u00eetier de la Flow 8 transforme votre table de mixage num\u00e9rique en une station de travail audio \u00e0 son meilleur ! De nombreuses fonctionnalit\u00e9s incluses - pour un mixage sans restrictions.","og_url":"https:\/\/bss-streamingservice.de\/fr\/produit\/boitier-pour-flow-8\/","og_site_name":"BSS \u2013 Breitenb\u00fccher Streaming Service","article_modified_time":"2025-02-03T22:13:39+00:00","og_image":[{"width":1024,"height":1024,"url":"https:\/\/bss-streamingservice.de\/wp-content\/uploads\/2024\/09\/Flow8_Case_schraeg_ohne_Pad_Flow8_ausgegraut_1024.webp","type":"image\/webp"}],"twitter_card":"summary_large_image","twitter_misc":{"Dur\u00e9e de lecture estim\u00e9e":"1 minute"},"schema":{"@context":"https:\/\/schema.org","@graph":[{"@type":"WebPage","@id":"https:\/\/bss-streamingservice.de\/fr\/produit\/boitier-pour-flow-8\/","url":"https:\/\/bss-streamingservice.de\/fr\/produit\/boitier-pour-flow-8\/","name":"Bo\u00eetier pour la table de mixage num\u00e9rique Flow 8 de Behringer","isPartOf":{"@id":"https:\/\/bss-streamingservice.de\/fr\/#website"},"primaryImageOfPage":{"@id":"https:\/\/bss-streamingservice.de\/fr\/produit\/boitier-pour-flow-8\/#primaryimage"},"image":{"@id":"https:\/\/bss-streamingservice.de\/fr\/produit\/boitier-pour-flow-8\/#primaryimage"},"thumbnailUrl":"https:\/\/bss-streamingservice.de\/wp-content\/uploads\/2024\/09\/Flow8_Case_schraeg_ohne_Pad_Flow8_ausgegraut_1024.webp","datePublished":"2024-09-11T08:34:11+00:00","dateModified":"2025-02-03T22:13:39+00:00","description":"Le bo\u00eetier de la Flow 8 transforme votre table de mixage num\u00e9rique en une station de travail audio \u00e0 son meilleur ! De nombreuses fonctionnalit\u00e9s incluses - pour un mixage sans restrictions.","breadcrumb":{"@id":"https:\/\/bss-streamingservice.de\/fr\/produit\/boitier-pour-flow-8\/#breadcrumb"},"inLanguage":"fr-FR","potentialAction":[{"@type":"ReadAction","target":["https:\/\/bss-streamingservice.de\/fr\/produit\/boitier-pour-flow-8\/"]}]},{"@type":"ImageObject","inLanguage":"fr-FR","@id":"https:\/\/bss-streamingservice.de\/fr\/produit\/boitier-pour-flow-8\/#primaryimage","url":"https:\/\/bss-streamingservice.de\/wp-content\/uploads\/2024\/09\/Flow8_Case_schraeg_ohne_Pad_Flow8_ausgegraut_1024.webp","contentUrl":"https:\/\/bss-streamingservice.de\/wp-content\/uploads\/2024\/09\/Flow8_Case_schraeg_ohne_Pad_Flow8_ausgegraut_1024.webp","width":1024,"height":1024,"caption":"Les smartphones et les tablettes jusqu\u2019\u00e0 une taille de 260 mm x 178,5 mm x 8,5 mm (LxHxP) peuvent \u00eatre facilement ins\u00e9r\u00e9s dans le support de l\u2019\u00e9tui Flow 8."},{"@type":"BreadcrumbList","@id":"https:\/\/bss-streamingservice.de\/fr\/produit\/boitier-pour-flow-8\/#breadcrumb","itemListElement":[{"@type":"ListItem","position":1,"name":"Startseite","item":"https:\/\/bss-streamingservice.de\/fr\/page-daccueil\/"},{"@type":"ListItem","position":2,"name":"Boutique","item":"https:\/\/bss-streamingservice.de\/fr\/boutique\/"},{"@type":"ListItem","position":3,"name":"Cas","item":"https:\/\/bss-streamingservice.de\/fr\/mot-cle-produit\/boite\/"},{"@type":"ListItem","position":4,"name":"Bo\u00eetier pour Flow8"}]},{"@type":"WebSite","@id":"https:\/\/bss-streamingservice.de\/fr\/#website","url":"https:\/\/bss-streamingservice.de\/fr\/","name":"BSS \u2013 Breitenb\u00fccher Streaming Service","description":"BSS - Live Streaming Service de Pl\u00fcderhausen pr\u00e8s de Stuttgart, Allemagne, - solutions de streaming \u00e9volutives, enregistrements vid\u00e9o et produits de streaming adapt\u00e9s \u00e0 vos besoins.","publisher":{"@id":"https:\/\/bss-streamingservice.de\/fr\/#organization"},"potentialAction":[{"@type":"SearchAction","target":{"@type":"EntryPoint","urlTemplate":"https:\/\/bss-streamingservice.de\/fr\/?s={search_term_string}"},"query-input":{"@type":"PropertyValueSpecification","valueRequired":true,"valueName":"search_term_string"}}],"inLanguage":"fr-FR"},{"@type":"Organization","@id":"https:\/\/bss-streamingservice.de\/fr\/#organization","name":"BSS \u2013 Breitenb\u00fccher Streaming Service","url":"https:\/\/bss-streamingservice.de\/fr\/","logo":{"@type":"ImageObject","inLanguage":"fr-FR","@id":"https:\/\/bss-streamingservice.de\/fr\/#\/schema\/logo\/image\/","url":"https:\/\/bss-streamingservice.de\/wp-content\/uploads\/2021\/05\/Logo-BSS-weiss-farbiger-hintergrund.png","contentUrl":"https:\/\/bss-streamingservice.de\/wp-content\/uploads\/2021\/05\/Logo-BSS-weiss-farbiger-hintergrund.png","width":779,"height":508,"caption":"BSS \u2013 Breitenb\u00fccher Streaming Service"},"image":{"@id":"https:\/\/bss-streamingservice.de\/fr\/#\/schema\/logo\/image\/"}}]}},"uagb_featured_image_src":{"full":["https:\/\/bss-streamingservice.de\/wp-content\/uploads\/2024\/09\/Flow8_Case_schraeg_ohne_Pad_Flow8_ausgegraut_1024.webp",1024,1024,false],"thumbnail":["https:\/\/bss-streamingservice.de\/wp-content\/uploads\/2024\/09\/Flow8_Case_schraeg_ohne_Pad_Flow8_ausgegraut_1024-150x150.webp",150,150,true],"medium":["https:\/\/bss-streamingservice.de\/wp-content\/uploads\/2024\/09\/Flow8_Case_schraeg_ohne_Pad_Flow8_ausgegraut_1024-300x300.webp",300,300,true],"medium_large":["https:\/\/bss-streamingservice.de\/wp-content\/uploads\/2024\/09\/Flow8_Case_schraeg_ohne_Pad_Flow8_ausgegraut_1024-768x768.webp",768,768,true],"large":["https:\/\/bss-streamingservice.de\/wp-content\/uploads\/2024\/09\/Flow8_Case_schraeg_ohne_Pad_Flow8_ausgegraut_1024.webp",1024,1024,false],"1536x1536":["https:\/\/bss-streamingservice.de\/wp-content\/uploads\/2024\/09\/Flow8_Case_schraeg_ohne_Pad_Flow8_ausgegraut_1024.webp",1024,1024,false],"2048x2048":["https:\/\/bss-streamingservice.de\/wp-content\/uploads\/2024\/09\/Flow8_Case_schraeg_ohne_Pad_Flow8_ausgegraut_1024.webp",1024,1024,false],"woocommerce_thumbnail":["https:\/\/bss-streamingservice.de\/wp-content\/uploads\/2024\/09\/Flow8_Case_schraeg_ohne_Pad_Flow8_ausgegraut_1024-300x300.webp",300,300,true],"woocommerce_single":["https:\/\/bss-streamingservice.de\/wp-content\/uploads\/2024\/09\/Flow8_Case_schraeg_ohne_Pad_Flow8_ausgegraut_1024-600x600.webp",600,600,true],"woocommerce_gallery_thumbnail":["https:\/\/bss-streamingservice.de\/wp-content\/uploads\/2024\/09\/Flow8_Case_schraeg_ohne_Pad_Flow8_ausgegraut_1024-100x100.webp",100,100,true]},"uagb_author_info":{"display_name":"admin","author_link":"https:\/\/bss-streamingservice.de\/fr\/author\/"},"uagb_comment_info":0,"uagb_excerpt":"Le cas de la table de mixage num\u00e9rique Flow 8 de Behringer. Avec de nombreuses fonctionnalit\u00e9s qui font de la table de mixage Flow 8 une configuration audio compl\u00e8te ! En un clin d\u2019\u0153il, votre smartphone ou votre tablette est rang\u00e9 dans le support et est dispos\u00e9 de mani\u00e8re ergonomique comme un \u00e9cran tactile. Le\u2026","_links":{"self":[{"href":"https:\/\/bss-streamingservice.de\/fr\/wp-json\/wp\/v2\/product\/20651","targetHints":{"allow":["GET"]}}],"collection":[{"href":"https:\/\/bss-streamingservice.de\/fr\/wp-json\/wp\/v2\/product"}],"about":[{"href":"https:\/\/bss-streamingservice.de\/fr\/wp-json\/wp\/v2\/types\/product"}],"wp:featuredmedia":[{"embeddable":true,"href":"https:\/\/bss-streamingservice.de\/fr\/wp-json\/wp\/v2\/media\/20428"}],"wp:attachment":[{"href":"https:\/\/bss-streamingservice.de\/fr\/wp-json\/wp\/v2\/media?parent=20651"}],"wp:term":[{"taxonomy":"product_brand","embeddable":true,"href":"https:\/\/bss-streamingservice.de\/fr\/wp-json\/wp\/v2\/product_brand?post=20651"},{"taxonomy":"product_cat","embeddable":true,"href":"https:\/\/bss-streamingservice.de\/fr\/wp-json\/wp\/v2\/product_cat?post=20651"},{"taxonomy":"product_tag","embeddable":true,"href":"https:\/\/bss-streamingservice.de\/fr\/wp-json\/wp\/v2\/product_tag?post=20651"}],"curies":[{"name":"wp","href":"https:\/\/api.w.org\/{rel}","templated":true}]}}