{"id":21495,"date":"2025-04-30T12:15:19","date_gmt":"2025-04-30T10:15:19","guid":{"rendered":"https:\/\/bss-streamingservice.de\/?post_type=product&#038;p=21495"},"modified":"2025-12-04T00:01:59","modified_gmt":"2025-12-03T23:01:59","slug":"boitier-rodecaster-video","status":"publish","type":"product","link":"https:\/\/bss-streamingservice.de\/fr\/produit\/boitier-rodecaster-video\/","title":{"rendered":"Bo\u00eetier pour Rodecaster vid\u00e9o"},"content":{"rendered":"<p class=\"\" data-start=\"270\" data-end=\"572\">Le <strong data-start=\"274\" data-end=\"311\">bo\u00eetier BSS pour <a href=\"https:\/\/rode.com\/fr\/interfaces-and-mixers\/rodecaster-series\/rodecaster-video\">le Rodecaster Video<\/a><\/strong> a \u00e9t\u00e9 sp\u00e9cialement d\u00e9velopp\u00e9 pour les productions audio et vid\u00e9o professionnelles o\u00f9 l\u2019efficacit\u00e9, la mobilit\u00e9 et la fiabilit\u00e9 sont requises. Il combine un design bien pens\u00e9, des mat\u00e9riaux de haute qualit\u00e9 et une fonctionnalit\u00e9 totale dans un bo\u00eetier robuste et en \u00e9tat de marche.<\/p>\n<h4 data-start=\"574\" data-end=\"626\"><strong data-start=\"580\" data-end=\"626\">Parfaitement int\u00e9gr\u00e9 \u2013 tout \u00e0 sa place<\/strong><\/h4>\n<p class=\"\" data-start=\"627\" data-end=\"952\">Le Rodecaster Video est install\u00e9 de mani\u00e8re s\u00fbre et pr\u00e9cise au c\u0153ur du bo\u00eetier. Tous les c\u00e2bles de connexion sont soigneusement organis\u00e9s et sont contact\u00e9s en toute s\u00e9curit\u00e9 lors de l\u2019installation. Les ports sont facilement accessibles par l\u2019arri\u00e8re et sur le c\u00f4t\u00e9 gauche du bo\u00eetier. Deux tendeurs en C maintiennent le Rodecaster en toute s\u00e9curit\u00e9 en position.<\/p>\n<h4 data-start=\"954\" data-end=\"996\"><strong data-start=\"961\" data-end=\"996\">Moniteur Full HD 16,1&#8243; inclus<\/strong><\/h4>\n<p class=\"\" data-start=\"997\" data-end=\"1398\">Un <strong data-start=\"1014\" data-end=\"1055\">moniteur de direction Full HD int\u00e9gr\u00e9 de 16,1 pouces<\/strong> vous permet de contr\u00f4ler vos canaux vid\u00e9o et audio \u00e0 tout moment, sans configuration suppl\u00e9mentaire. Il suffit d\u2019ouvrir le bo\u00eetier, de l\u2019allumer et de commencer. Le moniteur d\u00e9tecte automatiquement le signal d\u2019entr\u00e9e et s\u2019allume automatiquement. Les boutons programmables sur le c\u00f4t\u00e9 droit offrent des possibilit\u00e9s de r\u00e9glage pratiques directement sur l\u2019appareil.<\/p>\n<h4 data-start=\"1400\" data-end=\"1463\"><strong data-start=\"1407\" data-end=\"1463\">Connexion de la batterie en option pour une ind\u00e9pendance maximale<\/strong><\/h4>\n<p class=\"\" data-start=\"1464\" data-end=\"1788\">Pour un fonctionnement hors r\u00e9seau, un <strong data-start=\"1505\" data-end=\"1543\">connecteur XLR \u00e0 4 broches en option<\/strong> est disponible pour la connexion \u00e0 des batteries standard \u00e0 monture en V ou \u00e0 d\u2019autres sources d\u2019alimentation 12-14,4 V. La fonction d\u2019alimentation sans coupure (UPS) int\u00e9gr\u00e9e assure le passage automatique \u00e0 l\u2019alimentation par batterie en cas de panne de courant, sans interrompre votre flux.<\/p>\n<h4 data-start=\"2147\" data-end=\"2198\"><strong data-start=\"2154\" data-end=\"2198\">Id\u00e9al pour le studio, le livestream et en d\u00e9placement<\/strong><\/h4>\n<p class=\"\" data-start=\"2199\" data-end=\"2385\">Que vous soyez en d\u00e9placement, en studio ou en tourn\u00e9e, la mallette BSS permet \u00e0 votre vid\u00e9o Rodecaster de fonctionner en quelques secondes. Pas d\u2019encombrement de c\u00e2bles, pas d\u2019improvisation &#8211; il suffit de l\u2019ouvrir et de travailler.<\/p>\n<h4>Le cas de la vid\u00e9o Rodecaster comprend :<\/h4>\n<ul>\n<li>Installation facile et transport en toute s\u00e9curit\u00e9 de la table de mixage vid\u00e9o Rodecaster<\/li>\n<li>Moniteur 16,1&#8243; int\u00e9gr\u00e9<\/li>\n<li>Alimentation int\u00e9gr\u00e9e (5A) de tous les composants avec interrupteur central marche\/arr\u00eat<\/li>\n<li>Ventilateur contr\u00f4l\u00e9 par thermostat pour un fonctionnement silencieux et fiable \u00e0 une temp\u00e9rature constante<\/li>\n<li>Conception stable et de haute qualit\u00e9 des luminaires en acier inoxydable thermolaqu\u00e9.<\/li>\n<li>Extensions optionnelles :\n<ul>\n<li>Prise de charge USB-A suppl\u00e9mentaire pour les appareils externes \u00e0 l&#8217;arri\u00e8re du bo\u00eetier<\/li>\n<li>prise d&#8217;alimentation powerCON\u00a9 True1 pour un verrouillage s\u00fbr de la connexion \u00e9lectrique<\/li>\n<li>2x convertisseur 3G SDI pour le raccordement direct de l&#8217;\u00e9quipement professionnel sans d\u00e9tours<\/li>\n<li>Alimentation par batterie (12-14,4 V) pour un fonctionnement hors r\u00e9seau. Dans le m\u00eame temps, il peut \u00eatre utilis\u00e9 comme une alimentation sans coupure. Diff\u00e9rents c\u00e2bles de connexion disponibles.<\/li>\n<\/ul>\n<\/li>\n<\/ul>\n","protected":false},"excerpt":{"rendered":"<p>Le BSS Case est la solution professionnelle compl\u00e8te pour ton Rodecaster vid\u00e9o. Avec son moniteur 16,1\u2033 Full HD int\u00e9gr\u00e9 et son bo\u00eetier robuste en acier inoxydable, il offre une fonctionnalit\u00e9 maximale pour les utilisations en studio ou mobiles. D&#8217;autres options peuvent \u00eatre configur\u00e9es en option, comme par exemple un connecteur XLR \u00e0 4 p\u00f4les pour l&#8217;alimentation par batterie &#8211; id\u00e9al pour les productions ind\u00e9pendantes en d\u00e9placement.<\/p>\n","protected":false},"featured_media":21239,"template":"","meta":{"_uag_custom_page_level_css":"","site-sidebar-layout":"default","site-content-layout":"","ast-site-content-layout":"default","site-content-style":"default","site-sidebar-style":"default","ast-global-header-display":"","ast-banner-title-visibility":"","ast-main-header-display":"","ast-hfb-above-header-display":"","ast-hfb-below-header-display":"","ast-hfb-mobile-header-display":"","site-post-title":"","ast-breadcrumbs-content":"","ast-featured-img":"","footer-sml-layout":"","ast-disable-related-posts":"","theme-transparent-header-meta":"default","adv-header-id-meta":"","stick-header-meta":"default","header-above-stick-meta":"","header-main-stick-meta":"","header-below-stick-meta":"","astra-migrate-meta-layouts":"set","ast-page-background-enabled":"default","ast-page-background-meta":{"desktop":{"background-color":"","background-image":"","background-repeat":"repeat","background-position":"center center","background-size":"auto","background-attachment":"scroll","background-type":"","background-media":"","overlay-type":"","overlay-color":"","overlay-opacity":"","overlay-gradient":""},"tablet":{"background-color":"","background-image":"","background-repeat":"repeat","background-position":"center center","background-size":"auto","background-attachment":"scroll","background-type":"","background-media":"","overlay-type":"","overlay-color":"","overlay-opacity":"","overlay-gradient":""},"mobile":{"background-color":"","background-image":"","background-repeat":"repeat","background-position":"center center","background-size":"auto","background-attachment":"scroll","background-type":"","background-media":"","overlay-type":"","overlay-color":"","overlay-opacity":"","overlay-gradient":""}},"ast-content-background-meta":{"desktop":{"background-color":"var(--ast-global-color-5)","background-image":"","background-repeat":"repeat","background-position":"center center","background-size":"auto","background-attachment":"scroll","background-type":"","background-media":"","overlay-type":"","overlay-color":"","overlay-opacity":"","overlay-gradient":""},"tablet":{"background-color":"var(--ast-global-color-5)","background-image":"","background-repeat":"repeat","background-position":"center center","background-size":"auto","background-attachment":"scroll","background-type":"","background-media":"","overlay-type":"","overlay-color":"","overlay-opacity":"","overlay-gradient":""},"mobile":{"background-color":"var(--ast-global-color-5)","background-image":"","background-repeat":"repeat","background-position":"center center","background-size":"auto","background-attachment":"scroll","background-type":"","background-media":"","overlay-type":"","overlay-color":"","overlay-opacity":"","overlay-gradient":""}}},"product_brand":[],"product_cat":[358],"product_tag":[426,430,435,461,462],"class_list":{"0":"post-21495","1":"product","2":"type-product","3":"status-publish","4":"has-post-thumbnail","6":"product_cat-configuration-du-streaming","7":"product_tag-boite","8":"product_tag-configuration-set-de-streaming","9":"product_tag-boitier-de-transport","10":"product_tag-table-de-mixage-numerique","11":"product_tag-valise","12":"product_shipping_class-colis-jusqua-10-kg","13":"desktop-align-center","14":"tablet-align-center","15":"mobile-align-center","16":"ast-product-gallery-layout-horizontal-slider","17":"ast-product-gallery-with-no-image","18":"ast-product-tabs-layout-horizontal","20":"first","21":"instock","22":"featured","23":"taxable","24":"shipping-taxable","25":"purchasable","26":"product-type-simple"},"yoast_head":"<!-- This site is optimized with the Yoast SEO plugin v27.3 - https:\/\/yoast.com\/product\/yoast-seo-wordpress\/ -->\n<title>Bo\u00eetier BSS pour Rodecaster Video \u2013 Bo\u00eetier avec moniteur<\/title>\n<meta name=\"description\" content=\"Bo\u00eetier pour Rodecaster vid\u00e9o avec \u00e9cran 16,1&quot;, batterie en option et gestion des c\u00e2bles. Id\u00e9al pour un streaming pro et flexible.\" \/>\n<meta name=\"robots\" content=\"index, follow, max-snippet:-1, max-image-preview:large, max-video-preview:-1\" \/>\n<link rel=\"canonical\" href=\"https:\/\/bss-streamingservice.de\/fr\/produit\/boitier-rodecaster-video\/\" \/>\n<meta property=\"og:locale\" content=\"fr_FR\" \/>\n<meta property=\"og:type\" content=\"article\" \/>\n<meta property=\"og:title\" content=\"Bo\u00eetier BSS pour Rodecaster Video \u2013 Bo\u00eetier avec moniteur\" \/>\n<meta property=\"og:description\" content=\"Bo\u00eetier pour Rodecaster vid\u00e9o avec \u00e9cran 16,1&quot;, batterie en option et gestion des c\u00e2bles. Id\u00e9al pour un streaming pro et flexible.\" \/>\n<meta property=\"og:url\" content=\"https:\/\/bss-streamingservice.de\/fr\/produit\/boitier-rodecaster-video\/\" \/>\n<meta property=\"og:site_name\" content=\"BSS \u2013 Breitenb\u00fccher Streaming Service\" \/>\n<meta property=\"article:modified_time\" content=\"2025-12-03T23:01:59+00:00\" \/>\n<meta property=\"og:image\" content=\"https:\/\/bss-streamingservice.de\/wp-content\/uploads\/2025\/04\/Rodecaster-schraeg-vorne-1.webp\" \/>\n\t<meta property=\"og:image:width\" content=\"2048\" \/>\n\t<meta property=\"og:image:height\" content=\"2048\" \/>\n\t<meta property=\"og:image:type\" content=\"image\/webp\" \/>\n<meta name=\"twitter:card\" content=\"summary_large_image\" \/>\n<meta name=\"twitter:label1\" content=\"Dur\u00e9e de lecture estim\u00e9e\" \/>\n\t<meta name=\"twitter:data1\" content=\"2 minutes\" \/>\n<script type=\"application\/ld+json\" class=\"yoast-schema-graph\">{\"@context\":\"https:\\\/\\\/schema.org\",\"@graph\":[{\"@type\":\"WebPage\",\"@id\":\"https:\\\/\\\/bss-streamingservice.de\\\/fr\\\/produit\\\/boitier-rodecaster-video\\\/\",\"url\":\"https:\\\/\\\/bss-streamingservice.de\\\/fr\\\/produit\\\/boitier-rodecaster-video\\\/\",\"name\":\"Bo\u00eetier BSS pour Rodecaster Video \u2013 Bo\u00eetier avec moniteur\",\"isPartOf\":{\"@id\":\"https:\\\/\\\/bss-streamingservice.de\\\/fr\\\/#website\"},\"primaryImageOfPage\":{\"@id\":\"https:\\\/\\\/bss-streamingservice.de\\\/fr\\\/produit\\\/boitier-rodecaster-video\\\/#primaryimage\"},\"image\":{\"@id\":\"https:\\\/\\\/bss-streamingservice.de\\\/fr\\\/produit\\\/boitier-rodecaster-video\\\/#primaryimage\"},\"thumbnailUrl\":\"https:\\\/\\\/bss-streamingservice.de\\\/wp-content\\\/uploads\\\/2025\\\/04\\\/Rodecaster-schraeg-vorne-1.webp\",\"datePublished\":\"2025-04-30T10:15:19+00:00\",\"dateModified\":\"2025-12-03T23:01:59+00:00\",\"description\":\"Bo\u00eetier pour Rodecaster vid\u00e9o avec \u00e9cran 16,1\\\", batterie en option et gestion des c\u00e2bles. Id\u00e9al pour un streaming pro et flexible.\",\"breadcrumb\":{\"@id\":\"https:\\\/\\\/bss-streamingservice.de\\\/fr\\\/produit\\\/boitier-rodecaster-video\\\/#breadcrumb\"},\"inLanguage\":\"fr-FR\",\"potentialAction\":[{\"@type\":\"ReadAction\",\"target\":[\"https:\\\/\\\/bss-streamingservice.de\\\/fr\\\/produit\\\/boitier-rodecaster-video\\\/\"]}]},{\"@type\":\"ImageObject\",\"inLanguage\":\"fr-FR\",\"@id\":\"https:\\\/\\\/bss-streamingservice.de\\\/fr\\\/produit\\\/boitier-rodecaster-video\\\/#primaryimage\",\"url\":\"https:\\\/\\\/bss-streamingservice.de\\\/wp-content\\\/uploads\\\/2025\\\/04\\\/Rodecaster-schraeg-vorne-1.webp\",\"contentUrl\":\"https:\\\/\\\/bss-streamingservice.de\\\/wp-content\\\/uploads\\\/2025\\\/04\\\/Rodecaster-schraeg-vorne-1.webp\",\"width\":2048,\"height\":2048,\"caption\":\"Le bo\u00eetier BSS pour le m\u00e9langeur vid\u00e9o Rodecaster est la configuration de diffusion en direct parfaite pour tous ceux qui ont besoin que leur Rodecaster soit transportable.\"},{\"@type\":\"BreadcrumbList\",\"@id\":\"https:\\\/\\\/bss-streamingservice.de\\\/fr\\\/produit\\\/boitier-rodecaster-video\\\/#breadcrumb\",\"itemListElement\":[{\"@type\":\"ListItem\",\"position\":1,\"name\":\"Startseite\",\"item\":\"https:\\\/\\\/bss-streamingservice.de\\\/fr\\\/page-daccueil\\\/\"},{\"@type\":\"ListItem\",\"position\":2,\"name\":\"Boutique\",\"item\":\"https:\\\/\\\/bss-streamingservice.de\\\/fr\\\/boutique\\\/\"},{\"@type\":\"ListItem\",\"position\":3,\"name\":\"Cas\",\"item\":\"https:\\\/\\\/bss-streamingservice.de\\\/fr\\\/mot-cle-produit\\\/boite\\\/\"},{\"@type\":\"ListItem\",\"position\":4,\"name\":\"Bo\u00eetier pour Rodecaster vid\u00e9o\"}]},{\"@type\":\"WebSite\",\"@id\":\"https:\\\/\\\/bss-streamingservice.de\\\/fr\\\/#website\",\"url\":\"https:\\\/\\\/bss-streamingservice.de\\\/fr\\\/\",\"name\":\"BSS \u2013 Breitenb\u00fccher Streaming Service\",\"description\":\"BSS - Live Streaming Service de Pl\u00fcderhausen pr\u00e8s de Stuttgart, Allemagne, - solutions de streaming \u00e9volutives, enregistrements vid\u00e9o et produits de streaming adapt\u00e9s \u00e0 vos besoins.\",\"publisher\":{\"@id\":\"https:\\\/\\\/bss-streamingservice.de\\\/fr\\\/#organization\"},\"potentialAction\":[{\"@type\":\"SearchAction\",\"target\":{\"@type\":\"EntryPoint\",\"urlTemplate\":\"https:\\\/\\\/bss-streamingservice.de\\\/fr\\\/?s={search_term_string}\"},\"query-input\":{\"@type\":\"PropertyValueSpecification\",\"valueRequired\":true,\"valueName\":\"search_term_string\"}}],\"inLanguage\":\"fr-FR\"},{\"@type\":\"Organization\",\"@id\":\"https:\\\/\\\/bss-streamingservice.de\\\/fr\\\/#organization\",\"name\":\"BSS \u2013 Breitenb\u00fccher Streaming Service\",\"url\":\"https:\\\/\\\/bss-streamingservice.de\\\/fr\\\/\",\"logo\":{\"@type\":\"ImageObject\",\"inLanguage\":\"fr-FR\",\"@id\":\"https:\\\/\\\/bss-streamingservice.de\\\/fr\\\/#\\\/schema\\\/logo\\\/image\\\/\",\"url\":\"https:\\\/\\\/bss-streamingservice.de\\\/wp-content\\\/uploads\\\/2021\\\/05\\\/Logo-BSS-weiss-farbiger-hintergrund.png\",\"contentUrl\":\"https:\\\/\\\/bss-streamingservice.de\\\/wp-content\\\/uploads\\\/2021\\\/05\\\/Logo-BSS-weiss-farbiger-hintergrund.png\",\"width\":779,\"height\":508,\"caption\":\"BSS \u2013 Breitenb\u00fccher Streaming Service\"},\"image\":{\"@id\":\"https:\\\/\\\/bss-streamingservice.de\\\/fr\\\/#\\\/schema\\\/logo\\\/image\\\/\"}}]}<\/script>\n<!-- \/ Yoast SEO plugin. -->","yoast_head_json":{"title":"Bo\u00eetier BSS pour Rodecaster Video \u2013 Bo\u00eetier avec moniteur","description":"Bo\u00eetier pour Rodecaster vid\u00e9o avec \u00e9cran 16,1\", batterie en option et gestion des c\u00e2bles. Id\u00e9al pour un streaming pro et flexible.","robots":{"index":"index","follow":"follow","max-snippet":"max-snippet:-1","max-image-preview":"max-image-preview:large","max-video-preview":"max-video-preview:-1"},"canonical":"https:\/\/bss-streamingservice.de\/fr\/produit\/boitier-rodecaster-video\/","og_locale":"fr_FR","og_type":"article","og_title":"Bo\u00eetier BSS pour Rodecaster Video \u2013 Bo\u00eetier avec moniteur","og_description":"Bo\u00eetier pour Rodecaster vid\u00e9o avec \u00e9cran 16,1\", batterie en option et gestion des c\u00e2bles. Id\u00e9al pour un streaming pro et flexible.","og_url":"https:\/\/bss-streamingservice.de\/fr\/produit\/boitier-rodecaster-video\/","og_site_name":"BSS \u2013 Breitenb\u00fccher Streaming Service","article_modified_time":"2025-12-03T23:01:59+00:00","og_image":[{"width":2048,"height":2048,"url":"https:\/\/bss-streamingservice.de\/wp-content\/uploads\/2025\/04\/Rodecaster-schraeg-vorne-1.webp","type":"image\/webp"}],"twitter_card":"summary_large_image","twitter_misc":{"Dur\u00e9e de lecture estim\u00e9e":"2 minutes"},"schema":{"@context":"https:\/\/schema.org","@graph":[{"@type":"WebPage","@id":"https:\/\/bss-streamingservice.de\/fr\/produit\/boitier-rodecaster-video\/","url":"https:\/\/bss-streamingservice.de\/fr\/produit\/boitier-rodecaster-video\/","name":"Bo\u00eetier BSS pour Rodecaster Video \u2013 Bo\u00eetier avec moniteur","isPartOf":{"@id":"https:\/\/bss-streamingservice.de\/fr\/#website"},"primaryImageOfPage":{"@id":"https:\/\/bss-streamingservice.de\/fr\/produit\/boitier-rodecaster-video\/#primaryimage"},"image":{"@id":"https:\/\/bss-streamingservice.de\/fr\/produit\/boitier-rodecaster-video\/#primaryimage"},"thumbnailUrl":"https:\/\/bss-streamingservice.de\/wp-content\/uploads\/2025\/04\/Rodecaster-schraeg-vorne-1.webp","datePublished":"2025-04-30T10:15:19+00:00","dateModified":"2025-12-03T23:01:59+00:00","description":"Bo\u00eetier pour Rodecaster vid\u00e9o avec \u00e9cran 16,1\", batterie en option et gestion des c\u00e2bles. Id\u00e9al pour un streaming pro et flexible.","breadcrumb":{"@id":"https:\/\/bss-streamingservice.de\/fr\/produit\/boitier-rodecaster-video\/#breadcrumb"},"inLanguage":"fr-FR","potentialAction":[{"@type":"ReadAction","target":["https:\/\/bss-streamingservice.de\/fr\/produit\/boitier-rodecaster-video\/"]}]},{"@type":"ImageObject","inLanguage":"fr-FR","@id":"https:\/\/bss-streamingservice.de\/fr\/produit\/boitier-rodecaster-video\/#primaryimage","url":"https:\/\/bss-streamingservice.de\/wp-content\/uploads\/2025\/04\/Rodecaster-schraeg-vorne-1.webp","contentUrl":"https:\/\/bss-streamingservice.de\/wp-content\/uploads\/2025\/04\/Rodecaster-schraeg-vorne-1.webp","width":2048,"height":2048,"caption":"Le bo\u00eetier BSS pour le m\u00e9langeur vid\u00e9o Rodecaster est la configuration de diffusion en direct parfaite pour tous ceux qui ont besoin que leur Rodecaster soit transportable."},{"@type":"BreadcrumbList","@id":"https:\/\/bss-streamingservice.de\/fr\/produit\/boitier-rodecaster-video\/#breadcrumb","itemListElement":[{"@type":"ListItem","position":1,"name":"Startseite","item":"https:\/\/bss-streamingservice.de\/fr\/page-daccueil\/"},{"@type":"ListItem","position":2,"name":"Boutique","item":"https:\/\/bss-streamingservice.de\/fr\/boutique\/"},{"@type":"ListItem","position":3,"name":"Cas","item":"https:\/\/bss-streamingservice.de\/fr\/mot-cle-produit\/boite\/"},{"@type":"ListItem","position":4,"name":"Bo\u00eetier pour Rodecaster vid\u00e9o"}]},{"@type":"WebSite","@id":"https:\/\/bss-streamingservice.de\/fr\/#website","url":"https:\/\/bss-streamingservice.de\/fr\/","name":"BSS \u2013 Breitenb\u00fccher Streaming Service","description":"BSS - Live Streaming Service de Pl\u00fcderhausen pr\u00e8s de Stuttgart, Allemagne, - solutions de streaming \u00e9volutives, enregistrements vid\u00e9o et produits de streaming adapt\u00e9s \u00e0 vos besoins.","publisher":{"@id":"https:\/\/bss-streamingservice.de\/fr\/#organization"},"potentialAction":[{"@type":"SearchAction","target":{"@type":"EntryPoint","urlTemplate":"https:\/\/bss-streamingservice.de\/fr\/?s={search_term_string}"},"query-input":{"@type":"PropertyValueSpecification","valueRequired":true,"valueName":"search_term_string"}}],"inLanguage":"fr-FR"},{"@type":"Organization","@id":"https:\/\/bss-streamingservice.de\/fr\/#organization","name":"BSS \u2013 Breitenb\u00fccher Streaming Service","url":"https:\/\/bss-streamingservice.de\/fr\/","logo":{"@type":"ImageObject","inLanguage":"fr-FR","@id":"https:\/\/bss-streamingservice.de\/fr\/#\/schema\/logo\/image\/","url":"https:\/\/bss-streamingservice.de\/wp-content\/uploads\/2021\/05\/Logo-BSS-weiss-farbiger-hintergrund.png","contentUrl":"https:\/\/bss-streamingservice.de\/wp-content\/uploads\/2021\/05\/Logo-BSS-weiss-farbiger-hintergrund.png","width":779,"height":508,"caption":"BSS \u2013 Breitenb\u00fccher Streaming Service"},"image":{"@id":"https:\/\/bss-streamingservice.de\/fr\/#\/schema\/logo\/image\/"}}]}},"uagb_featured_image_src":{"full":["https:\/\/bss-streamingservice.de\/wp-content\/uploads\/2025\/04\/Rodecaster-schraeg-vorne-1.webp",2048,2048,false],"thumbnail":["https:\/\/bss-streamingservice.de\/wp-content\/uploads\/2025\/04\/Rodecaster-schraeg-vorne-1-150x150.webp",150,150,true],"medium":["https:\/\/bss-streamingservice.de\/wp-content\/uploads\/2025\/04\/Rodecaster-schraeg-vorne-1-300x300.webp",300,300,true],"medium_large":["https:\/\/bss-streamingservice.de\/wp-content\/uploads\/2025\/04\/Rodecaster-schraeg-vorne-1-768x768.webp",768,768,true],"large":["https:\/\/bss-streamingservice.de\/wp-content\/uploads\/2025\/04\/Rodecaster-schraeg-vorne-1-1024x1024.webp",1024,1024,true],"1536x1536":["https:\/\/bss-streamingservice.de\/wp-content\/uploads\/2025\/04\/Rodecaster-schraeg-vorne-1-1536x1536.webp",1536,1536,true],"2048x2048":["https:\/\/bss-streamingservice.de\/wp-content\/uploads\/2025\/04\/Rodecaster-schraeg-vorne-1.webp",2048,2048,false],"woocommerce_thumbnail":["https:\/\/bss-streamingservice.de\/wp-content\/uploads\/2025\/04\/Rodecaster-schraeg-vorne-1-300x300.webp",300,300,true],"woocommerce_single":["https:\/\/bss-streamingservice.de\/wp-content\/uploads\/2025\/04\/Rodecaster-schraeg-vorne-1-600x600.webp",600,600,true],"woocommerce_gallery_thumbnail":["https:\/\/bss-streamingservice.de\/wp-content\/uploads\/2025\/04\/Rodecaster-schraeg-vorne-1-100x100.webp",100,100,true]},"uagb_author_info":{"display_name":"admin","author_link":"https:\/\/bss-streamingservice.de\/fr\/author\/"},"uagb_comment_info":0,"uagb_excerpt":"Le BSS Case est la solution professionnelle compl\u00e8te pour ton Rodecaster vid\u00e9o. Avec son moniteur 16,1\u2033 Full HD int\u00e9gr\u00e9 et son bo\u00eetier robuste en acier inoxydable, il offre une fonctionnalit\u00e9 maximale pour les utilisations en studio ou mobiles. D'autres options peuvent \u00eatre configur\u00e9es en option, comme par exemple un connecteur XLR \u00e0 4 p\u00f4les pour\u2026","_links":{"self":[{"href":"https:\/\/bss-streamingservice.de\/fr\/wp-json\/wp\/v2\/product\/21495","targetHints":{"allow":["GET"]}}],"collection":[{"href":"https:\/\/bss-streamingservice.de\/fr\/wp-json\/wp\/v2\/product"}],"about":[{"href":"https:\/\/bss-streamingservice.de\/fr\/wp-json\/wp\/v2\/types\/product"}],"wp:featuredmedia":[{"embeddable":true,"href":"https:\/\/bss-streamingservice.de\/fr\/wp-json\/wp\/v2\/media\/21239"}],"wp:attachment":[{"href":"https:\/\/bss-streamingservice.de\/fr\/wp-json\/wp\/v2\/media?parent=21495"}],"wp:term":[{"taxonomy":"product_brand","embeddable":true,"href":"https:\/\/bss-streamingservice.de\/fr\/wp-json\/wp\/v2\/product_brand?post=21495"},{"taxonomy":"product_cat","embeddable":true,"href":"https:\/\/bss-streamingservice.de\/fr\/wp-json\/wp\/v2\/product_cat?post=21495"},{"taxonomy":"product_tag","embeddable":true,"href":"https:\/\/bss-streamingservice.de\/fr\/wp-json\/wp\/v2\/product_tag?post=21495"}],"curies":[{"name":"wp","href":"https:\/\/api.w.org\/{rel}","templated":true}]}}