{"id":24193,"date":"2026-05-07T17:25:39","date_gmt":"2026-05-07T15:25:39","guid":{"rendered":"https:\/\/bss-streamingservice.de\/?post_type=product&#038;p=24193"},"modified":"2026-05-09T09:40:26","modified_gmt":"2026-05-09T07:40:26","slug":"connexion-de-la-batterie-prise-de-telepherique-10a","status":"publish","type":"product","link":"https:\/\/bss-streamingservice.de\/fr\/produit\/connexion-de-la-batterie-prise-de-telepherique-10a\/","title":{"rendered":"Connexion de batterie Prise de t\u00e9l\u00e9ph\u00e9rique 10A"},"content":{"rendered":"<p>Avec la prise de c\u00e2ble 10A pour la connexion de batterie, le bo\u00eetier BSS avec connexion batterie peut \u00eatre connect\u00e9 \u00e0 n\u2019importe quelle <a href=\"https:\/\/de.wikipedia.org\/wiki\/Bordspannungssteckdose\" target=\"_blank\" rel=\"noopener\">prise de tension embarqu\u00e9e en 12V de voiture<\/a> . Le connecteur XLR \u00e0 quatre broches assure un verrouillage s\u00fbr du bo\u00eetier. Cela permet d\u2019alimenter tous les consommateurs tels que l\u2019ATEM Mini, le moniteur de terrain ou les p\u00e9riph\u00e9riques connect\u00e9s \u00e0 la prise USB en option. Et cela avec un courant maximal allant jusqu\u2019\u00e0 10A.<\/p>\n<p>Gr\u00e2ce \u00e0 son adaptateur amovible, la prise de voiture s\u2019adapte aussi bien aux prises 12V qu\u2019\u00e0 l\u2019allume-cigare.<\/p>\n<p>La longueur du c\u00e2ble est d\u2019environ 3,0 m<br \/>\n. Capacit\u00e9 maximale de transport de courant : 10 A<\/p>\n<p>Pour faire fonctionner le bo\u00eetier BSS de l\u2019ATEM Mini (toutes versions, Rodecaster Video ou Flow 8) avec batterie, l\u2019option \u00ab Connexion batterie \u00bb<br \/>\n est n\u00e9cessaire.<\/p>\n","protected":false},"excerpt":{"rendered":"<p>C\u00e2ble de connexion batterie avec prise de voiture (courant max 10A)<\/p>\n","protected":false},"featured_media":24195,"template":"","meta":{"_uag_custom_page_level_css":"","site-sidebar-layout":"default","site-content-layout":"default","ast-site-content-layout":"default","site-content-style":"default","site-sidebar-style":"default","ast-global-header-display":"","ast-banner-title-visibility":"","ast-main-header-display":"","ast-hfb-above-header-display":"","ast-hfb-below-header-display":"","ast-hfb-mobile-header-display":"","site-post-title":"","ast-breadcrumbs-content":"","ast-featured-img":"","footer-sml-layout":"","ast-disable-related-posts":"","theme-transparent-header-meta":"default","adv-header-id-meta":"","stick-header-meta":"default","header-above-stick-meta":"","header-main-stick-meta":"","header-below-stick-meta":"","astra-migrate-meta-layouts":"set","ast-page-background-enabled":"default","ast-page-background-meta":{"desktop":{"background-color":"","background-image":"","background-repeat":"repeat","background-position":"center center","background-size":"auto","background-attachment":"scroll","background-type":"","background-media":"","overlay-type":"","overlay-color":"","overlay-opacity":"","overlay-gradient":""},"tablet":{"background-color":"","background-image":"","background-repeat":"repeat","background-position":"center center","background-size":"auto","background-attachment":"scroll","background-type":"","background-media":"","overlay-type":"","overlay-color":"","overlay-opacity":"","overlay-gradient":""},"mobile":{"background-color":"","background-image":"","background-repeat":"repeat","background-position":"center center","background-size":"auto","background-attachment":"scroll","background-type":"","background-media":"","overlay-type":"","overlay-color":"","overlay-opacity":"","overlay-gradient":""}},"ast-content-background-meta":{"desktop":{"background-color":"var(--ast-global-color-5)","background-image":"","background-repeat":"repeat","background-position":"center center","background-size":"auto","background-attachment":"scroll","background-type":"","background-media":"","overlay-type":"","overlay-color":"","overlay-opacity":"","overlay-gradient":""},"tablet":{"background-color":"var(--ast-global-color-5)","background-image":"","background-repeat":"repeat","background-position":"center center","background-size":"auto","background-attachment":"scroll","background-type":"","background-media":"","overlay-type":"","overlay-color":"","overlay-opacity":"","overlay-gradient":""},"mobile":{"background-color":"var(--ast-global-color-5)","background-image":"","background-repeat":"repeat","background-position":"center center","background-size":"auto","background-attachment":"scroll","background-type":"","background-media":"","overlay-type":"","overlay-color":"","overlay-opacity":"","overlay-gradient":""}}},"product_brand":[],"product_cat":[358],"product_tag":[],"class_list":{"0":"post-24193","1":"product","2":"type-product","3":"status-publish","4":"has-post-thumbnail","6":"product_cat-boitier-streaming-video","7":"product_shipping_class-colis-m-jusqua-2kg","8":"desktop-align-center","9":"tablet-align-center","10":"mobile-align-center","11":"ast-product-gallery-layout-horizontal-slider","12":"ast-product-gallery-with-no-image","13":"ast-product-tabs-layout-horizontal","15":"first","16":"instock","17":"taxable","18":"shipping-taxable","19":"purchasable","20":"product-type-simple"},"yoast_head":"<!-- This site is optimized with the Yoast SEO plugin v27.5 - https:\/\/yoast.com\/product\/yoast-seo-wordpress\/ -->\n<title>Connexion de batterie Prise de t\u00e9l\u00e9ph\u00e9rique 10A<\/title>\n<meta name=\"description\" content=\"Avec le c\u00e2ble de connexion de la prise de voiture de 10A, le bo\u00eetier de l\u2019ATEM Mini peut \u00eatre aliment\u00e9 depuis n\u2019importe quelle prise de voiture 12V.\" \/>\n<meta name=\"robots\" content=\"index, follow, max-snippet:-1, max-image-preview:large, max-video-preview:-1\" \/>\n<link rel=\"canonical\" href=\"https:\/\/bss-streamingservice.de\/fr\/produit\/connexion-de-la-batterie-prise-de-telepherique-10a\/\" \/>\n<meta property=\"og:locale\" content=\"fr_FR\" \/>\n<meta property=\"og:type\" content=\"article\" \/>\n<meta property=\"og:title\" content=\"Connexion de batterie Prise de t\u00e9l\u00e9ph\u00e9rique 10A\" \/>\n<meta property=\"og:description\" content=\"Avec le c\u00e2ble de connexion de la prise de voiture de 10A, le bo\u00eetier de l\u2019ATEM Mini peut \u00eatre aliment\u00e9 depuis n\u2019importe quelle prise de voiture 12V.\" \/>\n<meta property=\"og:url\" content=\"https:\/\/bss-streamingservice.de\/fr\/produit\/connexion-de-la-batterie-prise-de-telepherique-10a\/\" \/>\n<meta property=\"og:site_name\" content=\"BSS \u2013 Breitenb\u00fccher Streaming Service\" \/>\n<meta property=\"article:modified_time\" content=\"2026-05-09T07:40:26+00:00\" \/>\n<meta property=\"og:image\" content=\"https:\/\/bss-streamingservice.de\/wp-content\/uploads\/2026\/05\/BSS-Case-KFZ-Batteriekabel_10A_freigestellt.webp\" \/>\n\t<meta property=\"og:image:width\" content=\"2048\" \/>\n\t<meta property=\"og:image:height\" content=\"1365\" \/>\n\t<meta property=\"og:image:type\" content=\"image\/webp\" \/>\n<meta name=\"twitter:card\" content=\"summary_large_image\" \/>\n<meta name=\"twitter:label1\" content=\"Dur\u00e9e de lecture estim\u00e9e\" \/>\n\t<meta name=\"twitter:data1\" content=\"1 minute\" \/>\n<script type=\"application\/ld+json\" class=\"yoast-schema-graph\">{\"@context\":\"https:\\\/\\\/schema.org\",\"@graph\":[{\"@type\":\"WebPage\",\"@id\":\"https:\\\/\\\/bss-streamingservice.de\\\/fr\\\/produit\\\/connexion-de-la-batterie-prise-de-telepherique-10a\\\/\",\"url\":\"https:\\\/\\\/bss-streamingservice.de\\\/fr\\\/produit\\\/connexion-de-la-batterie-prise-de-telepherique-10a\\\/\",\"name\":\"Connexion de batterie Prise de t\u00e9l\u00e9ph\u00e9rique 10A\",\"isPartOf\":{\"@id\":\"https:\\\/\\\/bss-streamingservice.de\\\/fr\\\/#website\"},\"primaryImageOfPage\":{\"@id\":\"https:\\\/\\\/bss-streamingservice.de\\\/fr\\\/produit\\\/connexion-de-la-batterie-prise-de-telepherique-10a\\\/#primaryimage\"},\"image\":{\"@id\":\"https:\\\/\\\/bss-streamingservice.de\\\/fr\\\/produit\\\/connexion-de-la-batterie-prise-de-telepherique-10a\\\/#primaryimage\"},\"thumbnailUrl\":\"https:\\\/\\\/bss-streamingservice.de\\\/wp-content\\\/uploads\\\/2026\\\/05\\\/BSS-Case-KFZ-Batteriekabel_10A_freigestellt.webp\",\"datePublished\":\"2026-05-07T15:25:39+00:00\",\"dateModified\":\"2026-05-09T07:40:26+00:00\",\"description\":\"Avec le c\u00e2ble de connexion de la prise de voiture de 10A, le bo\u00eetier de l\u2019ATEM Mini peut \u00eatre aliment\u00e9 depuis n\u2019importe quelle prise de voiture 12V.\",\"breadcrumb\":{\"@id\":\"https:\\\/\\\/bss-streamingservice.de\\\/fr\\\/produit\\\/connexion-de-la-batterie-prise-de-telepherique-10a\\\/#breadcrumb\"},\"inLanguage\":\"fr-FR\",\"potentialAction\":[{\"@type\":\"ReadAction\",\"target\":[\"https:\\\/\\\/bss-streamingservice.de\\\/fr\\\/produit\\\/connexion-de-la-batterie-prise-de-telepherique-10a\\\/\"]}]},{\"@type\":\"ImageObject\",\"inLanguage\":\"fr-FR\",\"@id\":\"https:\\\/\\\/bss-streamingservice.de\\\/fr\\\/produit\\\/connexion-de-la-batterie-prise-de-telepherique-10a\\\/#primaryimage\",\"url\":\"https:\\\/\\\/bss-streamingservice.de\\\/wp-content\\\/uploads\\\/2026\\\/05\\\/BSS-Case-KFZ-Batteriekabel_10A_freigestellt.webp\",\"contentUrl\":\"https:\\\/\\\/bss-streamingservice.de\\\/wp-content\\\/uploads\\\/2026\\\/05\\\/BSS-Case-KFZ-Batteriekabel_10A_freigestellt.webp\",\"width\":2048,\"height\":1365,\"caption\":\"C\u00e2ble adaptateur de voiture pour alimenter le bo\u00eetier BSS \u2013 vue produit sur fond recadr\u00e9\"},{\"@type\":\"BreadcrumbList\",\"@id\":\"https:\\\/\\\/bss-streamingservice.de\\\/fr\\\/produit\\\/connexion-de-la-batterie-prise-de-telepherique-10a\\\/#breadcrumb\",\"itemListElement\":[{\"@type\":\"ListItem\",\"position\":1,\"name\":\"Startseite\",\"item\":\"https:\\\/\\\/bss-streamingservice.de\\\/fr\\\/page-daccueil\\\/\"},{\"@type\":\"ListItem\",\"position\":2,\"name\":\"Boutique\",\"item\":\"https:\\\/\\\/bss-streamingservice.de\\\/fr\\\/boutique\\\/\"},{\"@type\":\"ListItem\",\"position\":3,\"name\":\"C\u00e2ble de connexion de batterie automobile\"}]},{\"@type\":\"WebSite\",\"@id\":\"https:\\\/\\\/bss-streamingservice.de\\\/fr\\\/#website\",\"url\":\"https:\\\/\\\/bss-streamingservice.de\\\/fr\\\/\",\"name\":\"BSS \u2013 Breitenb\u00fccher Streaming Service\",\"description\":\"BSS - Live Streaming Service de Pl\u00fcderhausen pr\u00e8s de Stuttgart, Allemagne, - solutions de streaming \u00e9volutives, enregistrements vid\u00e9o et produits de streaming adapt\u00e9s \u00e0 vos besoins.\",\"publisher\":{\"@id\":\"https:\\\/\\\/bss-streamingservice.de\\\/fr\\\/#organization\"},\"potentialAction\":[{\"@type\":\"SearchAction\",\"target\":{\"@type\":\"EntryPoint\",\"urlTemplate\":\"https:\\\/\\\/bss-streamingservice.de\\\/fr\\\/?s={search_term_string}\"},\"query-input\":{\"@type\":\"PropertyValueSpecification\",\"valueRequired\":true,\"valueName\":\"search_term_string\"}}],\"inLanguage\":\"fr-FR\"},{\"@type\":\"Organization\",\"@id\":\"https:\\\/\\\/bss-streamingservice.de\\\/fr\\\/#organization\",\"name\":\"BSS \u2013 Breitenb\u00fccher Streaming Service\",\"url\":\"https:\\\/\\\/bss-streamingservice.de\\\/fr\\\/\",\"logo\":{\"@type\":\"ImageObject\",\"inLanguage\":\"fr-FR\",\"@id\":\"https:\\\/\\\/bss-streamingservice.de\\\/fr\\\/#\\\/schema\\\/logo\\\/image\\\/\",\"url\":\"https:\\\/\\\/bss-streamingservice.de\\\/wp-content\\\/uploads\\\/2021\\\/05\\\/Logo-BSS-weiss-farbiger-hintergrund.png\",\"contentUrl\":\"https:\\\/\\\/bss-streamingservice.de\\\/wp-content\\\/uploads\\\/2021\\\/05\\\/Logo-BSS-weiss-farbiger-hintergrund.png\",\"width\":779,\"height\":508,\"caption\":\"BSS \u2013 Breitenb\u00fccher Streaming Service\"},\"image\":{\"@id\":\"https:\\\/\\\/bss-streamingservice.de\\\/fr\\\/#\\\/schema\\\/logo\\\/image\\\/\"}}]}<\/script>\n<!-- \/ Yoast SEO plugin. -->","yoast_head_json":{"title":"Connexion de batterie Prise de t\u00e9l\u00e9ph\u00e9rique 10A","description":"Avec le c\u00e2ble de connexion de la prise de voiture de 10A, le bo\u00eetier de l\u2019ATEM Mini peut \u00eatre aliment\u00e9 depuis n\u2019importe quelle prise de voiture 12V.","robots":{"index":"index","follow":"follow","max-snippet":"max-snippet:-1","max-image-preview":"max-image-preview:large","max-video-preview":"max-video-preview:-1"},"canonical":"https:\/\/bss-streamingservice.de\/fr\/produit\/connexion-de-la-batterie-prise-de-telepherique-10a\/","og_locale":"fr_FR","og_type":"article","og_title":"Connexion de batterie Prise de t\u00e9l\u00e9ph\u00e9rique 10A","og_description":"Avec le c\u00e2ble de connexion de la prise de voiture de 10A, le bo\u00eetier de l\u2019ATEM Mini peut \u00eatre aliment\u00e9 depuis n\u2019importe quelle prise de voiture 12V.","og_url":"https:\/\/bss-streamingservice.de\/fr\/produit\/connexion-de-la-batterie-prise-de-telepherique-10a\/","og_site_name":"BSS \u2013 Breitenb\u00fccher Streaming Service","article_modified_time":"2026-05-09T07:40:26+00:00","og_image":[{"width":2048,"height":1365,"url":"https:\/\/bss-streamingservice.de\/wp-content\/uploads\/2026\/05\/BSS-Case-KFZ-Batteriekabel_10A_freigestellt.webp","type":"image\/webp"}],"twitter_card":"summary_large_image","twitter_misc":{"Dur\u00e9e de lecture estim\u00e9e":"1 minute"},"schema":{"@context":"https:\/\/schema.org","@graph":[{"@type":"WebPage","@id":"https:\/\/bss-streamingservice.de\/fr\/produit\/connexion-de-la-batterie-prise-de-telepherique-10a\/","url":"https:\/\/bss-streamingservice.de\/fr\/produit\/connexion-de-la-batterie-prise-de-telepherique-10a\/","name":"Connexion de batterie Prise de t\u00e9l\u00e9ph\u00e9rique 10A","isPartOf":{"@id":"https:\/\/bss-streamingservice.de\/fr\/#website"},"primaryImageOfPage":{"@id":"https:\/\/bss-streamingservice.de\/fr\/produit\/connexion-de-la-batterie-prise-de-telepherique-10a\/#primaryimage"},"image":{"@id":"https:\/\/bss-streamingservice.de\/fr\/produit\/connexion-de-la-batterie-prise-de-telepherique-10a\/#primaryimage"},"thumbnailUrl":"https:\/\/bss-streamingservice.de\/wp-content\/uploads\/2026\/05\/BSS-Case-KFZ-Batteriekabel_10A_freigestellt.webp","datePublished":"2026-05-07T15:25:39+00:00","dateModified":"2026-05-09T07:40:26+00:00","description":"Avec le c\u00e2ble de connexion de la prise de voiture de 10A, le bo\u00eetier de l\u2019ATEM Mini peut \u00eatre aliment\u00e9 depuis n\u2019importe quelle prise de voiture 12V.","breadcrumb":{"@id":"https:\/\/bss-streamingservice.de\/fr\/produit\/connexion-de-la-batterie-prise-de-telepherique-10a\/#breadcrumb"},"inLanguage":"fr-FR","potentialAction":[{"@type":"ReadAction","target":["https:\/\/bss-streamingservice.de\/fr\/produit\/connexion-de-la-batterie-prise-de-telepherique-10a\/"]}]},{"@type":"ImageObject","inLanguage":"fr-FR","@id":"https:\/\/bss-streamingservice.de\/fr\/produit\/connexion-de-la-batterie-prise-de-telepherique-10a\/#primaryimage","url":"https:\/\/bss-streamingservice.de\/wp-content\/uploads\/2026\/05\/BSS-Case-KFZ-Batteriekabel_10A_freigestellt.webp","contentUrl":"https:\/\/bss-streamingservice.de\/wp-content\/uploads\/2026\/05\/BSS-Case-KFZ-Batteriekabel_10A_freigestellt.webp","width":2048,"height":1365,"caption":"C\u00e2ble adaptateur de voiture pour alimenter le bo\u00eetier BSS \u2013 vue produit sur fond recadr\u00e9"},{"@type":"BreadcrumbList","@id":"https:\/\/bss-streamingservice.de\/fr\/produit\/connexion-de-la-batterie-prise-de-telepherique-10a\/#breadcrumb","itemListElement":[{"@type":"ListItem","position":1,"name":"Startseite","item":"https:\/\/bss-streamingservice.de\/fr\/page-daccueil\/"},{"@type":"ListItem","position":2,"name":"Boutique","item":"https:\/\/bss-streamingservice.de\/fr\/boutique\/"},{"@type":"ListItem","position":3,"name":"C\u00e2ble de connexion de batterie automobile"}]},{"@type":"WebSite","@id":"https:\/\/bss-streamingservice.de\/fr\/#website","url":"https:\/\/bss-streamingservice.de\/fr\/","name":"BSS \u2013 Breitenb\u00fccher Streaming Service","description":"BSS - Live Streaming Service de Pl\u00fcderhausen pr\u00e8s de Stuttgart, Allemagne, - solutions de streaming \u00e9volutives, enregistrements vid\u00e9o et produits de streaming adapt\u00e9s \u00e0 vos besoins.","publisher":{"@id":"https:\/\/bss-streamingservice.de\/fr\/#organization"},"potentialAction":[{"@type":"SearchAction","target":{"@type":"EntryPoint","urlTemplate":"https:\/\/bss-streamingservice.de\/fr\/?s={search_term_string}"},"query-input":{"@type":"PropertyValueSpecification","valueRequired":true,"valueName":"search_term_string"}}],"inLanguage":"fr-FR"},{"@type":"Organization","@id":"https:\/\/bss-streamingservice.de\/fr\/#organization","name":"BSS \u2013 Breitenb\u00fccher Streaming Service","url":"https:\/\/bss-streamingservice.de\/fr\/","logo":{"@type":"ImageObject","inLanguage":"fr-FR","@id":"https:\/\/bss-streamingservice.de\/fr\/#\/schema\/logo\/image\/","url":"https:\/\/bss-streamingservice.de\/wp-content\/uploads\/2021\/05\/Logo-BSS-weiss-farbiger-hintergrund.png","contentUrl":"https:\/\/bss-streamingservice.de\/wp-content\/uploads\/2021\/05\/Logo-BSS-weiss-farbiger-hintergrund.png","width":779,"height":508,"caption":"BSS \u2013 Breitenb\u00fccher Streaming Service"},"image":{"@id":"https:\/\/bss-streamingservice.de\/fr\/#\/schema\/logo\/image\/"}}]}},"uagb_featured_image_src":{"full":["https:\/\/bss-streamingservice.de\/wp-content\/uploads\/2026\/05\/BSS-Case-KFZ-Batteriekabel_10A_freigestellt.webp",2048,1365,false],"thumbnail":["https:\/\/bss-streamingservice.de\/wp-content\/uploads\/2026\/05\/BSS-Case-KFZ-Batteriekabel_10A_freigestellt-150x150.webp",150,150,true],"medium":["https:\/\/bss-streamingservice.de\/wp-content\/uploads\/2026\/05\/BSS-Case-KFZ-Batteriekabel_10A_freigestellt-300x200.webp",300,200,true],"medium_large":["https:\/\/bss-streamingservice.de\/wp-content\/uploads\/2026\/05\/BSS-Case-KFZ-Batteriekabel_10A_freigestellt-768x512.webp",768,512,true],"large":["https:\/\/bss-streamingservice.de\/wp-content\/uploads\/2026\/05\/BSS-Case-KFZ-Batteriekabel_10A_freigestellt-1024x683.webp",1024,683,true],"1536x1536":["https:\/\/bss-streamingservice.de\/wp-content\/uploads\/2026\/05\/BSS-Case-KFZ-Batteriekabel_10A_freigestellt-1536x1024.webp",1536,1024,true],"2048x2048":["https:\/\/bss-streamingservice.de\/wp-content\/uploads\/2026\/05\/BSS-Case-KFZ-Batteriekabel_10A_freigestellt.webp",2048,1365,false],"woocommerce_thumbnail":["https:\/\/bss-streamingservice.de\/wp-content\/uploads\/2026\/05\/BSS-Case-KFZ-Batteriekabel_10A_freigestellt-300x300.webp",300,300,true],"woocommerce_single":["https:\/\/bss-streamingservice.de\/wp-content\/uploads\/2026\/05\/BSS-Case-KFZ-Batteriekabel_10A_freigestellt-600x400.webp",600,400,true],"woocommerce_gallery_thumbnail":["https:\/\/bss-streamingservice.de\/wp-content\/uploads\/2026\/05\/BSS-Case-KFZ-Batteriekabel_10A_freigestellt-100x100.webp",100,100,true]},"uagb_author_info":{"display_name":"info@bss-streamingservice.de","author_link":"https:\/\/bss-streamingservice.de\/fr\/author\/"},"uagb_comment_info":0,"uagb_excerpt":"C\u00e2ble de connexion batterie avec prise de voiture (courant max 10A)","_links":{"self":[{"href":"https:\/\/bss-streamingservice.de\/fr\/wp-json\/wp\/v2\/product\/24193","targetHints":{"allow":["GET"]}}],"collection":[{"href":"https:\/\/bss-streamingservice.de\/fr\/wp-json\/wp\/v2\/product"}],"about":[{"href":"https:\/\/bss-streamingservice.de\/fr\/wp-json\/wp\/v2\/types\/product"}],"wp:featuredmedia":[{"embeddable":true,"href":"https:\/\/bss-streamingservice.de\/fr\/wp-json\/wp\/v2\/media\/24195"}],"wp:attachment":[{"href":"https:\/\/bss-streamingservice.de\/fr\/wp-json\/wp\/v2\/media?parent=24193"}],"wp:term":[{"taxonomy":"product_brand","embeddable":true,"href":"https:\/\/bss-streamingservice.de\/fr\/wp-json\/wp\/v2\/product_brand?post=24193"},{"taxonomy":"product_cat","embeddable":true,"href":"https:\/\/bss-streamingservice.de\/fr\/wp-json\/wp\/v2\/product_cat?post=24193"},{"taxonomy":"product_tag","embeddable":true,"href":"https:\/\/bss-streamingservice.de\/fr\/wp-json\/wp\/v2\/product_tag?post=24193"}],"curies":[{"name":"wp","href":"https:\/\/api.w.org\/{rel}","templated":true}]}}